{"id":694,"date":"2023-01-23T14:19:26","date_gmt":"2023-01-23T14:19:26","guid":{"rendered":"https:\/\/puzzle3d.co\/product\/black-cat-copy\/"},"modified":"2025-06-11T19:12:00","modified_gmt":"2025-06-11T19:12:00","slug":"puzzle-mecanico-3d-de-madeira-com-tartaruga","status":"publish","type":"product","link":"https:\/\/puzzle3d.co\/pt\/prodotto\/tartaruga-puzzle-meccanico-3d-in-legno\/","title":{"rendered":"Turtle - Puzzle mec\u00e2nico 3D em madeira, 269 pe\u00e7as"},"content":{"rendered":"<div>\n<p><em><strong>Turtle - Puzzle mec\u00e2nico 3D em madeira, 269 pe\u00e7as<\/strong><\/em><\/p>\n<\/div>\n<div>\n<div>\n<div>O que \u00e9 que sabes sobre a tartaruga?<\/div>\n<div><\/div>\n<div>\u00c9 um dos r\u00e9pteis mais antigos e primitivos, capaz de resistir a qualquer tipo de clima. N\u00e3o se encontra apenas na Ant\u00e1rctida. Mais recentemente, muitas pessoas gostaram tanto dele que o adoptaram como animal de estima\u00e7\u00e3o.<\/div>\n<div><\/div>\n<div>Durante a montagem, experimentar\u00e1 um estado de paz e tranquilidade, adequado para recarregar as suas baterias.<\/div>\n<div><\/div>\n<div>Por fim, acciona o mecanismo e a r\u00e3 mexe-se, vira a cabe\u00e7a para a esquerda e para a direita e olha para ti com carinho.<\/div>\n<div>\u00c9 t\u00e3o bonito que ser\u00e1 dif\u00edcil decidir se o deixar\u00e1 \u00e0 sombra da madeira ou se o pintar\u00e1.<\/div>\n<h2>Prenda para os amantes dos animais<\/h2>\n<div><strong>DETALHES DO PRODUTO:<\/strong><\/div>\n<div>Dimens\u00f5es do modelo: 223*165*116 mm<\/div>\n<div>Tamanho da embalagem: 245*188*30<\/div>\n<div>N\u00famero de pe\u00e7as: 269<\/div>\n<\/div>\n<\/div>","protected":false},"excerpt":{"rendered":"<div>\n<div>Turtle - Puzzle mec\u00e2nico 3D<\/div>\n<div><\/div>\n<div>F\u00e1cil de montar e divertido de brincar! Por fim, ligue o mecanismo e a r\u00e3 mexer-se-\u00e1, virar\u00e1 a cabe\u00e7a para a esquerda e para a direita e olhar\u00e1 para si com carinho.<\/div>\n<\/div>\n<p>&nbsp;<\/p>","protected":false},"featured_media":687,"comment_status":"open","ping_status":"closed","template":"","meta":[],"product_brand":[],"product_cat":[73,76,89,90,91],"product_tag":[],"woo-feed-brand":[],"class_list":{"0":"post-694","1":"product","2":"type-product","3":"status-publish","4":"has-post-thumbnail","6":"product_cat-puzzle-3d","7":"product_cat-puzzle-3d-per-bambini","8":"product_cat-puzzle-meccanici-3d-in-legno","9":"product_cat-puzzle-meccanici-per-bambini","10":"product_cat-puzzle-meccanici-per-adulti","12":"first","13":"instock","14":"shipping-taxable","15":"purchasable","16":"product-type-simple"},"_links":{"self":[{"href":"https:\/\/puzzle3d.co\/pt\/wp-json\/wp\/v2\/product\/694","targetHints":{"allow":["GET"]}}],"collection":[{"href":"https:\/\/puzzle3d.co\/pt\/wp-json\/wp\/v2\/product"}],"about":[{"href":"https:\/\/puzzle3d.co\/pt\/wp-json\/wp\/v2\/types\/product"}],"replies":[{"embeddable":true,"href":"https:\/\/puzzle3d.co\/pt\/wp-json\/wp\/v2\/comments?post=694"}],"wp:featuredmedia":[{"embeddable":true,"href":"https:\/\/puzzle3d.co\/pt\/wp-json\/wp\/v2\/media\/687"}],"wp:attachment":[{"href":"https:\/\/puzzle3d.co\/pt\/wp-json\/wp\/v2\/media?parent=694"}],"wp:term":[{"taxonomy":"product_brand","embeddable":true,"href":"https:\/\/puzzle3d.co\/pt\/wp-json\/wp\/v2\/product_brand?post=694"},{"taxonomy":"product_cat","embeddable":true,"href":"https:\/\/puzzle3d.co\/pt\/wp-json\/wp\/v2\/product_cat?post=694"},{"taxonomy":"product_tag","embeddable":true,"href":"https:\/\/puzzle3d.co\/pt\/wp-json\/wp\/v2\/product_tag?post=694"},{"taxonomy":"woo-feed-brand","embeddable":true,"href":"https:\/\/puzzle3d.co\/pt\/wp-json\/wp\/v2\/woo-feed-brand?post=694"}],"curies":[{"name":"wp","href":"https:\/\/api.w.org\/{rel}","templated":true}]}}