{"id":656,"date":"2023-01-20T13:53:01","date_gmt":"2023-01-20T13:53:01","guid":{"rendered":"https:\/\/puzzle3d.co\/?post_type=product&#038;p=656"},"modified":"2026-01-19T08:45:52","modified_gmt":"2026-01-19T08:45:52","slug":"puzzle-mecanico-de-madeira-3d-gato-branco","status":"publish","type":"product","link":"https:\/\/puzzle3d.co\/pt\/prodotto\/gatto-bianco-puzzle-3d-meccanico-in-legno\/","title":{"rendered":"Gato mec\u00e2nico de madeira branco 3D, 508 pe\u00e7as"},"content":{"rendered":"<div>\n<p class=\"product-title product_title entry-title\"><strong>GATTO Bianco puzzle 3D meccanico in legno &#8211; 508 pezzi<\/strong><\/p>\n<div class=\"flex-1 overflow-hidden\">\n<div class=\"react-scroll-to-bottom--css-rnnyf-79elbk h-full dark:bg-gray-800\">\n<div class=\"react-scroll-to-bottom--css-rnnyf-1n7m0yu\">\n<div class=\"flex flex-col items-center text-sm h-full dark:bg-gray-800\">\n<div class=\"w-full border-b border-black\/10 dark:border-gray-900\/50 text-gray-800 dark:text-gray-100 group bg-gray-50 dark:bg-[#444654]\">\n<div class=\"text-base gap-4 md:gap-6 m-auto md:max-w-2xl lg:max-w-2xl xl:max-w-3xl p-4 md:py-6 flex lg:px-0\">\n<div class=\"relative flex w-[calc(100%-50px)] md:flex-col lg:w-[calc(100%-115px)]\">\n<div class=\"flex flex-grow flex-col gap-3\">\n<div class=\"min-h-[20px] flex flex-col items-start gap-4 whitespace-pre-wrap\">\n<div class=\"markdown prose w-full break-words dark:prose-invert light\"><\/div>\n<\/div>\n<\/div>\n<\/div>\n<\/div>\n<\/div>\n<\/div>\n<\/div>\n<\/div>\n<\/div>\n<\/div>\n<div>\n<div>\n<div>Qualcuno in famiglia vuole un gatto in casa, ma per qualche motivo non \u00e8 possibile?<\/div>\n<div>Con un po&#8217; di fantasia un gatto puzzle entra in casa tua.<\/div>\n<div><\/div>\n<div>Alla fine del processo prende vita: i suoi movimenti sono simili a quelli di un vero gatto: muove le zampe, scodinzola e questo gli far\u00e0 sorridere in pi\u00f9.<\/div>\n<div><\/div>\n<div>Il gatto si muove grazie ad un motore in gomma. Puoi portarla in giro per casa o prenderla in braccio e fare una passeggiata.<\/div>\n<h2>Regalo per gli amanti degli animali<\/h2>\n<div>Puoi sceglierlo nella tonalit\u00e0 del legno o del nero. Con un po&#8217; di vernice e fantasia hai l&#8217;opportunit\u00e0 di rinnovarlo.<\/div>\n<div><\/div>\n<div><strong>DETTAGLI DEL PRODOTTO:<\/strong><\/div>\n<div>Dimensioni del modello: 476\u0445110\u0445189 mm<\/div>\n<div>Dimensioni confezione: 375 x 243 x 30 mm<\/div>\n<div>Numero di pezzi: 508<\/div>\n<\/div>\n<div><\/div>\n<\/div>\n","protected":false},"excerpt":{"rendered":"<div>O gato move-se gra\u00e7as a um motor de borracha. Pode transport\u00e1-lo pela casa ou pegar nele e lev\u00e1-lo a passear.<\/div>","protected":false},"featured_media":672,"comment_status":"open","ping_status":"closed","template":"","meta":{"slim_seo":{"title":"Puzzle mec\u00e2nico de madeira 3D Gato Branco, 508 pe\u00e7as","description":"WHITE CAT 3D puzzle mec\u00e2nico de madeira - Com um pouco de imagina\u00e7\u00e3o, um gato puzzle entra em sua casa. O gato move-se gra\u00e7as a um motor de borracha."}},"product_brand":[],"product_cat":[89,91,90,73,74,76],"product_tag":[],"woo-feed-brand":[],"class_list":{"0":"post-656","1":"product","2":"type-product","3":"status-publish","4":"has-post-thumbnail","6":"product_cat-puzzle-meccanici-3d-in-legno","7":"product_cat-puzzle-meccanici-per-adulti","8":"product_cat-puzzle-meccanici-per-bambini","9":"product_cat-puzzle-3d","10":"product_cat-puzzle-3d-in-legno","11":"product_cat-puzzle-3d-per-bambini","13":"first","14":"instock","15":"shipping-taxable","16":"purchasable","17":"product-type-simple"},"_links":{"self":[{"href":"https:\/\/puzzle3d.co\/pt\/wp-json\/wp\/v2\/product\/656","targetHints":{"allow":["GET"]}}],"collection":[{"href":"https:\/\/puzzle3d.co\/pt\/wp-json\/wp\/v2\/product"}],"about":[{"href":"https:\/\/puzzle3d.co\/pt\/wp-json\/wp\/v2\/types\/product"}],"replies":[{"embeddable":true,"href":"https:\/\/puzzle3d.co\/pt\/wp-json\/wp\/v2\/comments?post=656"}],"wp:featuredmedia":[{"embeddable":true,"href":"https:\/\/puzzle3d.co\/pt\/wp-json\/wp\/v2\/media\/672"}],"wp:attachment":[{"href":"https:\/\/puzzle3d.co\/pt\/wp-json\/wp\/v2\/media?parent=656"}],"wp:term":[{"taxonomy":"product_brand","embeddable":true,"href":"https:\/\/puzzle3d.co\/pt\/wp-json\/wp\/v2\/product_brand?post=656"},{"taxonomy":"product_cat","embeddable":true,"href":"https:\/\/puzzle3d.co\/pt\/wp-json\/wp\/v2\/product_cat?post=656"},{"taxonomy":"product_tag","embeddable":true,"href":"https:\/\/puzzle3d.co\/pt\/wp-json\/wp\/v2\/product_tag?post=656"},{"taxonomy":"woo-feed-brand","embeddable":true,"href":"https:\/\/puzzle3d.co\/pt\/wp-json\/wp\/v2\/woo-feed-brand?post=656"}],"curies":[{"name":"wp","href":"https:\/\/api.w.org\/{rel}","templated":true}]}}