{"id":612,"date":"2023-01-19T15:38:38","date_gmt":"2023-01-19T15:38:38","guid":{"rendered":"https:\/\/puzzle3d.co\/product\/cruiser-copy\/"},"modified":"2026-01-19T09:30:33","modified_gmt":"2026-01-19T09:30:33","slug":"modelo-mecanico-de-trator-em-madeira","status":"publish","type":"product","link":"https:\/\/puzzle3d.co\/pt\/prodotto\/trattore-modello-meccanico-in-legno\/","title":{"rendered":"Modelo mec\u00e2nico de trator em madeira, 596 pe\u00e7as"},"content":{"rendered":"<div>\n<h2 class=\"product-title product_title entry-title\"><strong>Trattore Modello Meccanico da Costruire in legno, 596 pezzi &#8211; KIROVETS K7M<\/strong><\/h2>\n<div class=\"flex-1 overflow-hidden\">\n<div class=\"react-scroll-to-bottom--css-rnnyf-79elbk h-full dark:bg-gray-800\">\n<div class=\"react-scroll-to-bottom--css-rnnyf-1n7m0yu\">\n<div class=\"flex flex-col items-center text-sm h-full dark:bg-gray-800\">\n<div class=\"w-full border-b border-black\/10 dark:border-gray-900\/50 text-gray-800 dark:text-gray-100 group bg-gray-50 dark:bg-[#444654]\">\n<div class=\"text-base gap-4 md:gap-6 m-auto md:max-w-2xl lg:max-w-2xl xl:max-w-3xl p-4 md:py-6 flex lg:px-0\">\n<div class=\"relative flex w-[calc(100%-50px)] md:flex-col lg:w-[calc(100%-115px)]\">\n<div class=\"flex flex-grow flex-col gap-3\">\n<div class=\"min-h-[20px] flex flex-col items-start gap-4 whitespace-pre-wrap\">\n<div class=\"markdown prose w-full break-words dark:prose-invert light\">\n<div>Se c&#8217;\u00e8 un trattore che tutti possono amare, allora \u00e8 il modello KIROVETS.<\/div>\n<div>I 600 pezzi del puzzle sono pi\u00f9 che sufficienti per questo trattore.<\/div>\n<div>Significa circa 8-10 ore di lavoro intenso e piacevole per l&#8217;ideatore, significa il coraggio di portare fino in fondo un grande obiettivo, nonch\u00e9 la soddisfazione garantita del trattore ottenuto alla fine.<\/div>\n<div>Kirovets ha un elastico che lo fa andare avanti e indietro, motore a 6 cilindri, portiere e cofano si aprono e chiudono. Proprio come la sua vera controparte.<\/div>\n<div>Il rimorchio, fornito separatamente, completa il look elegante e potente del trattore.<\/div>\n<div>Se il trattore ha una complessit\u00e0 di 5\/5, il rimorchio \u00e8 pi\u00f9 semplice: 3\/5.<\/div>\n<div><\/div>\n<div>Sapete cosa c&#8217;\u00e8 di bello in questo modello?<\/div>\n<div><\/div>\n<div>Puoi inserirlo nel gioco preferito dei bambini come la fattoria e poi potrai esporlo con gioia nel luogo in cui trascorri pi\u00f9 tempo. \u00c8 sbagliato pensare che si possa decorare una stanza solo con fiori o quadri.<\/div>\n<h2>Regalo apprezzato dagli uomini<\/h2>\n<div>Un trattore meccanico in legno \u00e8 un&#8217;idea molto pi\u00f9 originale.<\/div>\n<div>Prova a usare il taxi per inviare un messaggio alla persona verso cui \u00e8 diretto e nel rimorchio potresti mettere 3 vasetti di erba verde, lavanda essiccata o addirittura cioccolata.<\/div>\n<div><\/div>\n<div style=\"width: 1020px;\" class=\"wp-video\"><video class=\"wp-video-shortcode\" id=\"video-612-1\" width=\"1020\" height=\"574\" preload=\"metadata\" controls=\"controls\"><source type=\"video\/mp4\" src=\"https:\/\/puzzle3d.co\/wp-content\/uploads\/2023\/01\/Kirovets-K-7M.mp4?_=1\" \/><a href=\"https:\/\/puzzle3d.co\/wp-content\/uploads\/2023\/01\/Kirovets-K-7M.mp4\">https:\/\/puzzle3d.co\/wp-content\/uploads\/2023\/01\/Kirovets-K-7M.mp4<\/a><\/video><\/div>\n<\/div>\n<\/div>\n<\/div>\n<\/div>\n<\/div>\n<\/div>\n<\/div>\n<\/div>\n<\/div>\n<\/div>\n<\/div>\n<div>\n<div>\n<div class=\"flex-1 overflow-hidden\">\n<div class=\"react-scroll-to-bottom--css-rnnyf-79elbk h-full dark:bg-gray-800\">\n<div class=\"react-scroll-to-bottom--css-rnnyf-1n7m0yu\">\n<div class=\"flex flex-col items-center text-sm h-full dark:bg-gray-800\">\n<div class=\"w-full border-b border-black\/10 dark:border-gray-900\/50 text-gray-800 dark:text-gray-100 group bg-gray-50 dark:bg-[#444654]\">\n<div class=\"text-base gap-4 md:gap-6 m-auto md:max-w-2xl lg:max-w-2xl xl:max-w-3xl p-4 md:py-6 flex lg:px-0\">\n<div class=\"relative flex w-[calc(100%-50px)] md:flex-col lg:w-[calc(100%-115px)]\"><\/div>\n<\/div>\n<\/div>\n<\/div>\n<\/div>\n<\/div>\n<\/div>\n<\/div>\n<div><strong>DETTAGLI DEL PRODOTTO:<\/strong><br \/>\nDimensioni del modello: 356*228*200 mm<br \/>\nDimensioni confezione: 375 x 243 x 64 mm<br \/>\nNumero di pezzi: 596<\/div>\n<div><\/div>\n<\/div>\n<p><script type=\"application\/ld+json\" data-app=\"seomaster\">\n  {\n    \"@context\": \"https:\/\/schema.org\/\",\n    \"@type\": \"Product\",\n    \"@id\": \"https:\/\/puzzle3d.co\/prodotto\/trattore-modello-meccanico-in-legno\/\",\n    \"url\": \"https:\/\/puzzle3d.co\/prodotto\/trattore-modello-meccanico-in-legno\/\",\n    \"name\": \"Trattore Modello Meccanico in legno, 596 pezzi - KIROVETS K7M\",\n    \"image\": \"https:\/\/puzzle3d.co\/wp-content\/uploads\/2023\/01\/Tractor-Kirovets4w.webp\",\n    \"description\": \"Trattore Modello Meccanico in legno. Un trattore meccanico in legno \u00e8 un'idea molto pi\u00f9 originale. Miglior modelli per appassionati del modellismo\",\n    \"brand\": {\n      \"@type\": \"Brand\",\n      \"name\": \"Puzzle 3D\"\n    },\n    \"aggregateRating\": {\n      \"@type\": \"aggregateRating\",\n      \"bestRating\": \"5\",\n      \"worstRating\": \"1\",\n      \"ratingCount\": \"97\",\n      \"ratingValue\": \"4.8\"\n    }\n  }\n<\/script><\/p>\n","protected":false},"excerpt":{"rendered":"<p>O trator mec\u00e2nico Kirovets - K7M tem um rasto de borracha que o faz andar para a frente e para tr\u00e1s, um motor de 6 cilindros, portas e cap\u00f4 que abrem e fecham. Tal como o seu hom\u00f3logo real.<\/p>","protected":false},"featured_media":617,"comment_status":"open","ping_status":"closed","template":"","meta":{"slim_seo":{"title":"Modelo mec\u00e2nico de trator em madeira, 596 pe\u00e7as. KIROVETS K7M","description":"Modelo de trator mec\u00e2nico em madeira. Um trator mec\u00e2nico de madeira \u00e9 uma ideia muito mais original. Os melhores modelos para os entusiastas do modelismo"}},"product_brand":[],"product_cat":[89,91,73,88,74],"product_tag":[],"woo-feed-brand":[],"class_list":{"0":"post-612","1":"product","2":"type-product","3":"status-publish","4":"has-post-thumbnail","6":"product_cat-puzzle-meccanici-3d-in-legno","7":"product_cat-puzzle-meccanici-per-adulti","8":"product_cat-puzzle-3d","9":"product_cat-puzzle-3d-adulti","10":"product_cat-puzzle-3d-in-legno","12":"first","13":"instock","14":"shipping-taxable","15":"purchasable","16":"product-type-simple"},"_links":{"self":[{"href":"https:\/\/puzzle3d.co\/pt\/wp-json\/wp\/v2\/product\/612","targetHints":{"allow":["GET"]}}],"collection":[{"href":"https:\/\/puzzle3d.co\/pt\/wp-json\/wp\/v2\/product"}],"about":[{"href":"https:\/\/puzzle3d.co\/pt\/wp-json\/wp\/v2\/types\/product"}],"replies":[{"embeddable":true,"href":"https:\/\/puzzle3d.co\/pt\/wp-json\/wp\/v2\/comments?post=612"}],"wp:featuredmedia":[{"embeddable":true,"href":"https:\/\/puzzle3d.co\/pt\/wp-json\/wp\/v2\/media\/617"}],"wp:attachment":[{"href":"https:\/\/puzzle3d.co\/pt\/wp-json\/wp\/v2\/media?parent=612"}],"wp:term":[{"taxonomy":"product_brand","embeddable":true,"href":"https:\/\/puzzle3d.co\/pt\/wp-json\/wp\/v2\/product_brand?post=612"},{"taxonomy":"product_cat","embeddable":true,"href":"https:\/\/puzzle3d.co\/pt\/wp-json\/wp\/v2\/product_cat?post=612"},{"taxonomy":"product_tag","embeddable":true,"href":"https:\/\/puzzle3d.co\/pt\/wp-json\/wp\/v2\/product_tag?post=612"},{"taxonomy":"woo-feed-brand","embeddable":true,"href":"https:\/\/puzzle3d.co\/pt\/wp-json\/wp\/v2\/woo-feed-brand?post=612"}],"curies":[{"name":"wp","href":"https:\/\/api.w.org\/{rel}","templated":true}]}}