{"id":588,"date":"2023-01-18T23:04:09","date_gmt":"2023-01-18T23:04:09","guid":{"rendered":"https:\/\/puzzle3d.co\/?post_type=product&#038;p=588"},"modified":"2025-05-11T08:12:38","modified_gmt":"2025-05-11T08:12:38","slug":"quebra-cabeca-mecanico-3d-de-madeira","status":"publish","type":"product","link":"https:\/\/puzzle3d.co\/pt\/prodotto\/aereo-puzzle-meccanico-3d-in-legno\/","title":{"rendered":"AEREO &#8211; Puzzle Mec\u00e2nico 3D em madeira &#8211; 346 pe\u00e7as"},"content":{"rendered":"<div><strong>AIRCRAFT - Puzzle mec\u00e2nico 3D em madeira, 346 pe\u00e7as<\/strong><\/div>\n<div><\/div>\n<div>Todos os f\u00e3s da aeron\u00e1utica, da tecnologia, da velocidade, da rob\u00f3tica concordar\u00e3o com a afirma\u00e7\u00e3o: \"Este avi\u00e3o \u00e9 realmente maravilhoso!\"<\/div>\n<div><\/div>\n<div>J\u00e1 fez as suas malas? Prepara uma boa dose de caf\u00e9 em gr\u00e3o, porque a viagem \u00e9 longa. Come\u00e7amos a bordo com 346 pe\u00e7as de puzzle e todas elas s\u00e3o feitas de madeira. Se levar um tubo de cola consigo, ser\u00e1 multado. Mas tamb\u00e9m n\u00e3o vai precisar de um. Isto porque todas as pe\u00e7as s\u00e3o t\u00e3o perfeitas que se encaixam perfeitamente e s\u00e3o est\u00e1veis. O motor com el\u00e1stico permite-lhe desfrutar da viagem.<\/div>\n<div><\/div>\n<div>Quem convidas para te acompanhar? N\u00e3o h\u00e1 nenhuma faixa et\u00e1ria ou g\u00e9nero que possa ignorar a constru\u00e7\u00e3o de um avi\u00e3o puzzle mec\u00e2nico. A adrenalina \u00e9 tanta que nos sentamos e pensamos no que \u00e9 melhor: o facto de termos centenas de pe\u00e7as e horas de trabalho pela frente, ou o avi\u00e3o em movimento e a experi\u00eancia \u00fanica que est\u00e1 por detr\u00e1s dele.<\/div>\n<div><\/div>\n<div>Provavelmente est\u00e1 a perguntar-se quantas horas de trabalho s\u00e3o necess\u00e1rias para montar 346 pe\u00e7as. O mais interessante \u00e9 que ningu\u00e9m sabe. Depende de muitos factores: quantos parceiros tem consigo, a sua experi\u00eancia e a deles com puzzles, especialmente mec\u00e2nicos, quantas vezes faz uma pausa e quanto tempo dura. Mas sabemos uma coisa: n\u00e3o te apresses a jogar o mais depressa poss\u00edvel. Estiquem a alegria, porque ainda v\u00e3o chegar ao momento em que ligam o motor.<\/div>\n<div><\/div>\n<div>Durante a edi\u00e7\u00e3o, vai notar como \u00e9 bom concentrar-se, procurar uma pe\u00e7a que acha que j\u00e1 n\u00e3o consegue encontrar, de tal forma que a tem mesmo \u00e0 m\u00e3o. Algumas boas horas de concentra\u00e7\u00e3o far\u00e3o com que o seu c\u00e9rebro trabalhe com os dois hemisf\u00e9rios ao mesmo tempo. Ter\u00e1 uma sensa\u00e7\u00e3o de relaxamento e ser\u00e1 uma boa oportunidade para meditar.<\/div>\n<div><\/div>\n<div>O avi\u00e3o mec\u00e2nico \u00e9 uma alegria para todos os entusiastas de puzzles, mas tamb\u00e9m para aqueles que negligenciaram este passatempo com tantas vantagens. Pode fazer as del\u00edcias de uma crian\u00e7a, de um adulto e at\u00e9 de um idoso que ter\u00e1 vontade de chamar os netos antes de desvendar as pe\u00e7as. N\u00e3o \u00e9 apenas adequado para crian\u00e7as mais pequenas, mas a partir dos 4 anos, tamb\u00e9m elas podem tornar-se parceiros fi\u00e1veis na montagem do avi\u00e3o.<\/div>\n<div><\/div>\n<div>E a partir daqui, pouco resta a um piloto experiente fazer...<\/div>\n<div><\/div>\n<div><strong>DETALHES DO PRODUTO:<\/strong><\/div>\n<div>Dimens\u00f5es do modelo: 420*287*154 mm<\/div>\n<div>Dimens\u00f5es da embalagem: 245*188*38 mm<\/div>\n<div>N\u00famero de pe\u00e7as: 346<\/div>\n<div>Montagem sem cola.<\/div>","protected":false},"excerpt":{"rendered":"<p>Est\u00e1s pronto para voar?<br \/>\nO avi\u00e3o mec\u00e2nico \u00e9 uma alegria para todos os f\u00e3s de voar, de avi\u00f5es e, sobretudo, de puzzles. Queres ter o teu pr\u00f3prio avi\u00e3o? Saiba que \u00e9 mais simples do que imagina.<br \/>\nCom 346 pe\u00e7as de puzzle a bordo, mostra que, com perseveran\u00e7a e paci\u00eancia, \u00e9 poss\u00edvel atingir as alturas. A sua constru\u00e7\u00e3o \u00e9 um verdadeiro desafio para o c\u00e9rebro, que sintetizar\u00e1 dopamina e far\u00e1 com que se divirta tanto com o processo como com o produto final.<\/p>","protected":false},"featured_media":592,"comment_status":"open","ping_status":"closed","template":"","meta":[],"product_brand":[],"product_cat":[73,88,74,76,89,91],"product_tag":[],"woo-feed-brand":[],"class_list":{"0":"post-588","1":"product","2":"type-product","3":"status-publish","4":"has-post-thumbnail","6":"product_cat-puzzle-3d","7":"product_cat-puzzle-3d-adulti","8":"product_cat-puzzle-3d-in-legno","9":"product_cat-puzzle-3d-per-bambini","10":"product_cat-puzzle-meccanici-3d-in-legno","11":"product_cat-puzzle-meccanici-per-adulti","13":"first","14":"instock","15":"shipping-taxable","16":"purchasable","17":"product-type-simple"},"_links":{"self":[{"href":"https:\/\/puzzle3d.co\/pt\/wp-json\/wp\/v2\/product\/588","targetHints":{"allow":["GET"]}}],"collection":[{"href":"https:\/\/puzzle3d.co\/pt\/wp-json\/wp\/v2\/product"}],"about":[{"href":"https:\/\/puzzle3d.co\/pt\/wp-json\/wp\/v2\/types\/product"}],"replies":[{"embeddable":true,"href":"https:\/\/puzzle3d.co\/pt\/wp-json\/wp\/v2\/comments?post=588"}],"wp:featuredmedia":[{"embeddable":true,"href":"https:\/\/puzzle3d.co\/pt\/wp-json\/wp\/v2\/media\/592"}],"wp:attachment":[{"href":"https:\/\/puzzle3d.co\/pt\/wp-json\/wp\/v2\/media?parent=588"}],"wp:term":[{"taxonomy":"product_brand","embeddable":true,"href":"https:\/\/puzzle3d.co\/pt\/wp-json\/wp\/v2\/product_brand?post=588"},{"taxonomy":"product_cat","embeddable":true,"href":"https:\/\/puzzle3d.co\/pt\/wp-json\/wp\/v2\/product_cat?post=588"},{"taxonomy":"product_tag","embeddable":true,"href":"https:\/\/puzzle3d.co\/pt\/wp-json\/wp\/v2\/product_tag?post=588"},{"taxonomy":"woo-feed-brand","embeddable":true,"href":"https:\/\/puzzle3d.co\/pt\/wp-json\/wp\/v2\/woo-feed-brand?post=588"}],"curies":[{"name":"wp","href":"https:\/\/api.w.org\/{rel}","templated":true}]}}