{"id":553,"date":"2023-01-18T11:36:30","date_gmt":"2023-01-18T11:36:30","guid":{"rendered":"https:\/\/puzzle3d.co\/?post_type=product&#038;p=553"},"modified":"2025-05-11T08:10:21","modified_gmt":"2025-05-11T08:10:21","slug":"quebra-cabeca-de-madeira-mapa-mundial-127-pecas","status":"publish","type":"product","link":"https:\/\/puzzle3d.co\/pt\/prodotto\/puzzle-in-legno-mappa-del-mondo-127-pezzi\/","title":{"rendered":"Planisfero em Madeira de Parede \u201cSmoky Dreams\u201d 127 pe\u00e7as, P\/M\/G"},"content":{"rendered":"<div><strong>Planisf\u00e9rio de parede em madeira 'Smoky Dreams' 127 pe\u00e7as<\/strong><\/div>\n<div><\/div>\n<div>Mapa-mundo suspenso em tr\u00eas camadas da EWA Eco-Wood-Art para montagem. A montagem \u00e9 efectuada com cola. A montagem na parede pode ser efectuada com fita adesiva de dupla face. O puzzle e as instru\u00e7\u00f5es de montagem s\u00e3o fornecidos com fita adesiva de dupla face e adesivo. Dispon\u00edvel em 3 tamanhos (S, M, L) e 5 cores (Blue Fantasy, Untouched World, Emerald Planet, Smoky Dreams, Choco World) mediante pedido.<\/div>\n<div><\/div>\n<div><strong>DETALHES DO PRODUTO:<\/strong><\/div>\n<div>Tamanho do modelo L: 1920*1050*12 mm<\/div>\n<div>Dimens\u00f5es do modelo M: 1440*790*12 mm<\/div>\n<div>Dimens\u00f5es do modelo S: 1000*550*12 mm<\/div>\n<div>Dimens\u00f5es da embalagem: 500*385*56 mm<\/div>\n<div><strong>N\u00famero de pe\u00e7as: 127<\/strong><\/div>\n<div><\/div>\n<div><\/div>\n<div>Montagem com cola e fita-cola de dupla face (fornecidas na caixa).<\/div>","protected":false},"excerpt":{"rendered":"<p>Planisf\u00e9rio de parede de madeira suspenso de tr\u00eas camadas EWA Eco-Wood-Art a ser montado.<\/p>","protected":false},"featured_media":567,"comment_status":"open","ping_status":"closed","template":"","meta":[],"product_brand":[],"product_cat":[68],"product_tag":[],"woo-feed-brand":[],"class_list":{"0":"post-553","1":"product","2":"type-product","3":"status-publish","4":"has-post-thumbnail","6":"product_cat-mappamondo-da-parete-in-legno","8":"first","9":"instock","10":"shipping-taxable","11":"purchasable","12":"product-type-variable"},"_links":{"self":[{"href":"https:\/\/puzzle3d.co\/pt\/wp-json\/wp\/v2\/product\/553","targetHints":{"allow":["GET"]}}],"collection":[{"href":"https:\/\/puzzle3d.co\/pt\/wp-json\/wp\/v2\/product"}],"about":[{"href":"https:\/\/puzzle3d.co\/pt\/wp-json\/wp\/v2\/types\/product"}],"replies":[{"embeddable":true,"href":"https:\/\/puzzle3d.co\/pt\/wp-json\/wp\/v2\/comments?post=553"}],"wp:featuredmedia":[{"embeddable":true,"href":"https:\/\/puzzle3d.co\/pt\/wp-json\/wp\/v2\/media\/567"}],"wp:attachment":[{"href":"https:\/\/puzzle3d.co\/pt\/wp-json\/wp\/v2\/media?parent=553"}],"wp:term":[{"taxonomy":"product_brand","embeddable":true,"href":"https:\/\/puzzle3d.co\/pt\/wp-json\/wp\/v2\/product_brand?post=553"},{"taxonomy":"product_cat","embeddable":true,"href":"https:\/\/puzzle3d.co\/pt\/wp-json\/wp\/v2\/product_cat?post=553"},{"taxonomy":"product_tag","embeddable":true,"href":"https:\/\/puzzle3d.co\/pt\/wp-json\/wp\/v2\/product_tag?post=553"},{"taxonomy":"woo-feed-brand","embeddable":true,"href":"https:\/\/puzzle3d.co\/pt\/wp-json\/wp\/v2\/woo-feed-brand?post=553"}],"curies":[{"name":"wp","href":"https:\/\/api.w.org\/{rel}","templated":true}]}}