{"id":541,"date":"2023-01-18T09:13:26","date_gmt":"2023-01-18T09:13:26","guid":{"rendered":"https:\/\/puzzle3d.co\/product\/mapa-lumii-choco-world-copy\/"},"modified":"2025-05-11T08:10:37","modified_gmt":"2025-05-11T08:10:37","slug":"mapa-mundo-em-madeira-suspenso","status":"publish","type":"product","link":"https:\/\/puzzle3d.co\/pt\/prodotto\/planisfero-da-parete\/","title":{"rendered":"Planisf\u00e9rio de parede \"Emerald Planet\" 127 pe\u00e7as"},"content":{"rendered":"<div><strong>Planisf\u00e9rio de madeira suspenso na parede<\/strong><\/div>\n<div><\/div>\n<div>Mapa-mundo suspenso em tr\u00eas camadas da EWA Eco-Wood-Art para montagem. A montagem \u00e9 efectuada com cola. A montagem na parede pode ser efectuada com fita adesiva de dupla face. O puzzle e as instru\u00e7\u00f5es de montagem s\u00e3o fornecidos com fita adesiva de dupla face e adesivo. Dispon\u00edvel em 3 tamanhos (S, M, L) e 5 cores (Blue Fantasy, Untouched World, Emerald Planet, Smoky Dreams, Choco World) mediante pedido.<\/div>\n<div><\/div>\n<div><strong>DETALHES DO PRODUTO:<\/strong><\/div>\n<div>Tamanho do modelo L: 1920*1050*12 mm<\/div>\n<div>Dimens\u00f5es do modelo M: 1440*790*12 mm<\/div>\n<div>Dimens\u00f5es do modelo S: 1000*550*12 mm<\/div>\n<div>Dimens\u00f5es da embalagem: 500*385*56 mm<\/div>\n<div>N\u00famero de pe\u00e7as: 127<\/div>\n<div><\/div>\n<div>Montagem com cola e fita-cola de dupla face (fornecidas na caixa).<\/div>\n<p>{<br \/>\n\"@context\": \"https:\/\/schema.org\/\",<br \/>\n\"@type\": \"Produto\",<br \/>\n\"@id\": \"https:\/\/puzzle3d.co\/prodotto\/planisfero-da-parete\/\",<br \/>\n\"url\": \"https:\/\/puzzle3d.co\/prodotto\/planisfero-da-parete\/\",<br \/>\n\"nome\": \"Planisf\u00e9rio de parede de madeira suspensa com tr\u00eas camadas\",<br \/>\n\"image\": \"https:\/\/puzzle3d.co\/wp-content\/uploads\/2023\/01\/Emerald-Planet1w.webp\",<br \/>\n\"description\": \"Planisf\u00e9rio de parede em madeira suspenso de tr\u00eas camadas para montagem DIY. Puzzle de madeira 'Emerald Planet', 127 pe\u00e7as, dispon\u00edvel em Grande \/ M\u00e9dio \/ Pequeno.\",<br \/>\n\"marca\": {<br \/>\n\"@type\": \"Marca\",<br \/>\n\"nome\": \"Puzzle3D.co\".<br \/>\n},<br \/>\n\"aggregateRating\": {<br \/>\n\"@type\": \"AggregateRating\",<br \/>\n\"bestRating\": \"5\",<br \/>\n\"worstRating\": \"1\",<br \/>\n\"ratingCount\": \"278\",<br \/>\n\"ratingValue\": \"4.8\".<br \/>\n}<br \/>\n}<\/p>","protected":false},"excerpt":{"rendered":"<p>Mapa-mundo suspenso em tr\u00eas camadas da EWA Eco-Wood-Art a ser montado.<\/p>","protected":false},"featured_media":575,"comment_status":"open","ping_status":"closed","template":"","meta":[],"product_brand":[],"product_cat":[68],"product_tag":[],"woo-feed-brand":[],"class_list":{"0":"post-541","1":"product","2":"type-product","3":"status-publish","4":"has-post-thumbnail","6":"product_cat-mappamondo-da-parete-in-legno","8":"first","9":"instock","10":"shipping-taxable","11":"purchasable","12":"product-type-variable"},"_links":{"self":[{"href":"https:\/\/puzzle3d.co\/pt\/wp-json\/wp\/v2\/product\/541","targetHints":{"allow":["GET"]}}],"collection":[{"href":"https:\/\/puzzle3d.co\/pt\/wp-json\/wp\/v2\/product"}],"about":[{"href":"https:\/\/puzzle3d.co\/pt\/wp-json\/wp\/v2\/types\/product"}],"replies":[{"embeddable":true,"href":"https:\/\/puzzle3d.co\/pt\/wp-json\/wp\/v2\/comments?post=541"}],"wp:featuredmedia":[{"embeddable":true,"href":"https:\/\/puzzle3d.co\/pt\/wp-json\/wp\/v2\/media\/575"}],"wp:attachment":[{"href":"https:\/\/puzzle3d.co\/pt\/wp-json\/wp\/v2\/media?parent=541"}],"wp:term":[{"taxonomy":"product_brand","embeddable":true,"href":"https:\/\/puzzle3d.co\/pt\/wp-json\/wp\/v2\/product_brand?post=541"},{"taxonomy":"product_cat","embeddable":true,"href":"https:\/\/puzzle3d.co\/pt\/wp-json\/wp\/v2\/product_cat?post=541"},{"taxonomy":"product_tag","embeddable":true,"href":"https:\/\/puzzle3d.co\/pt\/wp-json\/wp\/v2\/product_tag?post=541"},{"taxonomy":"woo-feed-brand","embeddable":true,"href":"https:\/\/puzzle3d.co\/pt\/wp-json\/wp\/v2\/woo-feed-brand?post=541"}],"curies":[{"name":"wp","href":"https:\/\/api.w.org\/{rel}","templated":true}]}}