{"id":171,"date":"2014-07-06T10:43:57","date_gmt":"2014-07-06T10:43:57","guid":{"rendered":"http:\/\/flatsome.dev\/?post_type=product&#038;p=8263"},"modified":"2025-06-11T18:51:53","modified_gmt":"2025-06-11T18:51:53","slug":"globo-de-parede-em-madeira-2","status":"publish","type":"product","link":"https:\/\/puzzle3d.co\/pt\/prodotto\/mappamondo-legno-parete-in-legno\/","title":{"rendered":"Mapa-mundo 3D em madeira castanha"},"content":{"rendered":"<div><strong>Mapa do Mundo - Puzzle 3D em madeira castanha 'Choco World' 127 pe\u00e7as<\/strong><\/div>\n<div><\/div>\n<div>Globo suspenso em madeira de tr\u00eas camadas da EWA Eco-Wood-Art para montagem. A montagem \u00e9 efectuada com cola. A montagem na parede pode ser efectuada com fita adesiva de dupla face. O puzzle e as instru\u00e7\u00f5es de montagem s\u00e3o fornecidos com fita adesiva de dupla face e adesivo. Dispon\u00edvel em 3 tamanhos (S, M, L) e 5 cores (Blue Fantasy, Untouched World, Emerald Planet, Smoky Dreams, Choco World) mediante pedido.<\/div>\n<div><\/div>\n<div>Montagem com cola e fita-cola de dupla face (fornecidas na caixa).<\/div>","protected":false},"excerpt":{"rendered":"<div>Mapa-mundo suspenso em tr\u00eas camadas para montagem.<\/div>\n<p>&nbsp;<\/p>","protected":false},"featured_media":579,"comment_status":"open","ping_status":"closed","template":"","meta":[],"product_brand":[],"product_cat":[68],"product_tag":[],"woo-feed-brand":[],"class_list":{"0":"post-171","1":"product","2":"type-product","3":"status-publish","4":"has-post-thumbnail","6":"product_cat-mappamondo-da-parete-in-legno","8":"first","9":"outofstock","10":"shipping-taxable","11":"purchasable","12":"product-type-variable"},"_links":{"self":[{"href":"https:\/\/puzzle3d.co\/pt\/wp-json\/wp\/v2\/product\/171","targetHints":{"allow":["GET"]}}],"collection":[{"href":"https:\/\/puzzle3d.co\/pt\/wp-json\/wp\/v2\/product"}],"about":[{"href":"https:\/\/puzzle3d.co\/pt\/wp-json\/wp\/v2\/types\/product"}],"replies":[{"embeddable":true,"href":"https:\/\/puzzle3d.co\/pt\/wp-json\/wp\/v2\/comments?post=171"}],"wp:featuredmedia":[{"embeddable":true,"href":"https:\/\/puzzle3d.co\/pt\/wp-json\/wp\/v2\/media\/579"}],"wp:attachment":[{"href":"https:\/\/puzzle3d.co\/pt\/wp-json\/wp\/v2\/media?parent=171"}],"wp:term":[{"taxonomy":"product_brand","embeddable":true,"href":"https:\/\/puzzle3d.co\/pt\/wp-json\/wp\/v2\/product_brand?post=171"},{"taxonomy":"product_cat","embeddable":true,"href":"https:\/\/puzzle3d.co\/pt\/wp-json\/wp\/v2\/product_cat?post=171"},{"taxonomy":"product_tag","embeddable":true,"href":"https:\/\/puzzle3d.co\/pt\/wp-json\/wp\/v2\/product_tag?post=171"},{"taxonomy":"woo-feed-brand","embeddable":true,"href":"https:\/\/puzzle3d.co\/pt\/wp-json\/wp\/v2\/woo-feed-brand?post=171"}],"curies":[{"name":"wp","href":"https:\/\/api.w.org\/{rel}","templated":true}]}}