{"id":1466,"date":"2023-03-08T12:47:30","date_gmt":"2023-03-08T12:47:30","guid":{"rendered":"https:\/\/puzzle3d.co\/product\/tractor-puzzle-mecanic-din-lemn-358-piese-copy\/"},"modified":"2026-01-19T10:27:03","modified_gmt":"2026-01-19T10:27:03","slug":"puzzle-mecanico-de-madeira-para-tractores-342-pecas","status":"publish","type":"product","link":"https:\/\/puzzle3d.co\/pt\/prodotto\/trattore-puzzle-meccanico-legno-342-pezzi\/","title":{"rendered":"Modelo de trator mec\u00e2nico em madeira para construir - 342 pe\u00e7as"},"content":{"rendered":"<div>\n<p><strong>Trator \u2013  Modelo de trator mec\u00e2nico em madeira para montar \u2013 342 pe\u00e7as<\/strong><\/p>\n<div>\n<div>\u00c9 errado pensar que os tractores s\u00e3o apenas para rapazes e homens.<\/div>\n<div><\/div>\n<div>Depois de montares este modelo, vais perceb\u00ea-lo como uma verdadeira obra de arte. E o material de que s\u00e3o feitas as pe\u00e7as do puzzle, a madeira, mostrar-lhe-\u00e1 o seu verdadeiro valor.<\/div>\n<div><\/div>\n<div>O motor com o el\u00e1stico permite a sua desloca\u00e7\u00e3o, a abertura das portas e do capot. O trator fica ainda melhor ao lado do reboque, que est\u00e1 dispon\u00edvel como modelo separado.<\/div>\n<div><\/div>\n<div>\u00c9 facilmente fixado ao trator atrav\u00e9s de um gancho e, com a ajuda de uma alavanca, abre-se exatamente como um reboque verdadeiro.<\/div>\n<div><\/div>\n<div>\u00c9 um presente vers\u00e1til que ser\u00e1 apreciado tanto por uma crian\u00e7a como por um adulto. Este modelo vai fascinar todos os amantes de puzzles e de trabalhos manuais.<\/div>\n<div><\/div>\n<div>O conjunto \u00e9 esteticamente agrad\u00e1vel e pode ser um objeto de decora\u00e7\u00e3o original. Encha o atrelado com erva, ramos, gr\u00e3os de caf\u00e9 ou o que lhe vier \u00e0 cabe\u00e7a.<\/div>\n<div><\/div>\n<div>As crian\u00e7as v\u00e3o adorar o trator e o atrelado do muito apreciado jogo \"A Quinta\", mas tamb\u00e9m v\u00e3o inventar novos jogos.<\/div>\n<div>Depois, monte, brinque, admire e crie mem\u00f3rias \u00e0 volta do trator e do reboque.<\/div>\n<div><\/div>\n<div><\/div>\n<div><strong>DETALHES DO PRODUTO:<\/strong><\/div>\n<div>Dimens\u00f5es do modelo: 282*136*175 mm<\/div>\n<div>Dimens\u00f5es da embalagem: 375 x 243 x 30 mm<\/div>\n<div>N\u00famero de pe\u00e7as: 342<\/div>\n<\/div>\n<\/div>","protected":false},"excerpt":{"rendered":"<p>O motor com el\u00e1stico permite desloc\u00e1-lo, abrir as portas e o capot.<\/p>","protected":false},"featured_media":1469,"comment_status":"open","ping_status":"closed","template":"","meta":[],"product_brand":[],"product_cat":[73,108,88,74,76,89,90,91],"product_tag":[],"woo-feed-brand":[],"class_list":{"0":"post-1466","1":"product","2":"type-product","3":"status-publish","4":"has-post-thumbnail","6":"product_cat-puzzle-3d","7":"product_cat-modellismo-da-costruire-per-adulti","8":"product_cat-puzzle-3d-adulti","9":"product_cat-puzzle-3d-in-legno","10":"product_cat-puzzle-3d-per-bambini","11":"product_cat-puzzle-meccanici-3d-in-legno","12":"product_cat-puzzle-meccanici-per-bambini","13":"product_cat-puzzle-meccanici-per-adulti","15":"first","16":"instock","17":"shipping-taxable","18":"purchasable","19":"product-type-simple"},"_links":{"self":[{"href":"https:\/\/puzzle3d.co\/pt\/wp-json\/wp\/v2\/product\/1466","targetHints":{"allow":["GET"]}}],"collection":[{"href":"https:\/\/puzzle3d.co\/pt\/wp-json\/wp\/v2\/product"}],"about":[{"href":"https:\/\/puzzle3d.co\/pt\/wp-json\/wp\/v2\/types\/product"}],"replies":[{"embeddable":true,"href":"https:\/\/puzzle3d.co\/pt\/wp-json\/wp\/v2\/comments?post=1466"}],"wp:featuredmedia":[{"embeddable":true,"href":"https:\/\/puzzle3d.co\/pt\/wp-json\/wp\/v2\/media\/1469"}],"wp:attachment":[{"href":"https:\/\/puzzle3d.co\/pt\/wp-json\/wp\/v2\/media?parent=1466"}],"wp:term":[{"taxonomy":"product_brand","embeddable":true,"href":"https:\/\/puzzle3d.co\/pt\/wp-json\/wp\/v2\/product_brand?post=1466"},{"taxonomy":"product_cat","embeddable":true,"href":"https:\/\/puzzle3d.co\/pt\/wp-json\/wp\/v2\/product_cat?post=1466"},{"taxonomy":"product_tag","embeddable":true,"href":"https:\/\/puzzle3d.co\/pt\/wp-json\/wp\/v2\/product_tag?post=1466"},{"taxonomy":"woo-feed-brand","embeddable":true,"href":"https:\/\/puzzle3d.co\/pt\/wp-json\/wp\/v2\/woo-feed-brand?post=1466"}],"curies":[{"name":"wp","href":"https:\/\/api.w.org\/{rel}","templated":true}]}}