{"id":1454,"date":"2023-03-08T11:51:26","date_gmt":"2023-03-08T11:51:26","guid":{"rendered":"https:\/\/puzzle3d.co\/product\/angrenajul-planetar-puzzle-mecanic-din-lemn-153-piese-copy\/"},"modified":"2026-01-02T05:29:01","modified_gmt":"2026-01-02T05:29:01","slug":"puzzle-mecanico-de-madeira-para-tractores-358-pecas","status":"publish","type":"product","link":"https:\/\/puzzle3d.co\/pt\/prodotto\/trattore-puzzle-meccanico-in-legno-358-pezzi\/","title":{"rendered":"Trator - Puzzle mec\u00e2nico em madeira, 358 pe\u00e7as"},"content":{"rendered":"<div>\n<p><strong>Model Trator - Puzzle mec\u00e2nico em madeira, 358 pe\u00e7as<\/strong><\/p>\n<div><\/div>\n<\/div>\n<div>\n<div>\n<div>De manh\u00e3 cedo, muito antes do amanhecer, o agricultor liga o trator.<\/div>\n<div><\/div>\n<div>Ele sabe que o trator \u00e9 essencial para o seu trabalho e para poder sustentar a sua quinta e a sua fam\u00edlia. O seu som estridente acorda as crian\u00e7as que ainda est\u00e3o a sonhar com coelhinhos, mas depressa voltam a adormecer.<\/div>\n<div><\/div>\n<div>\u00c0 medida que o trator se afasta em dire\u00e7\u00e3o \u00e0 quinta, o barulho do motor e das rodas, misturado com o cheiro a gas\u00f3leo, ainda se ouve da casa.<\/div>\n<div><\/div>\n<div>\u00c0 beira de um campo de trigo recentemente semeado, a quinta ganha vida. Aqui, o barulho do trator j\u00e1 se misturava com o chilrear dos p\u00e1ssaros e a mensagem de bom dia dos queridos animais, criando uma harmonia especial.<\/div>\n<div><\/div>\n<div>Depois de ter alimentado os animais, o agricultor segue com o trator atr\u00e1s e regressa \u00e0 estrada rural. Dirige-se agora para outro campo que semeou com muito amor. Nesse campo crescer\u00e1 milho. O agricultor est\u00e1 grato ao seu trator porque pode alimentar a sua fam\u00edlia e os animais da quinta.<\/div>\n<div><\/div>\n<div>O trator pode assim ser visto como um elemento da tecnologia moderna que interage com a natureza de uma forma amig\u00e1vel, adaptando-se \u00e0s necessidades do homem e dos animais.<\/div>\n<div><\/div>\n<div>Este maravilhoso trator composto por 358 pe\u00e7as de madeira far\u00e1 as del\u00edcias de todos os amantes de ve\u00edculos, puzzles e f\u00e3s da vida no campo.<\/div>\n<div><\/div>\n<div>As crian\u00e7as v\u00e3o integr\u00e1-lo com todo o gosto nos seus jogos de constru\u00e7\u00e3o ou de quinta.<\/div>\n<div><\/div>\n<div>\u00c9 como um verdadeiro trator em miniatura. Ainda mais bonito, se nos referirmos \u00e0 madeira de que \u00e9 feito. O trator move-se para a frente e para tr\u00e1s e as rodas podem rodar da direita para a esquerda. O capot abre-se e podem ver-se os quatro cilindros que transformam a energia t\u00e9rmica em energia mec\u00e2nica. As portas tamb\u00e9m se abrem e a entrada no trator \u00e9 facilitada pelas escadas. O sal\u00e3o \u00e9 inspirado em modelos reais, pelo que \u00e9 imposs\u00edvel n\u00e3o se apaixonar por este modelo. O ponto alto ser\u00e1 o arranque do trator com o motor de borracha. Coloque um chocolate gourmet no sal\u00e3o e envie-o a um ente querido atrav\u00e9s do ve\u00edculo.<\/div>\n<div><\/div>\n<div>\u00c9 um belo objeto de decora\u00e7\u00e3o para o quarto das crian\u00e7as, mas tamb\u00e9m para a sala de estar ou para o escrit\u00f3rio. Atrair\u00e1 as aten\u00e7\u00f5es e n\u00e3o durar\u00e1 muito tempo sem ser aceso.<\/div>\n<div><\/div>\n<div>Monte-o com o seu filho, fam\u00edlia ou amigos para uma experi\u00eancia ainda melhor!<\/div>\n<div><\/div>\n<div><strong>DETALHES DO PRODUTO:<\/strong><\/div>\n<div>Dimens\u00f5es do modelo: 315*173*207 mm<\/div>\n<div>Dimens\u00f5es da embalagem: 375 x 243 x 43 mm<\/div>\n<div><strong>N\u00famero de pe\u00e7as: 358<\/strong><\/div>\n<\/div>\n<div><\/div>\n<\/div>","protected":false},"excerpt":{"rendered":"<p>\u00c9 como um verdadeiro trator em miniatura. Ainda mais bonito, se nos referirmos \u00e0 madeira de que \u00e9 feito.<\/p>","protected":false},"featured_media":1457,"comment_status":"open","ping_status":"closed","template":"","meta":[],"product_brand":[],"product_cat":[73,88,74,76,89,90,91],"product_tag":[],"woo-feed-brand":[],"class_list":{"0":"post-1454","1":"product","2":"type-product","3":"status-publish","4":"has-post-thumbnail","6":"product_cat-puzzle-3d","7":"product_cat-puzzle-3d-adulti","8":"product_cat-puzzle-3d-in-legno","9":"product_cat-puzzle-3d-per-bambini","10":"product_cat-puzzle-meccanici-3d-in-legno","11":"product_cat-puzzle-meccanici-per-bambini","12":"product_cat-puzzle-meccanici-per-adulti","14":"first","15":"instock","16":"shipping-taxable","17":"purchasable","18":"product-type-simple"},"_links":{"self":[{"href":"https:\/\/puzzle3d.co\/pt\/wp-json\/wp\/v2\/product\/1454","targetHints":{"allow":["GET"]}}],"collection":[{"href":"https:\/\/puzzle3d.co\/pt\/wp-json\/wp\/v2\/product"}],"about":[{"href":"https:\/\/puzzle3d.co\/pt\/wp-json\/wp\/v2\/types\/product"}],"replies":[{"embeddable":true,"href":"https:\/\/puzzle3d.co\/pt\/wp-json\/wp\/v2\/comments?post=1454"}],"wp:featuredmedia":[{"embeddable":true,"href":"https:\/\/puzzle3d.co\/pt\/wp-json\/wp\/v2\/media\/1457"}],"wp:attachment":[{"href":"https:\/\/puzzle3d.co\/pt\/wp-json\/wp\/v2\/media?parent=1454"}],"wp:term":[{"taxonomy":"product_brand","embeddable":true,"href":"https:\/\/puzzle3d.co\/pt\/wp-json\/wp\/v2\/product_brand?post=1454"},{"taxonomy":"product_cat","embeddable":true,"href":"https:\/\/puzzle3d.co\/pt\/wp-json\/wp\/v2\/product_cat?post=1454"},{"taxonomy":"product_tag","embeddable":true,"href":"https:\/\/puzzle3d.co\/pt\/wp-json\/wp\/v2\/product_tag?post=1454"},{"taxonomy":"woo-feed-brand","embeddable":true,"href":"https:\/\/puzzle3d.co\/pt\/wp-json\/wp\/v2\/woo-feed-brand?post=1454"}],"curies":[{"name":"wp","href":"https:\/\/api.w.org\/{rel}","templated":true}]}}