{"id":1441,"date":"2023-03-08T11:10:44","date_gmt":"2023-03-08T11:10:44","guid":{"rendered":"https:\/\/puzzle3d.co\/product\/triceratops-puzzle-mecanic-din-lemn-283-piese-copy\/"},"modified":"2026-01-19T16:26:02","modified_gmt":"2026-01-19T16:26:02","slug":"engrenagem-planetaria-puzzle-mecanico-madeira-153-pecas","status":"publish","type":"product","link":"https:\/\/puzzle3d.co\/pt\/prodotto\/ingranaggio-planetario-puzzle-meccanico-legno-153-pezzi\/","title":{"rendered":"Puzzle mec\u00e2nico de madeira com engrenagem planet\u00e1ria, 153 pe\u00e7as"},"content":{"rendered":"<div>\n<p>Puzzle mec\u00e2nico de madeira com engrenagem planet\u00e1ria, 153 pe\u00e7as<\/p>\n<div>\n<div>Como compreender mais facilmente aspectos dif\u00edceis da geometria e da f\u00edsica?<\/div>\n<div><\/div>\n<div>E a rela\u00e7\u00e3o espacial entre os objectos?<\/div>\n<div><\/div>\n<div>Eu sei que parece complicado, mas com engrenagens planet\u00e1rias torna-se simples e divertido.<\/div>\n<div><\/div>\n<div>O equipamento \u00e9 fornecido com instru\u00e7\u00f5es claras e 153 pe\u00e7as de madeira de diferentes formas e tamanhos. A sua montagem ser\u00e1 fascinante e, \u00e0 medida que o modelo \"ganha vida\", aguardar\u00e1s ansiosamente o momento em que poder\u00e1s ligar o motor de borracha.<\/div>\n<div><\/div>\n<div>Al\u00e9m disso, as engrenagens podem ser uma forma de aprender sobre m\u00e1quinas e dispositivos mec\u00e2nicos que funcionam com base numa s\u00e9rie de engrenagens que giram em torno de uma grande roda central.<\/div>\n<div><\/div>\n<div>Nem imagina quantas vezes interage com uma engrenagem na sua vida quotidiana:<\/div>\n<div><\/div>\n<ul>\n<li>A caixa de velocidades muda de acordo com a mudan\u00e7a;<\/li>\n<li>Com base nele, a pot\u00eancia \u00e9 transmitida dos pedais para as rodas quando se anda de bicicleta;<\/li>\n<li>V\u00e1rias m\u00e1quinas industriais arrancam motores, bombas e compressores com este mecanismo;<\/li>\n<li>As m\u00e1quinas agr\u00edcolas e de constru\u00e7\u00e3o, como os bulldozers, as escavadoras, as ceifeiras-debulhadoras, os tractores e os semeadores, n\u00e3o podem funcionar sem ferramentas.<\/li>\n<\/ul>\n<div><\/div>\n<div>\u00c9 interessante notar que as engrenagens de madeira, utilizadas para a transmiss\u00e3o de energia em bombas de \u00e1gua e na metalurgia, datam de 3000 a.C.<\/div>\n<div><\/div>\n<div>Um dos primeiros cientistas que come\u00e7ou a estudar e a compreender o funcionamento das engrenagens foi Leonardo da Vinci, no s\u00e9culo XV. Ele desenvolveu diferentes tipos de engrenagens e notou que elas funcionam de forma muito mais eficiente quando s\u00e3o compostas por v\u00e1rios dentes.<\/div>\n<div><\/div>\n<div>Puzzle 3Dobservou, no entanto, que nas equipas com pessoas queridas, o equipamento \u00e9 montado de forma mais eficiente e interessante: onde h\u00e1 muitos, a pot\u00eancia aumenta!<\/div>\n<div><\/div>\n<div>\u00c9 um presente perfeito para crian\u00e7as em idade escolar, mas tamb\u00e9m para adultos, especialmente professores. Especialmente se a pessoa for apaixonada por engenharia, f\u00edsica, matem\u00e1tica ou simplesmente por puzzles.<\/div>\n<div><\/div>\n<div>Ap\u00f3s a montagem, pode desfrutar de uma bela pe\u00e7a de decora\u00e7\u00e3o para a sua casa ou escrit\u00f3rio que ir\u00e1 atrair a aten\u00e7\u00e3o.<\/div>\n<div><\/div>\n<div><\/div>\n<div>DETALHES DO PRODUTO:<\/div>\n<div>Dimens\u00f5es do modelo: 247*118*204 mm<\/div>\n<div>Dimens\u00f5es da embalagem: 245*188*30 mm<\/div>\n<div>N\u00famero de pe\u00e7as: 153<\/div>\n<\/div>\n<\/div>\n<div>\n<div><\/div>\n<\/div>","protected":false},"excerpt":{"rendered":"<div>O equipamento \u00e9 fornecido com instru\u00e7\u00f5es claras e 153 pe\u00e7as de madeira de diferentes formas e tamanhos. A sua montagem ser\u00e1 fascinante e, \u00e0 medida que o modelo \"ganha vida\", aguardar\u00e1s ansiosamente o momento em que poder\u00e1s ligar o motor de borracha.<\/div>\n<p>&nbsp;<\/p>","protected":false},"featured_media":1447,"comment_status":"open","ping_status":"closed","template":"","meta":[],"product_brand":[],"product_cat":[73,88,74,76,89,90,91],"product_tag":[],"woo-feed-brand":[],"class_list":{"0":"post-1441","1":"product","2":"type-product","3":"status-publish","4":"has-post-thumbnail","6":"product_cat-puzzle-3d","7":"product_cat-puzzle-3d-adulti","8":"product_cat-puzzle-3d-in-legno","9":"product_cat-puzzle-3d-per-bambini","10":"product_cat-puzzle-meccanici-3d-in-legno","11":"product_cat-puzzle-meccanici-per-bambini","12":"product_cat-puzzle-meccanici-per-adulti","14":"first","15":"instock","16":"shipping-taxable","17":"purchasable","18":"product-type-simple"},"_links":{"self":[{"href":"https:\/\/puzzle3d.co\/pt\/wp-json\/wp\/v2\/product\/1441","targetHints":{"allow":["GET"]}}],"collection":[{"href":"https:\/\/puzzle3d.co\/pt\/wp-json\/wp\/v2\/product"}],"about":[{"href":"https:\/\/puzzle3d.co\/pt\/wp-json\/wp\/v2\/types\/product"}],"replies":[{"embeddable":true,"href":"https:\/\/puzzle3d.co\/pt\/wp-json\/wp\/v2\/comments?post=1441"}],"wp:featuredmedia":[{"embeddable":true,"href":"https:\/\/puzzle3d.co\/pt\/wp-json\/wp\/v2\/media\/1447"}],"wp:attachment":[{"href":"https:\/\/puzzle3d.co\/pt\/wp-json\/wp\/v2\/media?parent=1441"}],"wp:term":[{"taxonomy":"product_brand","embeddable":true,"href":"https:\/\/puzzle3d.co\/pt\/wp-json\/wp\/v2\/product_brand?post=1441"},{"taxonomy":"product_cat","embeddable":true,"href":"https:\/\/puzzle3d.co\/pt\/wp-json\/wp\/v2\/product_cat?post=1441"},{"taxonomy":"product_tag","embeddable":true,"href":"https:\/\/puzzle3d.co\/pt\/wp-json\/wp\/v2\/product_tag?post=1441"},{"taxonomy":"woo-feed-brand","embeddable":true,"href":"https:\/\/puzzle3d.co\/pt\/wp-json\/wp\/v2\/woo-feed-brand?post=1441"}],"curies":[{"name":"wp","href":"https:\/\/api.w.org\/{rel}","templated":true}]}}