{"id":1431,"date":"2023-03-08T10:39:32","date_gmt":"2023-03-08T10:39:32","guid":{"rendered":"https:\/\/puzzle3d.co\/product\/pasare-puzzle-3d-mecanic-copy\/"},"modified":"2026-01-02T05:29:01","modified_gmt":"2026-01-02T05:29:01","slug":"puzzle-mecanico-de-madeira-para-triceratops","status":"publish","type":"product","link":"https:\/\/puzzle3d.co\/pt\/prodotto\/triceratopo-puzzle-meccanico-in-legno\/","title":{"rendered":"Triceratops Dinossauro Modelo mec\u00e2nico em madeira - 283 pe\u00e7as"},"content":{"rendered":"<div>\n<p><strong>Triceratops Dinossauro Modelo mec\u00e2nico em madeira<\/strong> \u2013 <strong>283 pe\u00e7as<\/strong><\/p>\n<div><\/div>\n<\/div>\n<div>\n<div>\n<div>H\u00e1 cerca de 65-68 milh\u00f5es de anos, uma esp\u00e9cie de dinossauro herb\u00edvoro com tr\u00eas cornos na cara - o triceratops - ainda vivia no continente norte-americano.<\/div>\n<div><\/div>\n<div>H\u00e1 mais de 100 anos que se estuda a causa da extin\u00e7\u00e3o dos dinossauros. Existem apenas hip\u00f3teses como infec\u00e7\u00f5es \u00f3sseas, problemas gen\u00e9ticos, o asteroide que atingiu a Terra h\u00e1 65 milh\u00f5es de anos ou a erup\u00e7\u00e3o vulc\u00e2nica maci\u00e7a.<\/div>\n<div><\/div>\n<div>Ainda hoje, os dinossauros continuam a interessar tanto as crian\u00e7as como os adultos.<\/div>\n<div>Agora tem a oportunidade de montar um e p\u00f4-lo a funcionar.<\/div>\n<div><\/div>\n<div>O teu amigo pr\u00e9-hist\u00f3rico pode mexer a cabe\u00e7a, a cauda e as pernas.<\/div>\n<div><\/div>\n<div>Os designers estudaram cuidadosamente a anatomia e certificaram-se de que todas as articula\u00e7\u00f5es e movimentos se assemelhavam aos do verdadeiro triceratops.<\/div>\n<div><\/div>\n<div><\/div>\n<div><strong>DETALHES DO PRODUTO:<\/strong><\/div>\n<div>Dimens\u00f5es do modelo: 320*160*105 mm<\/div>\n<div>Dimens\u00f5es da embalagem: 245*188*33 mm<\/div>\n<div>N\u00famero de pe\u00e7as: 283<\/div>\n<\/div>\n<div><\/div>\n<\/div>","protected":false},"excerpt":{"rendered":"<div>Ainda hoje, os dinossauros continuam a interessar tanto as crian\u00e7as como os adultos.<br \/>\nAgora tem a oportunidade de montar um e p\u00f4-lo a funcionar.<\/div>\n<p>&nbsp;<\/p>","protected":false},"featured_media":1437,"comment_status":"open","ping_status":"closed","template":"","meta":{"slim_seo":{"title":"Triceratops Dinosaur Modelo mec\u00e2nico em madeira - 283 pe\u00e7as","description":"Ainda hoje, os dinossauros Triceratops continuam a interessar crian\u00e7as e adultos. Agora tem a oportunidade de montar um e p\u00f4-lo em movimento."}},"product_brand":[],"product_cat":[89,91,90,73,88,74,76],"product_tag":[],"woo-feed-brand":[],"class_list":{"0":"post-1431","1":"product","2":"type-product","3":"status-publish","4":"has-post-thumbnail","6":"product_cat-puzzle-meccanici-3d-in-legno","7":"product_cat-puzzle-meccanici-per-adulti","8":"product_cat-puzzle-meccanici-per-bambini","9":"product_cat-puzzle-3d","10":"product_cat-puzzle-3d-adulti","11":"product_cat-puzzle-3d-in-legno","12":"product_cat-puzzle-3d-per-bambini","14":"first","15":"outofstock","16":"shipping-taxable","17":"purchasable","18":"product-type-simple"},"_links":{"self":[{"href":"https:\/\/puzzle3d.co\/pt\/wp-json\/wp\/v2\/product\/1431","targetHints":{"allow":["GET"]}}],"collection":[{"href":"https:\/\/puzzle3d.co\/pt\/wp-json\/wp\/v2\/product"}],"about":[{"href":"https:\/\/puzzle3d.co\/pt\/wp-json\/wp\/v2\/types\/product"}],"replies":[{"embeddable":true,"href":"https:\/\/puzzle3d.co\/pt\/wp-json\/wp\/v2\/comments?post=1431"}],"wp:featuredmedia":[{"embeddable":true,"href":"https:\/\/puzzle3d.co\/pt\/wp-json\/wp\/v2\/media\/1437"}],"wp:attachment":[{"href":"https:\/\/puzzle3d.co\/pt\/wp-json\/wp\/v2\/media?parent=1431"}],"wp:term":[{"taxonomy":"product_brand","embeddable":true,"href":"https:\/\/puzzle3d.co\/pt\/wp-json\/wp\/v2\/product_brand?post=1431"},{"taxonomy":"product_cat","embeddable":true,"href":"https:\/\/puzzle3d.co\/pt\/wp-json\/wp\/v2\/product_cat?post=1431"},{"taxonomy":"product_tag","embeddable":true,"href":"https:\/\/puzzle3d.co\/pt\/wp-json\/wp\/v2\/product_tag?post=1431"},{"taxonomy":"woo-feed-brand","embeddable":true,"href":"https:\/\/puzzle3d.co\/pt\/wp-json\/wp\/v2\/woo-feed-brand?post=1431"}],"curies":[{"name":"wp","href":"https:\/\/api.w.org\/{rel}","templated":true}]}}