{"id":1423,"date":"2023-03-08T09:40:19","date_gmt":"2023-03-08T09:40:19","guid":{"rendered":"https:\/\/puzzle3d.co\/product\/retro-car-puzzle-3d-mecanic-copy\/"},"modified":"2026-01-02T05:29:01","modified_gmt":"2026-01-02T05:29:01","slug":"puzzle-mecanico-de-madeira-para-passaros","status":"publish","type":"product","link":"https:\/\/puzzle3d.co\/pt\/prodotto\/uccello-puzzle-meccanico-in-legno\/","title":{"rendered":"Caixa para palitos de madeira para p\u00e1ssaros - 37 pe\u00e7as"},"content":{"rendered":"<p><strong>P\u00e1ssaro - Caixa de madeira para palitos - 37 pe\u00e7as<\/strong><\/p>\n<div>\n<div>Pequenos pormenores fazem uma grande diferen\u00e7a!<\/div>\n<div><\/div>\n<div>Porque \u00e9 que gostamos de escolher os recipientes para ch\u00e1 e caf\u00e9 mais bonitos?<\/div>\n<div>Porque faz as del\u00edcias dos nossos olhos e da nossa alma. Escolha a originalidade na cozinha e na sua mesa com uma caixa especial para palitos de dentes, decorada com um p\u00e1ssaro. Tamb\u00e9m pode guardar outros objectos pequenos, como an\u00e9is, moedas ou bilhetes de amor.<\/div>\n<div><\/div>\n<div>Pode deix\u00e1-la da cor da madeira ou pint\u00e1-la para combinar com a decora\u00e7\u00e3o da sua casa. Pode coloc\u00e1-lo no terra\u00e7o na primavera.<\/div>\n<div>Sim, n\u00e3o se pode fazer a primavera com apenas um p\u00e1ssaro, mas com este maravilhoso puzzle pode criar um belo objeto que o far\u00e1 sentir a primavera sempre que o admirar. Provavelmente o presente mais adequado para todas as m\u00e3es e av\u00f3s cujos filhos cresceram e voaram para o ninho...<\/div>\n<div><\/div>\n<div><strong>DETALHES DO PRODUTO:<\/strong><\/div>\n<div>Dimens\u00f5es do modelo: 125*80*140 mm<\/div>\n<div>Dimens\u00f5es da embalagem: 190 x 123 x 19 mm<\/div>\n<div>N\u00famero de pe\u00e7as: 38<\/div>\n<\/div>","protected":false},"excerpt":{"rendered":"<div>Escolha a originalidade na cozinha e na sua mesa com uma caixa de palitos especial, decorada com um p\u00e1ssaro.<\/div>\n<p>&nbsp;<\/p>","protected":false},"featured_media":1427,"comment_status":"open","ping_status":"closed","template":"","meta":[],"product_brand":[],"product_cat":[73,88,74,76,89,90,91],"product_tag":[],"woo-feed-brand":[],"class_list":{"0":"post-1423","1":"product","2":"type-product","3":"status-publish","4":"has-post-thumbnail","6":"product_cat-puzzle-3d","7":"product_cat-puzzle-3d-adulti","8":"product_cat-puzzle-3d-in-legno","9":"product_cat-puzzle-3d-per-bambini","10":"product_cat-puzzle-meccanici-3d-in-legno","11":"product_cat-puzzle-meccanici-per-bambini","12":"product_cat-puzzle-meccanici-per-adulti","14":"first","15":"instock","16":"shipping-taxable","17":"purchasable","18":"product-type-simple"},"_links":{"self":[{"href":"https:\/\/puzzle3d.co\/pt\/wp-json\/wp\/v2\/product\/1423","targetHints":{"allow":["GET"]}}],"collection":[{"href":"https:\/\/puzzle3d.co\/pt\/wp-json\/wp\/v2\/product"}],"about":[{"href":"https:\/\/puzzle3d.co\/pt\/wp-json\/wp\/v2\/types\/product"}],"replies":[{"embeddable":true,"href":"https:\/\/puzzle3d.co\/pt\/wp-json\/wp\/v2\/comments?post=1423"}],"wp:featuredmedia":[{"embeddable":true,"href":"https:\/\/puzzle3d.co\/pt\/wp-json\/wp\/v2\/media\/1427"}],"wp:attachment":[{"href":"https:\/\/puzzle3d.co\/pt\/wp-json\/wp\/v2\/media?parent=1423"}],"wp:term":[{"taxonomy":"product_brand","embeddable":true,"href":"https:\/\/puzzle3d.co\/pt\/wp-json\/wp\/v2\/product_brand?post=1423"},{"taxonomy":"product_cat","embeddable":true,"href":"https:\/\/puzzle3d.co\/pt\/wp-json\/wp\/v2\/product_cat?post=1423"},{"taxonomy":"product_tag","embeddable":true,"href":"https:\/\/puzzle3d.co\/pt\/wp-json\/wp\/v2\/product_tag?post=1423"},{"taxonomy":"woo-feed-brand","embeddable":true,"href":"https:\/\/puzzle3d.co\/pt\/wp-json\/wp\/v2\/woo-feed-brand?post=1423"}],"curies":[{"name":"wp","href":"https:\/\/api.w.org\/{rel}","templated":true}]}}