{"id":1184,"date":"2023-02-06T10:42:01","date_gmt":"2023-02-06T10:42:01","guid":{"rendered":"https:\/\/puzzle3d.co\/product\/locomotiva-puzzle-3d-mecanic-copy\/"},"modified":"2026-03-27T20:03:28","modified_gmt":"2026-03-27T20:03:28","slug":"modelismo-carro-retro-mecanico","status":"publish","type":"product","link":"https:\/\/puzzle3d.co\/pt\/prodotto\/modellismo-auto-retro-meccanico\/","title":{"rendered":"Modelo de carro mec\u00e2nico retro em madeira, 315 pe\u00e7as"},"content":{"rendered":"<div>\n<p><strong>Modelo de carro mec\u00e2nico retro em madeira, 315 pe\u00e7as<\/strong><\/p>\n<div>Apesar de vivermos na era da velocidade, em que os carros potentes s\u00e3o cada vez mais procurados, certamente ningu\u00e9m recusaria uma viagem num carro retro.<\/div>\n<\/div>\n<div>\n<div>\n<div><\/div>\n<div>O que \u00e9 que chama a aten\u00e7\u00e3o quando se tem a oportunidade de admirar uma exposi\u00e7\u00e3o de carros retro?<\/div>\n<div><\/div>\n<div>Os pormenores sofisticados, a adi\u00e7\u00e3o elegante, as caracter\u00edsticas que n\u00e3o se encontram nos modelos actuais, tudo isto faz com que se olhe um pouco mais para um autom\u00f3vel cl\u00e1ssico.<\/div>\n<div><\/div>\n<div>Adorado por crian\u00e7as, adultos e idosos, o autom\u00f3vel retro continua a ser um s\u00edmbolo universal da hist\u00f3ria e da beleza autom\u00f3vel, atravessando gera\u00e7\u00f5es e tornando-se cada vez mais popular.<\/div>\n<div><\/div>\n<div>Convidamo-lo a fazer uma viagem ao passado com um modelo vintage absolutamente deslumbrante.<\/div>\n<div><\/div>\n<div>Nem sei o que o vai entusiasmar mais: a montagem das mais de 300 pe\u00e7as do puzzle, que lhe vai levar quase 8 horas, ou o produto final, que o vai \"encantar\" como um bom vinho. Ser\u00e1 uma experi\u00eancia inesquec\u00edvel!<\/div>\n<div><\/div>\n<div>O mecanismo de arranque est\u00e1 enigmaticamente escondido na roda sobresselente lateral. Abra bem as portas e sente-se confortavelmente. Rode o volante para a direita e as rodas giram na mesma dire\u00e7\u00e3o. Ainda tem um lugar livre ao seu lado, quem o acompanhar\u00e1 numa viagem hist\u00f3rica?<\/div>\n<div><\/div>\n<div><\/div>\n<div>O carro retro \u00e9 um excelente presente para todos os f\u00e3s de carros, hist\u00f3ria, viagens, coleccionadores e melhores amigos, independentemente da idade.<\/div>\n<div><\/div>\n<div>A madeira de que \u00e9 feito o carro d\u00e1-lhe um toque de luxo e de durabilidade. Podemos dizer honestamente que se trata de um investimento num objeto caro \u00e0 alma.<\/div>\n<div><\/div>\n<div>Compre um autom\u00f3vel cl\u00e1ssico pessoal agora, monte-o com as suas pr\u00f3prias m\u00e3os e ele tornar-se-\u00e1 cada vez mais valioso com o passar do tempo.<\/div>\n<div><\/div>\n<div><\/div>\n<div><strong>DETALHES DO PRODUTO:<\/strong><\/div>\n<div>Dimens\u00f5es do modelo: 300*170*155 mm<\/div>\n<div>Dimens\u00f5es da embalagem: 374*243*28 mm<\/div>\n<div>N\u00famero de pe\u00e7as: 315<\/div>\n<\/div>\n<div><\/div>\n<\/div>","protected":false},"excerpt":{"rendered":"<div>Adorado por crian\u00e7as, adultos e idosos, o autom\u00f3vel retro continua a ser um s\u00edmbolo universal da hist\u00f3ria e da beleza autom\u00f3vel, atravessando gera\u00e7\u00f5es e tornando-se cada vez mais popular.<\/div>","protected":false},"featured_media":1187,"comment_status":"open","ping_status":"closed","template":"","meta":[],"product_brand":[],"product_cat":[73,88,74,76,89,90,91],"product_tag":[],"woo-feed-brand":[],"class_list":{"0":"post-1184","1":"product","2":"type-product","3":"status-publish","4":"has-post-thumbnail","6":"product_cat-puzzle-3d","7":"product_cat-puzzle-3d-adulti","8":"product_cat-puzzle-3d-in-legno","9":"product_cat-puzzle-3d-per-bambini","10":"product_cat-puzzle-meccanici-3d-in-legno","11":"product_cat-puzzle-meccanici-per-bambini","12":"product_cat-puzzle-meccanici-per-adulti","14":"first","15":"instock","16":"shipping-taxable","17":"purchasable","18":"product-type-simple"},"_links":{"self":[{"href":"https:\/\/puzzle3d.co\/pt\/wp-json\/wp\/v2\/product\/1184","targetHints":{"allow":["GET"]}}],"collection":[{"href":"https:\/\/puzzle3d.co\/pt\/wp-json\/wp\/v2\/product"}],"about":[{"href":"https:\/\/puzzle3d.co\/pt\/wp-json\/wp\/v2\/types\/product"}],"replies":[{"embeddable":true,"href":"https:\/\/puzzle3d.co\/pt\/wp-json\/wp\/v2\/comments?post=1184"}],"wp:featuredmedia":[{"embeddable":true,"href":"https:\/\/puzzle3d.co\/pt\/wp-json\/wp\/v2\/media\/1187"}],"wp:attachment":[{"href":"https:\/\/puzzle3d.co\/pt\/wp-json\/wp\/v2\/media?parent=1184"}],"wp:term":[{"taxonomy":"product_brand","embeddable":true,"href":"https:\/\/puzzle3d.co\/pt\/wp-json\/wp\/v2\/product_brand?post=1184"},{"taxonomy":"product_cat","embeddable":true,"href":"https:\/\/puzzle3d.co\/pt\/wp-json\/wp\/v2\/product_cat?post=1184"},{"taxonomy":"product_tag","embeddable":true,"href":"https:\/\/puzzle3d.co\/pt\/wp-json\/wp\/v2\/product_tag?post=1184"},{"taxonomy":"woo-feed-brand","embeddable":true,"href":"https:\/\/puzzle3d.co\/pt\/wp-json\/wp\/v2\/woo-feed-brand?post=1184"}],"curies":[{"name":"wp","href":"https:\/\/api.w.org\/{rel}","templated":true}]}}