{"id":1177,"date":"2023-02-06T10:20:19","date_gmt":"2023-02-06T10:20:19","guid":{"rendered":"https:\/\/puzzle3d.co\/product\/gramophone-puzzle-3d-copy\/"},"modified":"2026-01-02T05:29:01","modified_gmt":"2026-01-02T05:29:01","slug":"puzzle-mecanico-de-locomotiva-a-vapor","status":"publish","type":"product","link":"https:\/\/puzzle3d.co\/pt\/prodotto\/locomotiva-a-vapore-puzzle-meccanico\/","title":{"rendered":"Modelo de comboio mec\u00e2nico em madeira, 325 pe\u00e7as"},"content":{"rendered":"<div>\n<p><strong>Modelo de comboio mec\u00e2nico em madeira, 325 pe\u00e7as - Locomotiva a vapor<\/strong><\/p>\n<div>A primeira locomotiva do mundo foi inventada em Inglaterra por George Stephenson e o seu filho Robert em 1804.<\/div>\n<\/div>\n<div>\n<div>\n<div><\/div>\n<div>A popula\u00e7\u00e3o de Inglaterra estava a crescer, havia cada vez mais f\u00e1bricas e era necess\u00e1rio um meio de transporte de pessoas e mercadorias a longas dist\u00e2ncias.<\/div>\n<div><\/div>\n<div>Chamava-se \"locomotiva a vapor\" e a velocidade m\u00e1xima era de 16 km\/h.<\/div>\n<div><\/div>\n<div>\u00c9 curioso que tenham sido impedidos por agricultores hostis que utilizavam cavalos para tra\u00e7\u00e3o e que estavam descontentes com o facto de a ind\u00fastria ferrovi\u00e1ria estar a provocar o colapso do mercado da aveia.<\/div>\n<div><\/div>\n<div>Interessante, n\u00e3o \u00e9?<\/div>\n<div><\/div>\n<div>Agora pode montar a primeira locomotiva com um motor de borracha sem uma \u00fanica gota de cola. As pe\u00e7as de madeira natural d\u00e3o-lhe um toque vintage e um aspeto sofisticado.<\/div>\n<div><\/div>\n<div>Prenda para toda a fam\u00edlia<\/div>\n<div><\/div>\n<div>Monte a locomotiva mec\u00e2nica com a pessoa amada, tal como deve ser uma viagem. Depois, \u00e9 s\u00f3 p\u00f4r o ve\u00edculo a trabalhar e pronto!<\/div>\n<div>O que \u00e9 que gostaria de colocar no vag\u00e3o? H\u00e1 l\u00e1 espa\u00e7o suficiente... (para um anel, um bilhete ou uma chave).<\/div>\n<div><\/div>\n<div>No final da viagem, coloque esta maravilhosa locomotiva num local vis\u00edvel da sua casa.<\/div>\n<div><\/div>\n<div>\u00c9 um presente perfeito para todos os amantes de viagens, entusiastas da mec\u00e2nica e crian\u00e7as at\u00e9 aos 99 anos de idade.<\/div>\n<div><\/div>\n<div>Agora que tem a sua pr\u00f3pria locomotiva pessoal, desfrute de viagens rom\u00e2nticas sempre que poss\u00edvel!<\/div>\n<div><\/div>\n<div><\/div>\n<div><\/div>\n<div><strong>DETALHES DO PRODUTO:<\/strong><\/div>\n<div>Dimens\u00f5es do modelo: 400*103*178 mm<\/div>\n<div>Dimens\u00f5es da embalagem: 245*188*30 mm<\/div>\n<div><strong>N\u00famero de pe\u00e7as: 325<\/strong><\/div>\n<\/div>\n<div><\/div>\n<\/div>","protected":false},"excerpt":{"rendered":"<div>\u00c9 um presente perfeito para todos os amantes de viagens, entusiastas da mec\u00e2nica e crian\u00e7as at\u00e9 aos 99 anos de idade.<\/div>\n<p>&nbsp;<\/p>","protected":false},"featured_media":1180,"comment_status":"open","ping_status":"closed","template":"","meta":{"slim_seo":{"title":"Modelo de comboio mec\u00e2nico em madeira 325 pe\u00e7as. Locomotiva","description":"Modelo de comboio mec\u00e2nico em madeira, 325 pe\u00e7as. Locomotiva mec\u00e2nica com a pessoa amada, como deve ser uma viagem."}},"product_brand":[],"product_cat":[108,89,91,90,73,88,74,76],"product_tag":[],"woo-feed-brand":[],"class_list":{"0":"post-1177","1":"product","2":"type-product","3":"status-publish","4":"has-post-thumbnail","6":"product_cat-modellismo-da-costruire-per-adulti","7":"product_cat-puzzle-meccanici-3d-in-legno","8":"product_cat-puzzle-meccanici-per-adulti","9":"product_cat-puzzle-meccanici-per-bambini","10":"product_cat-puzzle-3d","11":"product_cat-puzzle-3d-adulti","12":"product_cat-puzzle-3d-in-legno","13":"product_cat-puzzle-3d-per-bambini","15":"first","16":"instock","17":"shipping-taxable","18":"purchasable","19":"product-type-simple"},"_links":{"self":[{"href":"https:\/\/puzzle3d.co\/pt\/wp-json\/wp\/v2\/product\/1177","targetHints":{"allow":["GET"]}}],"collection":[{"href":"https:\/\/puzzle3d.co\/pt\/wp-json\/wp\/v2\/product"}],"about":[{"href":"https:\/\/puzzle3d.co\/pt\/wp-json\/wp\/v2\/types\/product"}],"replies":[{"embeddable":true,"href":"https:\/\/puzzle3d.co\/pt\/wp-json\/wp\/v2\/comments?post=1177"}],"wp:featuredmedia":[{"embeddable":true,"href":"https:\/\/puzzle3d.co\/pt\/wp-json\/wp\/v2\/media\/1180"}],"wp:attachment":[{"href":"https:\/\/puzzle3d.co\/pt\/wp-json\/wp\/v2\/media?parent=1177"}],"wp:term":[{"taxonomy":"product_brand","embeddable":true,"href":"https:\/\/puzzle3d.co\/pt\/wp-json\/wp\/v2\/product_brand?post=1177"},{"taxonomy":"product_cat","embeddable":true,"href":"https:\/\/puzzle3d.co\/pt\/wp-json\/wp\/v2\/product_cat?post=1177"},{"taxonomy":"product_tag","embeddable":true,"href":"https:\/\/puzzle3d.co\/pt\/wp-json\/wp\/v2\/product_tag?post=1177"},{"taxonomy":"woo-feed-brand","embeddable":true,"href":"https:\/\/puzzle3d.co\/pt\/wp-json\/wp\/v2\/woo-feed-brand?post=1177"}],"curies":[{"name":"wp","href":"https:\/\/api.w.org\/{rel}","templated":true}]}}