{"id":1139,"date":"2023-02-03T13:44:29","date_gmt":"2023-02-03T13:44:29","guid":{"rendered":"https:\/\/puzzle3d.co\/product\/moara-de-vant-puzzle-3d-mecanic-copy\/"},"modified":"2026-01-02T05:29:02","modified_gmt":"2026-01-02T05:29:02","slug":"casinha-de-gato-em-madeira-preta","status":"publish","type":"product","link":"https:\/\/puzzle3d.co\/pt\/prodotto\/casetta-per-gatti-in-legno-nero\/","title":{"rendered":"Casa para Gatos em Madeira de 152 Pe\u00e7as"},"content":{"rendered":"<p><strong>Casa de madeira para gatos com 152 pe\u00e7as em cores diferentes<\/strong><\/p>\n<div>\n<div>Quando sonham, os gatos abanam as patas, ronronam e sorriem. Depois de um sonho agrad\u00e1vel, ficam com uma disposi\u00e7\u00e3o extraordin\u00e1ria: oferecem ao dono muito afeto e car\u00edcias.<\/div>\n<div><\/div>\n<div>Sabemos o quanto se preocupa com o seu animal de estima\u00e7\u00e3o. Por isso, as pe\u00e7as de madeira natural s\u00e3o cortadas e montadas de forma t\u00e3o perfeita que n\u00e3o \u00e9 necess\u00e1ria uma \u00fanica gota de cola. Apenas um cobertor macio.<\/div>\n<div><\/div>\n<div>A casinha de brincar em madeira \u00e9 como uma declara\u00e7\u00e3o de amor ao gato. Ama-a tanto quanto ela te ama a ti.<\/div>\n<div><\/div>\n<div>Casa de madeira para gatos com pelo. Fornecida em 4 op\u00e7\u00f5es de cores:<\/div>\n<\/div>\n<ul>\n<li>casinha preta com pelo branco<\/li>\n<li>casa branca com pelo preto<\/li>\n<li>casa branca com pelo cor-de-rosa<\/li>\n<li>casa de madeira com pelo branco.<\/li>\n<\/ul>\n<div>\n<div><\/div>\n<div><strong>DETALHES DO PRODUTO:<\/strong><\/div>\n<div><\/div>\n<div>Dimens\u00f5es do modelo: 480*362*456 mm<\/div>\n<div>Dimens\u00f5es da embalagem: 580*380*40 mm<\/div>\n<div>N\u00famero de pe\u00e7as: 152<\/div>\n<\/div>\n<div><\/div>","protected":false},"excerpt":{"rendered":"<div><\/div>\n<p>&nbsp;<\/p>","protected":false},"featured_media":2672,"comment_status":"open","ping_status":"closed","template":"","meta":[],"product_brand":[],"product_cat":[99],"product_tag":[],"woo-feed-brand":[],"class_list":{"0":"post-1139","1":"product","2":"type-product","3":"status-publish","4":"has-post-thumbnail","6":"product_cat-casette-per-gatti-da-interno","8":"first","9":"instock","10":"shipping-taxable","11":"purchasable","12":"product-type-variable"},"_links":{"self":[{"href":"https:\/\/puzzle3d.co\/pt\/wp-json\/wp\/v2\/product\/1139","targetHints":{"allow":["GET"]}}],"collection":[{"href":"https:\/\/puzzle3d.co\/pt\/wp-json\/wp\/v2\/product"}],"about":[{"href":"https:\/\/puzzle3d.co\/pt\/wp-json\/wp\/v2\/types\/product"}],"replies":[{"embeddable":true,"href":"https:\/\/puzzle3d.co\/pt\/wp-json\/wp\/v2\/comments?post=1139"}],"wp:featuredmedia":[{"embeddable":true,"href":"https:\/\/puzzle3d.co\/pt\/wp-json\/wp\/v2\/media\/2672"}],"wp:attachment":[{"href":"https:\/\/puzzle3d.co\/pt\/wp-json\/wp\/v2\/media?parent=1139"}],"wp:term":[{"taxonomy":"product_brand","embeddable":true,"href":"https:\/\/puzzle3d.co\/pt\/wp-json\/wp\/v2\/product_brand?post=1139"},{"taxonomy":"product_cat","embeddable":true,"href":"https:\/\/puzzle3d.co\/pt\/wp-json\/wp\/v2\/product_cat?post=1139"},{"taxonomy":"product_tag","embeddable":true,"href":"https:\/\/puzzle3d.co\/pt\/wp-json\/wp\/v2\/product_tag?post=1139"},{"taxonomy":"woo-feed-brand","embeddable":true,"href":"https:\/\/puzzle3d.co\/pt\/wp-json\/wp\/v2\/woo-feed-brand?post=1139"}],"curies":[{"name":"wp","href":"https:\/\/api.w.org\/{rel}","templated":true}]}}