{"id":457,"date":"2023-01-12T16:12:45","date_gmt":"2023-01-12T16:12:45","guid":{"rendered":"https:\/\/puzzle3d.co\/?page_id=457"},"modified":"2025-02-16T07:17:23","modified_gmt":"2025-02-16T07:17:23","slug":"quem-somos","status":"publish","type":"page","link":"https:\/\/puzzle3d.co\/pt\/chi-siamo\/","title":{"rendered":"Sobre n\u00f3s"},"content":{"rendered":"<section class=\"section\" id=\"section_1012301254\">\n\t\t<div class=\"section-bg fill\" >\n\t\t\t\t\t\t\t\t\t\n\t\t\t\n\n\t\t<\/div>\n\n\t\t\n\n\t\t<div class=\"section-content relative\">\n\t\t\t\n<div class=\"row row-collapse row-full-width align-middle\"  id=\"row-280809149\">\n\n\t<div id=\"col-1773650224\" class=\"col medium-12 small-12 large-6\"  >\n\t\t\t\t<div class=\"col-inner\"  >\n\t\t\t\n\t\t\t\n\t<div id=\"gap-315409111\" class=\"gap-element clearfix\" style=\"display:block; height:auto;\">\n\t\t\n<style>\n#gap-315409111 {\n  padding-top: 50px;\n}\n<\/style>\n\t<\/div>\n\t\n<div class=\"row align-center\"  id=\"row-828314217\">\n\n\t<div id=\"col-893835246\" class=\"col small-12 large-12\"  >\n\t\t\t\t<div class=\"col-inner text-center\"  >\n\t\t\t\n\t\t\t\n\t<div id=\"text-3035645617\" class=\"text\">\n\t\t\n<h1 class=\"uppercase\">Sobre n\u00f3s<\/h1>\n\t\t\n<style>\n#text-3035645617 {\n  font-size: 1.75rem;\n}\n@media (min-width:550px) {\n  #text-3035645617 {\n    font-size: 2rem;\n  }\n}\n<\/style>\n\t<\/div>\n\t\n<div>Somos distribuidores oficiais da marca Ewa Eco Wood Art Italia. Modelos mec\u00e2nicos em forma de construtor para montar voc\u00ea mesmo (sem cola e sem ferramentas especiais), puzzles, brinquedos, lembran\u00e7as e brindes para empresas feitos de materiais naturais.<\/div>\n<div><\/div>\n<div>Num mundo cada vez mais apressado, decidimos reunir a fam\u00edlia e os amigos para passar algum tempo de qualidade, montando um <a class=\"wpil_keyword_link\" title=\"quebra-cabe\u00e7as\" href=\"https:\/\/puzzle3d.co\/collection\/puzzle-3d\/\" data-wpil-keyword-link=\"linked\">quebra-cabe\u00e7as<\/a>.<\/div>\n<div><\/div>\n<div>Os nossos valores s\u00e3o a fam\u00edlia, a sa\u00fade e a natureza.<\/div>\n<div>Se em cada fam\u00edlia existir uma cultura de resolu\u00e7\u00e3o conjunta do puzzle, tendo como pano de fundo uma comunica\u00e7\u00e3o profunda e aut\u00eantica, isso significar\u00e1 que a nossa miss\u00e3o ser\u00e1 cumprida.<\/div>\n<div><\/div>\n<div>A investiga\u00e7\u00e3o conduzida por neurocirurgi\u00f5es e professores de psicologia demonstrou os efeitos ben\u00e9ficos dos puzzles na sa\u00fade do c\u00e9rebro e no comportamento humano.<\/div>\n<div><\/div>\n<div>Os materiais sustent\u00e1veis e o cuidado com a natureza s\u00e3o uma das nossas preocupa\u00e7\u00f5es. As pe\u00e7as s\u00e3o feitas de madeira e s\u00e3o montadas sem uma \u00fanica gota de cola.<\/div>\n<div><\/div>\n<div>Cada vez mais adultos est\u00e3o conscientes destas vantagens e optam por fazer dos puzzles um passatempo acess\u00edvel e interessante. E isso deixa-nos felizes!<\/div>\n<div>A pandemia ensinou-nos o verdadeiro valor da comunica\u00e7\u00e3o e do encontro com os entes queridos. Por isso, n\u00e3o hesite: escolha o seu puzzle preferido e viva a vida em beleza!<\/div>\n<div><\/div>\n<div>A nossa cren\u00e7a \u00e9 que \"A beleza salvar\u00e1 o mundo!\" E na era da tecnologia e da rob\u00f3tica, criar algo belo com as nossas pr\u00f3prias m\u00e3os \u00e9 como voar pelo c\u00e9u com as nossas pr\u00f3prias asas.<\/div>\n\t<div id=\"gap-1729589938\" class=\"gap-element clearfix\" style=\"display:block; height:auto;\">\n\t\t\n<style>\n#gap-1729589938 {\n  padding-top: 20px;\n}\n@media (min-width:550px) {\n  #gap-1729589938 {\n    padding-top: 0px;\n  }\n}\n<\/style>\n\t<\/div>\n\t\n<a href=\"https:\/\/puzzle3d.co\/\" class=\"button secondary is-underline\" >\n\t\t<span>descobrir<\/span>\n\t<\/a>\n\n\t\t<\/div>\n\t\t\t\t\n<style>\n#col-893835246 > .col-inner {\n  padding: 30px 5% 30px 5%;\n}\n@media (min-width:550px) {\n  #col-893835246 > .col-inner {\n    padding: 50px 10% 50px 10%;\n  }\n}\n@media (min-width:850px) {\n  #col-893835246 > .col-inner {\n    padding: 0px 5% 0px 5%;\n  }\n}\n<\/style>\n\t<\/div>\n\n\t\n<\/div>\n\t\t<\/div>\n\t\t\t\t\t<\/div>\n\n\t\n\n\t<div id=\"col-256564418\" class=\"col medium-12 small-12 large-6\"  >\n\t\t\t\t<div class=\"col-inner\" style=\"background-color:rgb(255, 255, 255);\" >\n\t\t\t\n\t\t\t\n<div class=\"slider-wrapper relative\" id=\"slider-1811906981\" >\n    <div class=\"slider slider-nav-circle slider-nav-large slider-nav-light slider-style-container\"\n        data-flickity-options='{            \"cellAlign\": \"center\",            \"imagesLoaded\": true,            \"lazyLoad\": 1,            \"freeScroll\": true,            \"wrapAround\": true,            \"autoPlay\": 100,            \"pauseAutoPlayOnHover\" : false,            \"prevNextButtons\": false,            \"contain\" : true,            \"adaptiveHeight\" : true,            \"dragThreshold\" : 10,            \"percentPosition\": true,            \"pageDots\": true,            \"rightToLeft\": false,            \"draggable\": true,            \"selectedAttraction\": 0.1,            \"parallax\" : 0,            \"friction\": 0.6        }'\n        >\n        \n\n  <div class=\"banner has-hover\" id=\"banner-1787270467\">\n          <div class=\"banner-inner fill\">\n        <div class=\"banner-bg fill\" >\n            <img loading=\"lazy\" decoding=\"async\" width=\"1000\" height=\"650\" src=\"https:\/\/puzzle3d.co\/wp-content\/uploads\/2013\/12\/tren-abur2.jpg\" class=\"bg attachment-large size-large\" alt=\"\" \/>                                    \n                    <\/div>\n\t\t\n        <div class=\"banner-layers container\">\n            <div class=\"fill banner-link\"><\/div>            \n   <div id=\"text-box-1321472477\" class=\"text-box banner-layer x50 md-x50 lg-x50 y50 md-y50 lg-y50 res-text\">\n                                <div class=\"text-box-content text dark\">\n              \n              <div class=\"text-inner text-center\">\n                  \n              <\/div>\n           <\/div>\n                            \n<style>\n#text-box-1321472477 {\n  width: 60%;\n}\n#text-box-1321472477 .text-box-content {\n  font-size: 100%;\n}\n<\/style>\n    <\/div>\n \n        <\/div>\n      <\/div>\n\n            \n<style>\n#banner-1787270467 {\n  padding-top: 300px;\n  background-color: rgba(255, 255, 255, 0);\n}\n#banner-1787270467 .banner-bg img {\n  object-position: 28% 50%;\n}\n@media (min-width:550px) {\n  #banner-1787270467 {\n    padding-top: 450px;\n  }\n}\n@media (min-width:850px) {\n  #banner-1787270467 {\n    padding-top: 750px;\n  }\n}\n<\/style>\n  <\/div>\n\n\n\n  <div class=\"banner has-hover\" id=\"banner-962769399\">\n          <div class=\"banner-inner fill\">\n        <div class=\"banner-bg fill\" >\n            <img loading=\"lazy\" decoding=\"async\" width=\"1000\" height=\"650\" src=\"https:\/\/puzzle3d.co\/wp-content\/uploads\/2023\/01\/caine.jpg\" class=\"bg attachment-large size-large\" alt=\"\" \/>                                    \n                    <\/div>\n\t\t\n        <div class=\"banner-layers container\">\n            <div class=\"fill banner-link\"><\/div>            \n   <div id=\"text-box-2025433847\" class=\"text-box banner-layer x50 md-x50 lg-x50 y50 md-y50 lg-y50 res-text\">\n                                <div class=\"text-box-content text dark\">\n              \n              <div class=\"text-inner text-center\">\n                  \n              <\/div>\n           <\/div>\n                            \n<style>\n#text-box-2025433847 {\n  width: 60%;\n}\n#text-box-2025433847 .text-box-content {\n  font-size: 100%;\n}\n<\/style>\n    <\/div>\n \n        <\/div>\n      <\/div>\n\n            \n<style>\n#banner-962769399 {\n  padding-top: 300px;\n  background-color: rgba(255, 255, 255, 0);\n}\n#banner-962769399 .banner-bg img {\n  object-position: 41% 8%;\n}\n@media (min-width:550px) {\n  #banner-962769399 {\n    padding-top: 450px;\n  }\n}\n@media (min-width:850px) {\n  #banner-962769399 {\n    padding-top: 750px;\n  }\n}\n<\/style>\n  <\/div>\n\n\n\n  <div class=\"banner has-hover\" id=\"banner-1163226393\">\n          <div class=\"banner-inner fill\">\n        <div class=\"banner-bg fill\" >\n            <img loading=\"lazy\" decoding=\"async\" width=\"1000\" height=\"650\" src=\"https:\/\/puzzle3d.co\/wp-content\/uploads\/2023\/01\/lion.jpg\" class=\"bg attachment-large size-large\" alt=\"\" \/>                                    \n                    <\/div>\n\t\t\n        <div class=\"banner-layers container\">\n            <div class=\"fill banner-link\"><\/div>            \n   <div id=\"text-box-1663088728\" class=\"text-box banner-layer x50 md-x50 lg-x50 y50 md-y50 lg-y50 res-text\">\n                                <div class=\"text-box-content text dark\">\n              \n              <div class=\"text-inner text-center\">\n                  \n              <\/div>\n           <\/div>\n                            \n<style>\n#text-box-1663088728 {\n  width: 60%;\n}\n#text-box-1663088728 .text-box-content {\n  font-size: 100%;\n}\n<\/style>\n    <\/div>\n \n        <\/div>\n      <\/div>\n\n            \n<style>\n#banner-1163226393 {\n  padding-top: 300px;\n  background-color: rgba(255, 255, 255, 0);\n}\n#banner-1163226393 .banner-bg img {\n  object-position: 42% 48%;\n}\n@media (min-width:550px) {\n  #banner-1163226393 {\n    padding-top: 450px;\n  }\n}\n@media (min-width:850px) {\n  #banner-1163226393 {\n    padding-top: 750px;\n  }\n}\n<\/style>\n  <\/div>\n\n\n     <\/div>\n\n     <div class=\"loading-spin dark large centered\"><\/div>\n\n\t<\/div>\n\n\n\t<div id=\"gap-850570859\" class=\"gap-element clearfix\" style=\"display:block; height:auto;\">\n\t\t\n<style>\n#gap-850570859 {\n  padding-top: 30px;\n}\n<\/style>\n\t<\/div>\n\t\n<div class=\"row\"  id=\"row-771785637\">\n\n\t<div id=\"col-1620384064\" class=\"col small-12 large-12\"  >\n\t\t\t\t<div class=\"col-inner\"  >\n\t\t\t\n\t\t\t\n<div class=\"row row-solid\"  id=\"row-799930668\">\n\n\t<div id=\"col-932387929\" class=\"col medium-4 small-12 large-4\"  >\n\t\t\t\t<div class=\"col-inner text-center\"  >\n\t\t\t\n\t\t\t\n\t<div id=\"gap-1189019092\" class=\"gap-element clearfix\" style=\"display:block; height:auto;\">\n\t\t\n<style>\n#gap-1189019092 {\n  padding-top: 5px;\n}\n<\/style>\n\t<\/div>\n\t\n\t<div id=\"text-1225080131\" class=\"text\">\n\t\t\n<h4>Sem Cola<\/h4>\n\t\t\n<style>\n#text-1225080131 {\n  line-height: 0.75;\n}\n<\/style>\n\t<\/div>\n\t\n\t\t<\/div>\n\t\t\t\t\t<\/div>\n\n\t\n\n\t<div id=\"col-205697526\" class=\"col medium-4 small-12 large-4\"  >\n\t\t\t\t<div class=\"col-inner text-center\"  >\n\t\t\t\n\t\t\t\n\t<div id=\"gap-689336378\" class=\"gap-element clearfix\" style=\"display:block; height:auto;\">\n\t\t\n<style>\n#gap-689336378 {\n  padding-top: 5px;\n}\n<\/style>\n\t<\/div>\n\t\n\t<div id=\"text-3956544122\" class=\"text\">\n\t\t\n<h4>Sustent\u00e1vel<\/h4>\n\t\t\n<style>\n#text-3956544122 {\n  line-height: 0.75;\n}\n<\/style>\n\t<\/div>\n\t\n\t\t<\/div>\n\t\t\t\t\t<\/div>\n\n\t\n\n\t<div id=\"col-1171021778\" class=\"col medium-4 small-12 large-4\"  >\n\t\t\t\t<div class=\"col-inner text-center\"  >\n\t\t\t\n\t\t\t\n\t<div id=\"gap-113886420\" class=\"gap-element clearfix\" style=\"display:block; height:auto;\">\n\t\t\n<style>\n#gap-113886420 {\n  padding-top: 5px;\n}\n<\/style>\n\t<\/div>\n\t\n\t<div id=\"text-566329142\" class=\"text\">\n\t\t\n<h4>Criativo<\/h4>\n\t\t\n<style>\n#text-566329142 {\n  line-height: 0.75;\n}\n<\/style>\n\t<\/div>\n\t\n\t\t<\/div>\n\t\t\t\t\t<\/div>\n\n\t\n<\/div>\n\t\t<\/div>\n\t\t\t\t\n<style>\n#col-1620384064 > .col-inner {\n  padding: 0px 5% 0px 5%;\n  margin: 0px 0px 0px 0px;\n}\n@media (min-width:850px) {\n  #col-1620384064 > .col-inner {\n    padding: 0px 10% 0px 10%;\n    margin: 0px 0px -15px 0px;\n  }\n}\n<\/style>\n\t<\/div>\n\n\t\n<\/div>\n\t\t<\/div>\n\t\t\t\t\t<\/div>\n\n\t\n<\/div>\n\t\t<\/div>\n\n\t\t\n<style>\n#section_1012301254 {\n  padding-top: 50px;\n  padding-bottom: 50px;\n  background-color: rgb(237, 236, 232);\n}\n<\/style>\n\t<\/section>","protected":false},"excerpt":{"rendered":"","protected":false},"author":10,"featured_media":0,"parent":0,"menu_order":0,"comment_status":"closed","ping_status":"closed","template":"","meta":{"slim_seo":{"title":"Sobre n\u00f3s - Puzzles 3D","description":"Sobre n\u00f3s Somos distribuidores oficiais da marca Ewa Eco Wood Art Italia. Modelos mec\u00e2nicos em forma de construtor para serem montados pelo pr\u00f3prio (sem cola e sem"},"footnotes":""},"class_list":["post-457","page","type-page","status-publish","hentry"],"_links":{"self":[{"href":"https:\/\/puzzle3d.co\/pt\/wp-json\/wp\/v2\/pages\/457","targetHints":{"allow":["GET"]}}],"collection":[{"href":"https:\/\/puzzle3d.co\/pt\/wp-json\/wp\/v2\/pages"}],"about":[{"href":"https:\/\/puzzle3d.co\/pt\/wp-json\/wp\/v2\/types\/page"}],"author":[{"embeddable":true,"href":"https:\/\/puzzle3d.co\/pt\/wp-json\/wp\/v2\/users\/10"}],"replies":[{"embeddable":true,"href":"https:\/\/puzzle3d.co\/pt\/wp-json\/wp\/v2\/comments?post=457"}],"version-history":[{"count":0,"href":"https:\/\/puzzle3d.co\/pt\/wp-json\/wp\/v2\/pages\/457\/revisions"}],"wp:attachment":[{"href":"https:\/\/puzzle3d.co\/pt\/wp-json\/wp\/v2\/media?parent=457"}],"curies":[{"name":"wp","href":"https:\/\/api.w.org\/{rel}","templated":true}]}}