{"id":3303,"date":"2024-04-10T10:56:05","date_gmt":"2024-04-10T10:56:05","guid":{"rendered":"https:\/\/puzzle3d.co\/?page_id=3303"},"modified":"2025-10-07T14:08:53","modified_gmt":"2025-10-07T14:08:53","slug":"contactar-nos","status":"publish","type":"page","link":"https:\/\/puzzle3d.co\/pt\/contact-us\/","title":{"rendered":"Contactar-nos"},"content":{"rendered":"<section class=\"section\" id=\"section_670775116\">\n\t\t<div class=\"section-bg fill\" >\n\t\t\t\t\t\t\t\t\t\n\t\t\t\n\n\t\t<\/div>\n\n\t\t\n\n\t\t<div class=\"section-content relative\">\n\t\t\t\n<div class=\"row align-center\"  id=\"row-162702806\">\n\n\t<div id=\"col-1167808866\" class=\"col medium-8 small-11 large-7\"  >\n\t\t\t\t<div class=\"col-inner text-center\"  >\n\t\t\t\n\t\t\t\n<h1 style=\"font-size: 200%;\">Contactar-nos<\/h1>\n\t\t<\/div>\n\t\t\t\t\t<\/div>\n\n\t\n<\/div>\n\t<div id=\"gap-182754002\" class=\"gap-element clearfix\" style=\"display:block; height:auto;\">\n\t\t\n<style>\n#gap-182754002 {\n  padding-top: 30px;\n}\n<\/style>\n\t<\/div>\n\t\n\t\t<\/div>\n\n\t\t\n<style>\n#section_670775116 {\n  padding-top: 100px;\n  padding-bottom: 100px;\n  background-color: rgb(237, 236, 232);\n}\n<\/style>\n\t<\/section>\n\t\n<div class=\"row align-center\"  id=\"row-1821835451\">\n\n\t<div id=\"col-300484312\" class=\"col medium-11 small-12 large-11\"  >\n\t\t\t\t<div class=\"col-inner\"  >\n\t\t\t\n\t\t\t\n<div class=\"row\"  id=\"row-1341448006\">\n\n\t<div id=\"col-341754339\" class=\"col medium-6 small-12 large-6\"  >\n\t\t\t\t<div class=\"col-inner\"  >\n\t\t\t\n\t\t\t\n\t<div class=\"box has-hover   has-hover box-text-bottom\" >\n\n\t\t<div class=\"box-image\" >\n\t\t\t\t\t\t<div class=\"image-cover\" style=\"padding-top:70%;\">\n\t\t\t\t<img loading=\"lazy\" decoding=\"async\" width=\"1000\" height=\"650\" src=\"https:\/\/puzzle3d.co\/wp-content\/uploads\/2013\/12\/domino.jpg\" class=\"attachment- size-\" alt=\"\" srcset=\"https:\/\/puzzle3d.co\/wp-content\/uploads\/2013\/12\/domino.jpg 1000w, https:\/\/puzzle3d.co\/wp-content\/uploads\/2013\/12\/domino-600x390.jpg 600w, https:\/\/puzzle3d.co\/wp-content\/uploads\/2013\/12\/domino-64x42.jpg 64w, https:\/\/puzzle3d.co\/wp-content\/uploads\/2013\/12\/domino-615x400.jpg 615w, https:\/\/puzzle3d.co\/wp-content\/uploads\/2013\/12\/domino-768x499.jpg 768w\" sizes=\"auto, (max-width: 1000px) 100vw, 1000px\" \/>\t\t\t\t\t\t\t\t\t\t\t<\/div>\n\t\t\t\t\t<\/div>\n\n\t\t<div class=\"box-text text-center\" style=\"padding:20px 0px 0px 0px;\">\n\t\t\t<div class=\"box-text-inner\">\n\t\t\t\t\n\t<div id=\"gap-529865736\" class=\"gap-element clearfix\" style=\"display:block; height:auto;\">\n\t\t\n<style>\n#gap-529865736 {\n  padding-top: 20px;\n}\n<\/style>\n\t<\/div>\n\t\n\t\t\t<\/div>\n\t\t<\/div>\n\t<\/div>\n\t\n\t\t<\/div>\n\t\t\t\t\t<\/div>\n\n\t\n\n\t<div id=\"col-552111881\" class=\"col medium-6 small-12 large-6\"  >\n\t\t\t\t<div class=\"col-inner\"  >\n\t\t\t\n\t\t\t\n\t<div class=\"box has-hover   has-hover box-text-bottom\" >\n\n\t\t<div class=\"box-image\" >\n\t\t\t\t\t\t<div class=\"image-cover\" style=\"padding-top:70%;\">\n\t\t\t\t<img loading=\"lazy\" decoding=\"async\" width=\"1000\" height=\"650\" src=\"https:\/\/puzzle3d.co\/wp-content\/uploads\/2023\/01\/lion.jpg\" class=\"attachment- size-\" alt=\"\" srcset=\"https:\/\/puzzle3d.co\/wp-content\/uploads\/2023\/01\/lion.jpg 1000w, https:\/\/puzzle3d.co\/wp-content\/uploads\/2023\/01\/lion-600x390.jpg 600w, https:\/\/puzzle3d.co\/wp-content\/uploads\/2023\/01\/lion-64x42.jpg 64w, https:\/\/puzzle3d.co\/wp-content\/uploads\/2023\/01\/lion-615x400.jpg 615w, https:\/\/puzzle3d.co\/wp-content\/uploads\/2023\/01\/lion-768x499.jpg 768w\" sizes=\"auto, (max-width: 1000px) 100vw, 1000px\" \/>\t\t\t\t\t\t\t\t\t\t\t<\/div>\n\t\t\t\t\t<\/div>\n\n\t\t<div class=\"box-text text-center\" style=\"padding:20px 0px 0px 0px;\">\n\t\t\t<div class=\"box-text-inner\">\n\t\t\t\t\n\t<div id=\"gap-753956246\" class=\"gap-element clearfix\" style=\"display:block; height:auto;\">\n\t\t\n<style>\n#gap-753956246 {\n  padding-top: 20px;\n}\n<\/style>\n\t<\/div>\n\t\n\t\t\t<\/div>\n\t\t<\/div>\n\t<\/div>\n\t\n\t\t<\/div>\n\t\t\t\t\t<\/div>\n\n\t\n<\/div>\n<div class=\"container section-title-container\" ><h3 class=\"section-title section-title-center\"><b aria-hidden=\"true\"><\/b><span class=\"section-title-main\" >Perguntas mais frequentes<\/span><b aria-hidden=\"true\"><\/b><\/h3><\/div>\n<div class=\"accordion\">\n\t<div id=\"accordion-3086957157\" class=\"accordion-item\">\n\t\t<a id=\"accordion-3086957157-label\" class=\"accordion-title plain\" href=\"#accordion-item-i-prezzi-visualizzati-sul-sito-sono-comprensivi-di-iva?\" aria-expanded=\"false\" aria-controls=\"accordion-3086957157-content\">\n\t\t\t<button class=\"toggle\" aria-label=\"Alternar\"><i class=\"icon-angle-down\" aria-hidden=\"true\"><\/i><\/button>\n\t\t\t<span>Os pre\u00e7os apresentados no s\u00edtio incluem IVA?<\/span>\n\t\t<\/a>\n\t\t<div id=\"accordion-3086957157-content\" class=\"accordion-inner\" aria-labelledby=\"accordion-3086957157-label\">\n\t\t\t\n<p>O pre\u00e7o de cada produto j\u00e1 inclui o IVA. Antes da finaliza\u00e7\u00e3o da encomenda, \u00e9 mencionado o pre\u00e7o da entrega. As encomendas com um valor m\u00ednimo de 60 euros s\u00e3o entregues gratuitamente em qualquer ponto do pa\u00eds.<\/p>\n\t\t<\/div>\n\t<\/div>\n\t\n\t<div id=\"accordion-2194155735\" class=\"accordion-item\">\n\t\t<a id=\"accordion-2194155735-label\" class=\"accordion-title plain\" href=\"#accordion-item-i-prodotti-sono-in-garanzia?\" aria-expanded=\"false\" aria-controls=\"accordion-2194155735-content\">\n\t\t\t<button class=\"toggle\" aria-label=\"Alternar\"><i class=\"icon-angle-down\" aria-hidden=\"true\"><\/i><\/button>\n\t\t\t<span>Os produtos est\u00e3o abrangidos pela garantia?<\/span>\n\t\t<\/a>\n\t\t<div id=\"accordion-2194155735-content\" class=\"accordion-inner\" aria-labelledby=\"accordion-2194155735-label\">\n\t\t\t\n<p>Todos os produtos beneficiam da garantia legal de conformidade. A sua garantia \u00e9 uma das nossas prioridades<\/p>\n\t\t<\/div>\n\t<\/div>\n\t\n\t<div id=\"accordion-3626685458\" class=\"accordion-item\">\n\t\t<a id=\"accordion-3626685458-label\" class=\"accordion-title plain\" href=\"#accordion-item-quali-sono-i-metodi-di-pagamento?\" aria-expanded=\"false\" aria-controls=\"accordion-3626685458-content\">\n\t\t\t<button class=\"toggle\" aria-label=\"Alternar\"><i class=\"icon-angle-down\" aria-hidden=\"true\"><\/i><\/button>\n\t\t\t<span>Quais s\u00e3o os m\u00e9todos de pagamento?<\/span>\n\t\t<\/a>\n\t\t<div id=\"accordion-3626685458-content\" class=\"accordion-inner\" aria-labelledby=\"accordion-3626685458-label\">\n\t\t\t\n<div>O pagamento da encomenda pode ser efectuado atrav\u00e9s de uma das seguintes op\u00e7\u00f5es:<\/div>\n<div><\/div>\n<ul>\n<li>Pagamento aquando da entrega<\/li>\n<li>Pagamento por <a href=\"https:\/\/stripe.com\/en-ro\" target=\"_blank\" rel=\"nofollow noopener\">Riscas<\/a> (processador de pagamentos internacionais)<\/li>\n<li>Pagamento por <a href=\"https:\/\/www.paypal.com\/it\/business\" target=\"_blank\" rel=\"nofollow noopener\">PayPal<\/a> (processador de pagamentos internacionais)<\/li>\n<\/ul>\n<div><\/div>\n<div>Se tiver escolhido a modalidade de pagamento contra entrega para a sua encomenda, o pagamento deve ser efectuado na totalidade em dinheiro, em lei, ao transportador que entregar\u00e1 a encomenda, com base na fatura fiscal emitida pela MEDDYS SNC.<\/div>\n<div><\/div>\n<div>Se escolheu o m\u00e9todo de pagamento \"Online por cart\u00e3o banc\u00e1rio\", deve preencher um formul\u00e1rio com os dados do seu cart\u00e3o na p\u00e1gina segura do processador de pagamentos.<\/div>\n\t\t<\/div>\n\t<\/div>\n\t\n\t<div id=\"accordion-4083239165\" class=\"accordion-item\">\n\t\t<a id=\"accordion-4083239165-label\" class=\"accordion-title plain\" href=\"#accordion-item-qual-\u00e8-il-metodo-di-consegna-del-prodotto?\" aria-expanded=\"false\" aria-controls=\"accordion-4083239165-content\">\n\t\t\t<button class=\"toggle\" aria-label=\"Alternar\"><i class=\"icon-angle-down\" aria-hidden=\"true\"><\/i><\/button>\n\t\t\t<span>Qual \u00e9 o m\u00e9todo de entrega do produto?<\/span>\n\t\t<\/a>\n\t\t<div id=\"accordion-4083239165-content\" class=\"accordion-inner\" aria-labelledby=\"accordion-4083239165-label\">\n\t\t\t\n<p>Fazemos entregas em qualquer canto da Rom\u00e9nia. Encomende um valor igual ou superior a 80 lei para beneficiar de entrega gratuita. Para encomendas inferiores a 60 euros, os custos de envio s\u00e3o de apenas 5 euros.<\/p>\n\t\t<\/div>\n\t<\/div>\n\t\n\t<div id=\"accordion-188574443\" class=\"accordion-item\">\n\t\t<a id=\"accordion-188574443-label\" class=\"accordion-title plain\" href=\"#accordion-item-quanto-tempo-ci-vuole-per-la-consegna?\" aria-expanded=\"false\" aria-controls=\"accordion-188574443-content\">\n\t\t\t<button class=\"toggle\" aria-label=\"Alternar\"><i class=\"icon-angle-down\" aria-hidden=\"true\"><\/i><\/button>\n\t\t\t<span>Quanto tempo demora a entrega?<\/span>\n\t\t<\/a>\n\t\t<div id=\"accordion-188574443-content\" class=\"accordion-inner\" aria-labelledby=\"accordion-188574443-label\">\n\t\t\t\n<p>Fa\u00e7a a sua encomenda hoje para receber o seu produto no prazo de 24\/48 dias \u00fateis, mesmo nas ilhas!<\/p>\n\t\t<\/div>\n\t<\/div>\n\t\n<\/div>\n\t\t<\/div>\n\t\t\t\t\n<style>\n#col-300484312 > .col-inner {\n  margin: -150px 0px 0px 0px;\n}\n<\/style>\n\t<\/div>\n\n\t\n<\/div>\n<div class=\"row align-center\"  id=\"row-814311310\">\n\n\t<div id=\"col-1145168004\" class=\"col medium-11 small-12 large-11\"  >\n\t\t\t\t<div class=\"col-inner\"  >\n\t\t\t\n\t\t\t\n\n\t<section class=\"section\" id=\"section_107448139\">\n\t\t<div class=\"section-bg fill\" >\n\t\t\t\t\t\t\t\t\t\n\t\t\t\n\t<div class=\"is-border\"\n\t\tstyle=\"border-color:rgb(235, 235, 235);border-width:1px 1px 1px 1px;\">\n\t<\/div>\n\n\t\t<\/div>\n\n\t\t\n\n\t\t<div class=\"section-content relative\">\n\t\t\t\n<div class=\"row row-large\"  id=\"row-1124361077\">\n\n\t<div id=\"col-1046103808\" class=\"col medium-8 small-12 large-8\"  >\n\t\t\t\t<div class=\"col-inner\"  >\n\t\t\t\n\t\t\t\n\n<div class=\"wpcf7 no-js\" id=\"wpcf7-f6-o1\" lang=\"en-US\" dir=\"ltr\" data-wpcf7-id=\"6\">\n<div class=\"screen-reader-response\"><p role=\"status\" aria-live=\"polite\" aria-atomic=\"true\"><\/p> <ul><\/ul><\/div>\n<form action=\"\/pt\/wp-json\/wp\/v2\/pages\/3303#wpcf7-f6-o1\" method=\"post\" class=\"wpcf7-form init\" aria-label=\"Formul\u00e1rio de contacto\" novalidate=\"novalidate\" data-status=\"init\" data-trp-original-action=\"\/pt\/wp-json\/wp\/v2\/pages\/3303#wpcf7-f6-o1\">\n<fieldset class=\"hidden-fields-container\"><input type=\"hidden\" name=\"_wpcf7\" value=\"6\" \/><input type=\"hidden\" name=\"_wpcf7_version\" value=\"6.1.5\" \/><input type=\"hidden\" name=\"_wpcf7_locale\" value=\"en_US\" \/><input type=\"hidden\" name=\"_wpcf7_unit_tag\" value=\"wpcf7-f6-o1\" \/><input type=\"hidden\" name=\"_wpcf7_container_post\" value=\"0\" \/><input type=\"hidden\" name=\"_wpcf7_posted_data_hash\" value=\"\" \/>\n<\/fieldset>\n<p><label> Nome*<br \/>\n<span class=\"wpcf7-form-control-wrap\" data-name=\"your-name\"><input size=\"40\" maxlength=\"400\" class=\"wpcf7-form-control wpcf7-text wpcf7-validates-as-required\" autocomplete=\"name\" aria-required=\"true\" aria-invalid=\"false\" value=\"\" type=\"text\" name=\"your-name\" \/><\/span> <\/label>\n<\/p>\n<p><label> Correio eletr\u00f3nico*<br \/>\n<span class=\"wpcf7-form-control-wrap\" data-name=\"your-email\"><input size=\"40\" maxlength=\"400\" class=\"wpcf7-form-control wpcf7-email wpcf7-validates-as-required wpcf7-text wpcf7-validates-as-email\" autocomplete=\"email\" aria-required=\"true\" aria-invalid=\"false\" value=\"\" type=\"email\" name=\"your-email\" \/><\/span> <\/label>\n<\/p>\n<p><label> Assunto*<br \/>\n<span class=\"wpcf7-form-control-wrap\" data-name=\"your-subject\"><input size=\"40\" maxlength=\"400\" class=\"wpcf7-form-control wpcf7-text wpcf7-validates-as-required\" aria-required=\"true\" aria-invalid=\"false\" value=\"\" type=\"text\" name=\"your-subject\" \/><\/span> <\/label>\n<\/p>\n<p><label> Mensagem (facultativo)<br \/>\n<span class=\"wpcf7-form-control-wrap\" data-name=\"your-message\"><textarea cols=\"40\" rows=\"10\" maxlength=\"2000\" class=\"wpcf7-form-control wpcf7-textarea\" aria-invalid=\"false\" name=\"your-message\"><\/textarea><\/span> <\/label>\n<\/p>\n<p><input class=\"wpcf7-form-control wpcf7-submit has-spinner\" type=\"submit\" value=\"Enviar mensagem\" \/>\n<\/p><div class=\"wpcf7-response-output\" aria-hidden=\"true\"><\/div>\n<input type=\"hidden\" name=\"trp-form-language\" value=\"pt\"\/><\/form>\n<\/div>\n\n\t\t<\/div>\n\t\t\t\t\t<\/div>\n\n\t\n\n\t<div id=\"col-745861452\" class=\"col medium-4 small-12 large-4\"  >\n\t\t\t\t<div class=\"col-inner\"  >\n\t\t\t\n\t\t\t\n<h6>Empresa<\/h6>\n<p>MEDDYS por Saca E&amp;Co SNC<br \/>\nN\u00daMERO DE IVA: 03644140984<\/p>\n\t<div id=\"gap-1508789301\" class=\"gap-element clearfix\" style=\"display:block; height:auto;\">\n\t\t\n<style>\n#gap-1508789301 {\n  padding-top: 20px;\n}\n<\/style>\n\t<\/div>\n\t\n<h6>Endere\u00e7o<\/h6>\n<p>It\u00e1lia, Via Bologna10, CAP-25073, Bovezzo (BS)<\/p>\n<p><strong>Telefonar:<\/strong> 371 5394 647<br \/>\n<strong>Correio eletr\u00f3nico: <\/strong>support@puzzle3d.co<\/p>\n<h6><strong>Hor\u00e1rio de trabalho:<\/strong><\/h6>\n<p>Seg - Sex: 9:00 - 17:00*.<br \/>\nS\u00e1bado: Fechado<br \/>\nDomingo: Fechado<\/p>\n<p><span style=\"font-size: 80%;\">*excluindo feriados oficiais<\/span><\/p>\n<div class=\"social-icons follow-icons\" style=\"font-size:80%\"><a href=\"#\" target=\"_blank\" data-label=\"Facebook\" class=\"icon primary button circle tooltip facebook\" title=\"Seguir no Facebook\" aria-label=\"Seguir no Facebook\" rel=\"noopener nofollow\"><i class=\"icon-facebook\" aria-hidden=\"true\"><\/i><\/a><a href=\"#\" target=\"_blank\" data-label=\"Instagram\" class=\"icon primary button circle tooltip instagram\" title=\"Seguir no Instagram\" aria-label=\"Seguir no Instagram\" rel=\"noopener nofollow\"><i class=\"icon-instagram\" aria-hidden=\"true\"><\/i><\/a><a href=\"#\" data-label=\"Twitter\" target=\"_blank\" class=\"icon primary button circle tooltip twitter\" title=\"Seguir no Twitter\" aria-label=\"Seguir no Twitter\" rel=\"noopener nofollow\"><i class=\"icon-twitter\" aria-hidden=\"true\"><\/i><\/a><a href=\"#\" data-label=\"LinkedIn\" target=\"_blank\" class=\"icon primary button circle tooltip linkedin\" title=\"Seguir no LinkedIn\" aria-label=\"Seguir no LinkedIn\" rel=\"noopener nofollow\"><i class=\"icon-linkedin\" aria-hidden=\"true\"><\/i><\/a><\/div>\n\t\t<\/div>\n\t\t\t\t\t<\/div>\n\n\t\n\n<style>\n#row-1124361077 > .col > .col-inner {\n  padding: 10px 10px 10px 10px;\n}\n@media (min-width:550px) {\n  #row-1124361077 > .col > .col-inner {\n    padding: 30px 30px 0 30px;\n  }\n}\n<\/style>\n<\/div>\n\t\t<\/div>\n\n\t\t\n<style>\n#section_107448139 {\n  padding-top: 30px;\n  padding-bottom: 30px;\n}\n<\/style>\n\t<\/section>\n\t\n\t\t<\/div>\n\t\t\t\t\n<style>\n#col-1145168004 > .col-inner {\n  margin: 0px 0px 30px 0px;\n}\n<\/style>\n\t<\/div>\n\n\t\n<\/div>","protected":false},"excerpt":{"rendered":"","protected":false},"author":10,"featured_media":0,"parent":0,"menu_order":0,"comment_status":"closed","ping_status":"closed","template":"","meta":{"slim_seo":{"title":"Contattaci - Puzzle 3D","description":"Contacte-nos Perguntas frequentes Os pre\u00e7os apresentados no s\u00edtio incluem IVA? O pre\u00e7o de cada produto j\u00e1 inclui o IVA. Antes de finalizar o"},"footnotes":""},"class_list":["post-3303","page","type-page","status-publish","hentry"],"_links":{"self":[{"href":"https:\/\/puzzle3d.co\/pt\/wp-json\/wp\/v2\/pages\/3303","targetHints":{"allow":["GET"]}}],"collection":[{"href":"https:\/\/puzzle3d.co\/pt\/wp-json\/wp\/v2\/pages"}],"about":[{"href":"https:\/\/puzzle3d.co\/pt\/wp-json\/wp\/v2\/types\/page"}],"author":[{"embeddable":true,"href":"https:\/\/puzzle3d.co\/pt\/wp-json\/wp\/v2\/users\/10"}],"replies":[{"embeddable":true,"href":"https:\/\/puzzle3d.co\/pt\/wp-json\/wp\/v2\/comments?post=3303"}],"version-history":[{"count":0,"href":"https:\/\/puzzle3d.co\/pt\/wp-json\/wp\/v2\/pages\/3303\/revisions"}],"wp:attachment":[{"href":"https:\/\/puzzle3d.co\/pt\/wp-json\/wp\/v2\/media?parent=3303"}],"curies":[{"name":"wp","href":"https:\/\/api.w.org\/{rel}","templated":true}]}}