{"id":3152,"date":"2023-11-21T11:55:37","date_gmt":"2023-11-21T11:55:37","guid":{"rendered":"https:\/\/puzzle3d.co\/?page_id=3152"},"modified":"2024-10-23T17:10:27","modified_gmt":"2024-10-23T17:10:27","slug":"termos-e-condicoes","status":"publish","type":"page","link":"https:\/\/puzzle3d.co\/pt\/termini-e-condizioni\/","title":{"rendered":"Termos e condi\u00e7\u00f5es"},"content":{"rendered":"<section class=\"section\" id=\"section_326533902\">\n\t\t<div class=\"section-bg fill\" >\n\t\t\t\t\t\t\t\t\t\n\t\t\t\n\n\t\t<\/div>\n\n\t\t\n\n\t\t<div class=\"section-content relative\">\n\t\t\t\n<div class=\"row\"  id=\"row-756074213\">\n\n\t<div id=\"col-934059415\" class=\"col small-12 large-12\"  >\n\t\t\t\t<div class=\"col-inner text-center\"  >\n\t\t\t\n\t\t\t\n<div class=\"container section-title-container\">\n<h1 class=\"section-title section-title-normal\" style=\"text-align: left;\"><span class=\"section-title-main\">TERMOS E CONDI\u00c7\u00d5ES<\/span><\/h1>\n<\/div>\n<div id=\"cmplz-document\" class=\"cmplz-document cmplz-terms-conditions\">\n<p style=\"text-align: left;\"><i>Os termos e condi\u00e7\u00f5es foram actualizados pela \u00faltima vez em 11 de dezembro de 2022<\/i><\/p>\n<h2 style=\"text-align: left;\">1. Introdu\u00e7\u00e3o<\/h2>\n<p style=\"text-align: left;\">Os presentes Termos e Condi\u00e7\u00f5es aplicam-se a este s\u00edtio Web e \u00e0s transac\u00e7\u00f5es relacionadas com os nossos produtos e servi\u00e7os. O utilizador pode estar vinculado por acordos adicionais relacionados com a sua rela\u00e7\u00e3o connosco ou com quaisquer produtos ou servi\u00e7os que receba da nossa parte. Se qualquer disposi\u00e7\u00e3o dos acordos adicionais entrar em conflito com qualquer disposi\u00e7\u00e3o dos presentes Termos, as disposi\u00e7\u00f5es desses acordos adicionais controlar\u00e3o e prevalecer\u00e3o.<\/p>\n<h2 style=\"text-align: left;\">2. Obriga\u00e7\u00f5es<\/h2>\n<p style=\"text-align: left;\">Ao registar-se, aceder ou utilizar este s\u00edtio Web, o utilizador concorda em ficar vinculado aos Termos e Condi\u00e7\u00f5es abaixo indicados. A simples utiliza\u00e7\u00e3o deste s\u00edtio Web implica o reconhecimento e a aceita\u00e7\u00e3o dos presentes Termos e Condi\u00e7\u00f5es. Nalguns casos espec\u00edficos, podemos tamb\u00e9m pedir o consentimento expl\u00edcito do utilizador.<\/p>\n<h2 style=\"text-align: left;\">3. Comunica\u00e7\u00e3o eletr\u00f3nica<\/h2>\n<p style=\"text-align: left;\">Ao utilizar este s\u00edtio Web ou ao comunicar connosco por via eletr\u00f3nica, o utilizador concorda e reconhece que podemos comunicar consigo por via eletr\u00f3nica no nosso s\u00edtio Web ou enviando-lhe um e-mail, e concorda que todos os acordos, avisos, divulga\u00e7\u00f5es e outras comunica\u00e7\u00f5es que lhe fornecemos por via eletr\u00f3nica satisfazem qualquer requisito legal, incluindo, entre outros, o requisito de que tais comunica\u00e7\u00f5es sejam feitas por escrito.<\/p>\n<h2 style=\"text-align: left;\">4. Propriedade intelectual<\/h2>\n<p style=\"text-align: left;\">N\u00f3s ou os nossos licenciantes detemos e controlamos todos os direitos de autor e outros direitos de propriedade intelectual do s\u00edtio Web e dos dados, informa\u00e7\u00f5es e outros recursos apresentados ou acess\u00edveis no s\u00edtio Web.<\/p>\n<p class=\"cmplz-subtitle\" style=\"text-align: left;\">4.1 Todos os direitos reservados<\/p>\n<p style=\"text-align: left;\">A menos que o conte\u00fado espec\u00edfico diga o contr\u00e1rio, n\u00e3o lhe \u00e9 concedida uma licen\u00e7a ou qualquer outro direito ao abrigo de qualquer direito de autor, marca registada, patente ou outro direito de propriedade intelectual. Isto significa que o utilizador n\u00e3o pode utilizar, copiar, reproduzir, executar, exibir, distribuir, incorporar em qualquer meio eletr\u00f3nico, alterar, descompilar, transferir, descarregar, transmitir, rentabilizar, vender ou comercializar quaisquer recursos deste s\u00edtio Web, seja de que forma for, sem a nossa autoriza\u00e7\u00e3o pr\u00e9via por escrito, exceto e apenas na medida em que tal esteja previsto em regulamentos legais obrigat\u00f3rios (como o direito de cita\u00e7\u00e3o).<\/p>\n<h2 style=\"text-align: left;\">5. Boletim informativo<\/h2>\n<p style=\"text-align: left;\">N\u00e3o obstante o acima exposto, \u00e9 poss\u00edvel enviar a nossa newsletter em formato eletr\u00f3nico a outras pessoas que possam estar interessadas em visitar o nosso s\u00edtio Web.<\/p>\n<h2 style=\"text-align: left;\">6. Bens de terceiros<\/h2>\n<p style=\"text-align: left;\">O nosso s\u00edtio Web pode incluir hiperliga\u00e7\u00f5es ou outras refer\u00eancias a s\u00edtios Web de terceiros. N\u00e3o controlamos nem revemos o conte\u00fado dos s\u00edtios Web de outras partes que est\u00e3o ligados a este s\u00edtio Web. Os produtos ou servi\u00e7os oferecidos por outros s\u00edtios Web est\u00e3o sujeitos aos termos e condi\u00e7\u00f5es aplic\u00e1veis desses terceiros. As opini\u00f5es expressas ou o material que aparece nesses s\u00edtios Web n\u00e3o s\u00e3o necessariamente apoiados ou aprovados por n\u00f3s.<\/p>\n<p style=\"text-align: left;\">N\u00e3o somos respons\u00e1veis pelas pr\u00e1ticas de privacidade ou pelo conte\u00fado desses s\u00edtios. O utilizador assume todos os riscos associados \u00e0 utiliza\u00e7\u00e3o destes s\u00edtios Web e de quaisquer servi\u00e7os de terceiros relacionados. N\u00e3o aceitamos qualquer responsabilidade por qualquer perda ou dano, independentemente da causa, resultante da divulga\u00e7\u00e3o de informa\u00e7\u00f5es pessoais a terceiros.<\/p>\n<h2 style=\"text-align: left;\">7. Utiliza\u00e7\u00e3o respons\u00e1vel<\/h2>\n<p style=\"text-align: left;\">Ao visitar o nosso s\u00edtio Web, o utilizador concorda em utiliz\u00e1-lo apenas para os fins previstos e conforme permitido pelas presentes Condi\u00e7\u00f5es, por quaisquer acordos adicionais celebrados connosco e pelas leis e regulamentos aplic\u00e1veis, bem como pelas pr\u00e1ticas online geralmente aceites e pelas directrizes do sector. O utilizador n\u00e3o pode utilizar o nosso s\u00edtio Web ou os nossos servi\u00e7os para utilizar, publicar ou distribuir qualquer material que consista em (ou esteja ligado a) software inform\u00e1tico malicioso; utilizar dados recolhidos do nosso s\u00edtio Web para quaisquer actividades de marketing direto; ou realizar quaisquer actividades de recolha de dados sistem\u00e1ticas ou automatizadas no nosso s\u00edtio Web ou em liga\u00e7\u00e3o com o mesmo.<\/p>\n<p style=\"text-align: left;\">\u00c9 estritamente proibido participar em qualquer atividade que cause, ou possa causar, danos ao s\u00edtio Web ou que interfira com o desempenho, a disponibilidade ou a acessibilidade do s\u00edtio Web.<\/p>\n<h2 style=\"text-align: left;\">8. Registo<\/h2>\n<p style=\"text-align: left;\">Pode registar-se para obter uma conta no nosso s\u00edtio Web. Durante este processo, poder\u00e1 ser-lhe pedido que escolha uma palavra-passe. O utilizador \u00e9 respons\u00e1vel por manter a confidencialidade das suas palavras-passe e informa\u00e7\u00f5es da conta e concorda em n\u00e3o partilhar as suas palavras-passe, informa\u00e7\u00f5es da conta ou acesso protegido ao nosso s\u00edtio Web ou servi\u00e7os com qualquer outra pessoa. O utilizador n\u00e3o deve permitir que qualquer outra pessoa utilize a sua conta para aceder ao s\u00edtio Web, uma vez que \u00e9 respons\u00e1vel por todas as actividades que ocorram atrav\u00e9s da utiliza\u00e7\u00e3o das suas palavras-passe ou conta. O utilizador deve informar-nos imediatamente se tiver conhecimento de qualquer divulga\u00e7\u00e3o da sua palavra-passe.<\/p>\n<p style=\"text-align: left;\">Depois de encerrar a sua conta, n\u00e3o tentar\u00e1 registar uma nova conta sem a nossa autoriza\u00e7\u00e3o.<\/p>\n<h2 style=\"text-align: left;\">9. Pol\u00edtica de reembolso e devolu\u00e7\u00e3o<\/h2>\n<p class=\"cmplz-subtitle\" style=\"text-align: left;\">9.1 Direito de retrata\u00e7\u00e3o<\/p>\n<p style=\"text-align: left;\">O utilizador tem o direito de rescindir o contrato no prazo de 14 dias, sem necessidade de indicar qualquer motivo.<\/p>\n<p style=\"text-align: left;\">O prazo de retrata\u00e7\u00e3o expira 14 dias ap\u00f3s o dia em que o comprador adquire a posse f\u00edsica dos bens ou em que um terceiro, que n\u00e3o o transportador indicado pelo comprador, adquire a posse f\u00edsica dos bens.<\/p>\n<p style=\"text-align: left;\">Para exercer o seu direito de retrata\u00e7\u00e3o, deve informar-nos da sua decis\u00e3o de retrata\u00e7\u00e3o do presente contrato atrav\u00e9s de uma declara\u00e7\u00e3o inequ\u00edvoca (por exemplo, uma carta enviada por correio, fax ou correio eletr\u00f3nico). Os nossos dados de contacto podem ser consultados abaixo. Pode utilizar o modelo em anexo\u00a0<a href=\"https:\/\/grillnbbq.it\/wp-content\/uploads\/complianz\/withdrawal-forms\/withdrawal-form-it.pdf\" target=\"_blank\" rel=\"noopener\">Formul\u00e1rio de retirada<\/a>mas n\u00e3o \u00e9 obrigat\u00f3rio.<\/p>\n<p style=\"text-align: left;\">Se utilizar esta op\u00e7\u00e3o, notific\u00e1-lo-emos sem demora da rece\u00e7\u00e3o dessa retirada num suporte duradouro (por exemplo, por correio eletr\u00f3nico).<\/p>\n<p style=\"text-align: left;\">Para respeitar o prazo de retrata\u00e7\u00e3o, basta enviar a sua comunica\u00e7\u00e3o relativa ao exerc\u00edcio do direito de retrata\u00e7\u00e3o antes do termo do prazo de retrata\u00e7\u00e3o.<\/p>\n<p class=\"cmplz-subtitle\" style=\"text-align: left;\">9.2 Efeitos da retirada<\/p>\n<p style=\"text-align: left;\">Se o utilizador rescindir o presente contrato, reembolsaremos todos os pagamentos recebidos do utilizador, incluindo os custos de entrega (exceto os custos adicionais resultantes da escolha de um tipo de entrega diferente do tipo de entrega normal menos dispendioso por n\u00f3s oferecido), sem demora injustificada e, em qualquer caso, o mais tardar 14 dias a contar do dia em que formos informados da decis\u00e3o do utilizador de rescindir o presente contrato. O reembolso ser\u00e1 efectuado utilizando os mesmos meios de pagamento que o utilizador utilizou para a transa\u00e7\u00e3o inicial, salvo acordo expresso em contr\u00e1rio do utilizador; em qualquer caso, o utilizador n\u00e3o incorrer\u00e1 em quaisquer encargos em resultado desse reembolso.<\/p>\n<p style=\"text-align: left;\">N\u00f3s recolhemos a mercadoria.<\/p>\n<p style=\"text-align: left;\">Ter\u00e1 de suportar os custos directos da devolu\u00e7\u00e3o dos bens.<\/p>\n<p style=\"text-align: left;\">O utilizador s\u00f3 \u00e9 respons\u00e1vel pela diminui\u00e7\u00e3o do valor dos bens resultante de um manuseamento que n\u00e3o seja o necess\u00e1rio para determinar a natureza, as caracter\u00edsticas e o funcionamento dos bens.<\/p>\n<p style=\"text-align: left;\">Note-se que existem algumas excep\u00e7\u00f5es legais ao direito de retrata\u00e7\u00e3o, pelo que alguns artigos n\u00e3o podem ser devolvidos ou trocados. Inform\u00e1-lo-emos se tal se aplicar ao seu caso espec\u00edfico.<\/p>\n<h2 style=\"text-align: left;\">10. Apresenta\u00e7\u00e3o de ideias<\/h2>\n<p style=\"text-align: left;\">N\u00e3o submeta quaisquer ideias, inven\u00e7\u00f5es, trabalhos de autoria ou outras informa\u00e7\u00f5es que possam ser consideradas propriedade intelectual sua e que pretenda submeter-nos, exceto se tivermos assinado previamente um acordo de propriedade intelectual ou um acordo de n\u00e3o divulga\u00e7\u00e3o. Se nos revelar o conte\u00fado sem esse acordo escrito, concede-nos uma licen\u00e7a mundial, irrevog\u00e1vel, n\u00e3o exclusiva e isenta de royalties para utilizar, reproduzir, armazenar, adaptar, publicar, traduzir e distribuir o seu conte\u00fado em qualquer meio de comunica\u00e7\u00e3o existente ou futuro.<\/p>\n<h2 style=\"text-align: left;\">11. Cessa\u00e7\u00e3o da utiliza\u00e7\u00e3o<\/h2>\n<p style=\"text-align: left;\">Podemos, segundo o nosso crit\u00e9rio exclusivo, modificar ou terminar em qualquer altura o acesso do utilizador, tempor\u00e1ria ou permanentemente, ao Web site ou a qualquer servi\u00e7o do mesmo. Concorda que n\u00e3o seremos respons\u00e1veis perante si ou perante terceiros por qualquer modifica\u00e7\u00e3o, suspens\u00e3o ou interrup\u00e7\u00e3o do seu acesso ou utiliza\u00e7\u00e3o do Website ou de qualquer conte\u00fado que possa ter partilhado no Website. O utilizador n\u00e3o ter\u00e1 direito a qualquer compensa\u00e7\u00e3o ou outro pagamento, mesmo que quaisquer funcionalidades, defini\u00e7\u00f5es e\/ou qualquer Conte\u00fado com que tenha contribu\u00eddo ou em que tenha confiado sejam permanentemente perdidos. O utilizador n\u00e3o pode contornar ou contornar, ou tentar contornar ou contornar, quaisquer medidas de restri\u00e7\u00e3o de acesso no nosso Web site.<\/p>\n<h2 style=\"text-align: left;\">12. Garantias e responsabilidade<\/h2>\n<p style=\"text-align: left;\">Nada na presente sec\u00e7\u00e3o limita ou exclui qualquer garantia impl\u00edcita por lei que seria ilegal limitar ou excluir. Este s\u00edtio Web e todo o seu conte\u00fado s\u00e3o fornecidos \"tal como est\u00e3o\" e \"conforme dispon\u00edveis\" e podem incluir imprecis\u00f5es ou erros tipogr\u00e1ficos. Renunciamos expressamente a todas as garantias de qualquer tipo, expressas ou impl\u00edcitas, quanto \u00e0 disponibilidade, exatid\u00e3o ou integridade do Conte\u00fado. N\u00e3o garantimos que:<\/p>\n<ul style=\"text-align: left;\">\n<li>este s\u00edtio Web ou os nossos produtos ou servi\u00e7os satisfazem as suas necessidades;<\/li>\n<li>este s\u00edtio Web estar\u00e1 dispon\u00edvel de forma ininterrupta, atempada, segura ou isenta de erros;<\/li>\n<li>a qualidade de qualquer produto ou servi\u00e7o comprado ou obtido pelo utilizador atrav\u00e9s deste s\u00edtio Web corresponder\u00e1 \u00e0s suas expectativas.<\/li>\n<\/ul>\n<p style=\"text-align: left;\">Nada neste s\u00edtio Web constitui ou se destina a constituir aconselhamento jur\u00eddico, financeiro ou m\u00e9dico de qualquer tipo. Se necessitar de aconselhamento, deve consultar um profissional adequado.<\/p>\n<p style=\"text-align: left;\">As disposi\u00e7\u00f5es seguintes da presente sec\u00e7\u00e3o aplicam-se na medida m\u00e1xima permitida pela legisla\u00e7\u00e3o aplic\u00e1vel e n\u00e3o limitam nem excluem a nossa responsabilidade em rela\u00e7\u00e3o a qualquer mat\u00e9ria em que seria ilegal ou il\u00edcito limitar ou excluir a nossa responsabilidade. Em caso algum seremos respons\u00e1veis por quaisquer danos directos ou indirectos (incluindo danos por perda de lucros ou receitas, perda ou corrup\u00e7\u00e3o de dados, software ou bases de dados, ou perda ou dano de propriedade ou dados) incorridos pelo utilizador ou por terceiros resultantes do seu acesso ou utiliza\u00e7\u00e3o do nosso s\u00edtio Web.<\/p>\n<p style=\"text-align: left;\">Exceto na medida em que qualquer acordo suplementar declare expressamente o contr\u00e1rio, a nossa responsabilidade m\u00e1xima perante o utilizador por todos os danos resultantes de ou relacionados com o s\u00edtio Web ou quaisquer produtos e servi\u00e7os comercializados ou vendidos atrav\u00e9s do s\u00edtio Web, independentemente da forma de a\u00e7\u00e3o que imponha a responsabilidade (seja em contrato, equidade, neglig\u00eancia, conduta dolosa, delito ou outra), ser\u00e1 limitada a 500. Este limite aplicar-se-\u00e1, de forma agregada, a todas as suas reclama\u00e7\u00f5es, ac\u00e7\u00f5es e causas de a\u00e7\u00e3o de qualquer tipo e natureza.<\/p>\n<h2 style=\"text-align: left;\">13. Privacidade<\/h2>\n<p style=\"text-align: left;\">Para aceder ao nosso s\u00edtio Web e\/ou servi\u00e7os, poder\u00e1 ser-lhe pedido que forne\u00e7a determinadas informa\u00e7\u00f5es sobre si pr\u00f3prio no \u00e2mbito do processo de registo. O utilizador concorda que qualquer informa\u00e7\u00e3o que forne\u00e7a ser\u00e1 sempre exacta, correcta e actualizada.<\/p>\n<p style=\"text-align: left;\">Levamos os seus dados pessoais a s\u00e9rio e estamos empenhados em proteger a sua privacidade. N\u00e3o utilizaremos o seu endere\u00e7o de correio eletr\u00f3nico para correio n\u00e3o solicitado. Qualquer mensagem de correio eletr\u00f3nico enviada por n\u00f3s ao utilizador ser\u00e1 apenas relacionada com o fornecimento de produtos ou servi\u00e7os acordados.<\/p>\n<p style=\"text-align: left;\">Desenvolvemos uma pol\u00edtica para responder a quaisquer preocupa\u00e7\u00f5es de privacidade que possa ter. Para mais informa\u00e7\u00f5es, consulte a nossa\u00a0<a href=\"https:\/\/puzzle3d.co\/dichiarazione-sulla-privacy-ue\/\">Declara\u00e7\u00e3o de privacidade<\/a>\u00a0e o nosso\u00a0<a href=\"https:\/\/puzzle3d.co\/cookie-policy-eu\/\">Pol\u00edtica de cookies.<\/a><\/p>\n<h2 style=\"text-align: left;\">14. Acessibilidade<\/h2>\n<p style=\"text-align: left;\">Comprometemo-nos a tornar o conte\u00fado que fornecemos acess\u00edvel a pessoas com defici\u00eancia. Se o utilizador for portador de uma defici\u00eancia e n\u00e3o conseguir aceder a qualquer parte do nosso s\u00edtio Web devido \u00e0 sua defici\u00eancia, deve notificar-nos, incluindo uma descri\u00e7\u00e3o pormenorizada do problema com que se deparou. Se o problema for facilmente identific\u00e1vel e solucion\u00e1vel de acordo com as ferramentas e t\u00e9cnicas de TI padr\u00e3o da ind\u00fastria, resolv\u00ea-lo-emos prontamente.<\/p>\n<h2 style=\"text-align: left;\">15. Restri\u00e7\u00f5es \u00e0 exporta\u00e7\u00e3o\/conformidade legal<\/h2>\n<p style=\"text-align: left;\">\u00c9 proibido o acesso ao s\u00edtio Web a partir de territ\u00f3rios ou pa\u00edses onde o Conte\u00fado ou a compra de produtos ou Servi\u00e7os vendidos no s\u00edtio Web seja ilegal. O utilizador n\u00e3o pode utilizar este s\u00edtio Web em viola\u00e7\u00e3o das leis e regulamentos de exporta\u00e7\u00e3o de It\u00e1lia.<\/p>\n<h2 style=\"text-align: left;\">16. Marketing de afiliados<\/h2>\n<p style=\"text-align: left;\">Atrav\u00e9s deste s\u00edtio Web, podemos participar em ac\u00e7\u00f5es de marketing de afiliados, em que recebemos uma percentagem ou comiss\u00e3o pela venda de servi\u00e7os ou produtos neste s\u00edtio Web ou atrav\u00e9s dele. Tamb\u00e9m podemos aceitar patroc\u00ednios ou outras formas de compensa\u00e7\u00e3o publicit\u00e1ria de empresas. O objetivo desta divulga\u00e7\u00e3o \u00e9 cumprir os requisitos legais relativos ao marketing e \u00e0 publicidade que possam ser aplic\u00e1veis, tais como as regras da Comiss\u00e3o Federal de Com\u00e9rcio dos Estados Unidos.<\/p>\n<h2 style=\"text-align: left;\">17. Atribui\u00e7\u00e3o<\/h2>\n<p style=\"text-align: left;\">O utilizador n\u00e3o pode ceder, transferir ou subcontratar quaisquer dos seus direitos e\/ou obriga\u00e7\u00f5es ao abrigo dos presentes Termos e Condi\u00e7\u00f5es, no todo ou em parte, a terceiros sem o nosso consentimento pr\u00e9vio por escrito. Qualquer pretensa cess\u00e3o que viole o disposto na presente sec\u00e7\u00e3o ser\u00e1 considerada nula.<\/p>\n<h2 style=\"text-align: left;\">18. Viola\u00e7\u00f5es dos presentes termos e condi\u00e7\u00f5es<\/h2>\n<p style=\"text-align: left;\">Sem preju\u00edzo dos nossos outros direitos ao abrigo dos presentes Termos e Condi\u00e7\u00f5es, se o utilizador violar os presentes Termos e Condi\u00e7\u00f5es de alguma forma, poderemos tomar as medidas que considerarmos adequadas para lidar com a viola\u00e7\u00e3o, incluindo a suspens\u00e3o tempor\u00e1ria ou permanente do acesso do utilizador ao Website, contactando o seu fornecedor de servi\u00e7os de Internet para solicitar que bloqueie o acesso do utilizador ao Website e\/ou tomando medidas legais contra o utilizador.<\/p>\n<h2 style=\"text-align: left;\">19. For\u00e7a maior<\/h2>\n<p style=\"text-align: left;\">Exceto no que se refere \u00e0s obriga\u00e7\u00f5es de pagamento, nenhum atraso, falha ou omiss\u00e3o de qualquer das partes no cumprimento ou observ\u00e2ncia de qualquer uma das suas obriga\u00e7\u00f5es nos termos do presente documento ser\u00e1 considerado uma viola\u00e7\u00e3o dos presentes Termos e Condi\u00e7\u00f5es se e enquanto tal atraso, falha ou omiss\u00e3o resultar de qualquer causa fora do controlo razo\u00e1vel dessa parte.<\/p>\n<h2 style=\"text-align: left;\">20. Indemniza\u00e7\u00e3o<\/h2>\n<p style=\"text-align: left;\">O utilizador concorda em indemnizar, defender e isentar a Mars de todas e quaisquer reclama\u00e7\u00f5es, responsabilidades, danos, perdas e despesas relacionadas com a viola\u00e7\u00e3o dos presentes termos e condi\u00e7\u00f5es e da legisla\u00e7\u00e3o aplic\u00e1vel, incluindo direitos de propriedade intelectual e direitos de privacidade. O utilizador reembolsar-nos-\u00e1 prontamente pelos nossos danos, perdas, custos e despesas relacionados com ou resultantes de tais reclama\u00e7\u00f5es.<\/p>\n<h2 style=\"text-align: left;\">21. Ren\u00fancia<\/h2>\n<p style=\"text-align: left;\">O n\u00e3o cumprimento de qualquer das disposi\u00e7\u00f5es estabelecidas nas presentes Condi\u00e7\u00f5es Gerais e em qualquer Acordo, ou o n\u00e3o exerc\u00edcio de qualquer op\u00e7\u00e3o de rescis\u00e3o, n\u00e3o ser\u00e1 interpretado como uma ren\u00fancia a essas disposi\u00e7\u00f5es e n\u00e3o afectar\u00e1 a validade das presentes Condi\u00e7\u00f5es Gerais ou de qualquer Acordo ou parte dele, nem o direito subsequente de fazer cumprir qualquer disposi\u00e7\u00e3o individual.<\/p>\n<h2 style=\"text-align: left;\">22. L\u00edngua<\/h2>\n<p style=\"text-align: left;\">As presentes Condi\u00e7\u00f5es Gerais de Venda ser\u00e3o interpretadas e interpretadas exclusivamente em italiano. Todas as notifica\u00e7\u00f5es e correspond\u00eancia devem ser redigidas exclusivamente nessa l\u00edngua.<\/p>\n<h2 style=\"text-align: left;\">23. Acordo global<\/h2>\n<p style=\"text-align: left;\">Estes Termos e Condi\u00e7\u00f5es, juntamente com a nossa declara\u00e7\u00e3o de privacidade e pol\u00edtica de cookies, constituem o acordo integral entre o utilizador e a MEDDYS di Saca Eugeniu &amp;C SNC em rela\u00e7\u00e3o \u00e0 utiliza\u00e7\u00e3o deste s\u00edtio Web.<\/p>\n<h2 style=\"text-align: left;\">24. Atualiza\u00e7\u00e3o dos presentes termos e condi\u00e7\u00f5es<\/h2>\n<p style=\"text-align: left;\">Poderemos atualizar periodicamente os presentes Termos e Condi\u00e7\u00f5es. O utilizador tem a obriga\u00e7\u00e3o de verificar periodicamente os presentes Termos e Condi\u00e7\u00f5es para detetar quaisquer altera\u00e7\u00f5es ou actualiza\u00e7\u00f5es. A data indicada no topo dos presentes Termos e Condi\u00e7\u00f5es \u00e9 a data da \u00faltima revis\u00e3o. As altera\u00e7\u00f5es aos presentes Termos e Condi\u00e7\u00f5es entrar\u00e3o em vigor quando tais altera\u00e7\u00f5es forem publicadas neste s\u00edtio Web. A utiliza\u00e7\u00e3o continuada deste s\u00edtio Web ap\u00f3s a publica\u00e7\u00e3o de altera\u00e7\u00f5es ou actualiza\u00e7\u00f5es ser\u00e1 considerada como constituindo o seu acordo em cumprir e ficar vinculado aos presentes Termos e Condi\u00e7\u00f5es.<\/p>\n<h2 style=\"text-align: left;\">25. Escolha da lei e da jurisdi\u00e7\u00e3o<\/h2>\n<p style=\"text-align: left;\">As presentes Condi\u00e7\u00f5es Gerais s\u00e3o regidas pela legisla\u00e7\u00e3o italiana. Qualquer lit\u00edgio relacionado com os presentes Termos e Condi\u00e7\u00f5es estar\u00e1 sujeito \u00e0 jurisdi\u00e7\u00e3o dos tribunais de It\u00e1lia. Se qualquer parte ou disposi\u00e7\u00e3o dos presentes Termos e Condi\u00e7\u00f5es for considerada por qualquer tribunal ou outra autoridade como inv\u00e1lida e\/ou inexequ\u00edvel ao abrigo da legisla\u00e7\u00e3o aplic\u00e1vel, essa parte ou disposi\u00e7\u00e3o ser\u00e1 modificada, eliminada e\/ou executada na medida m\u00e1xima permitida, de modo a dar efeito \u00e0 inten\u00e7\u00e3o dos presentes Termos e Condi\u00e7\u00f5es. As outras disposi\u00e7\u00f5es n\u00e3o ser\u00e3o afectadas.<\/p>\n<h2 style=\"text-align: left;\">26. Informa\u00e7\u00f5es de contacto<\/h2>\n<p style=\"text-align: left;\">Este s\u00edtio Web \u00e9 propriedade e \u00e9 gerido por MEDDYS di Saca Eugeniu &amp;C SNC.<\/p>\n<p style=\"text-align: left;\">Pode contactar-nos relativamente aos presentes Termos e Condi\u00e7\u00f5es escrevendo-nos ou enviando-nos uma mensagem de correio eletr\u00f3nico para o seguinte endere\u00e7o: info@puzzle3d.co<\/p>\n<p style=\"text-align: left;\">Endere\u00e7o:<\/p>\n<h4 style=\"text-align: left;\"><strong>Puzzles 3D<br \/><\/strong>(MEDDYS SNC)<\/h4>\n<p style=\"text-align: left;\"><span id=\"Via_Cipro_125124_BresciaItalia\">Via Bologna, 10<br \/>25073 Bovezzo (BS)<br \/><\/span>It\u00e1lia<\/p>\n<p style=\"text-align: left;\">https:\/\/puzzle3d.co<br \/>support@puzzle3d.co<br \/>Tel. +39 371 5394 647<\/p>\n<\/div>\n\t\t<\/div>\n\t\t\t\t\t<\/div>\n\n\t\n<\/div>\n\t\t<\/div>\n\n\t\t\n<style>\n#section_326533902 {\n  padding-top: 60px;\n  padding-bottom: 60px;\n  min-height: 300px;\n  background-color: rgb(245, 245, 245);\n}\n<\/style>\n\t<\/section>","protected":false},"excerpt":{"rendered":"","protected":false},"author":10,"featured_media":0,"parent":0,"menu_order":0,"comment_status":"closed","ping_status":"closed","template":"","meta":{"slim_seo":{"title":"Termini e Condizioni - Puzzle 3D","description":"TERMOS E CONDI\u00c7\u00d5ES Os presentes Termos e Condi\u00e7\u00f5es foram actualizados pela \u00faltima vez em 11 de dezembro de 2022 1."},"footnotes":""},"class_list":["post-3152","page","type-page","status-publish","hentry"],"_links":{"self":[{"href":"https:\/\/puzzle3d.co\/pt\/wp-json\/wp\/v2\/pages\/3152","targetHints":{"allow":["GET"]}}],"collection":[{"href":"https:\/\/puzzle3d.co\/pt\/wp-json\/wp\/v2\/pages"}],"about":[{"href":"https:\/\/puzzle3d.co\/pt\/wp-json\/wp\/v2\/types\/page"}],"author":[{"embeddable":true,"href":"https:\/\/puzzle3d.co\/pt\/wp-json\/wp\/v2\/users\/10"}],"replies":[{"embeddable":true,"href":"https:\/\/puzzle3d.co\/pt\/wp-json\/wp\/v2\/comments?post=3152"}],"version-history":[{"count":0,"href":"https:\/\/puzzle3d.co\/pt\/wp-json\/wp\/v2\/pages\/3152\/revisions"}],"wp:attachment":[{"href":"https:\/\/puzzle3d.co\/pt\/wp-json\/wp\/v2\/media?parent=3152"}],"curies":[{"name":"wp","href":"https:\/\/api.w.org\/{rel}","templated":true}]}}