{"id":3037,"date":"2023-11-15T18:15:18","date_gmt":"2023-11-15T18:15:18","guid":{"rendered":"https:\/\/puzzle3d.co\/?page_id=3037"},"modified":"2025-02-16T07:14:26","modified_gmt":"2025-02-16T07:14:26","slug":"declaracao-de-privacidade-da-ue","status":"publish","type":"page","link":"https:\/\/puzzle3d.co\/pt\/dichiarazione-sulla-privacy-ue\/","title":{"rendered":"Declara\u00e7\u00e3o de privacidade (UE)"},"content":{"rendered":"<h1><span id=\"Dichiarazione_sulla_Privacy_UE\"><strong>Declara\u00e7\u00e3o de privacidade (UE)<\/strong><\/span><\/h1>\n<p><em>Esta declara\u00e7\u00e3o de privacidade foi actualizada pela \u00faltima vez em 21 de outubro de 2022 e aplica-se aos cidad\u00e3os e residentes permanentes legais do Espa\u00e7o Econ\u00f3mico Europeu e da Su\u00ed\u00e7a<\/em><\/p>\n<p>Na presente declara\u00e7\u00e3o de privacidade, explicamos o que fazemos com os dados que obtemos do utilizador atrav\u00e9s de https:\/\/puzzle3d.co. Recomendamos que leia a declara\u00e7\u00e3o com aten\u00e7\u00e3o. Durante o processamento, cumprimos os requisitos da legisla\u00e7\u00e3o sobre privacidade. Isto significa, entre outras coisas, que:<\/p>\n<ul>\n<li>comunicamos claramente a raz\u00e3o pela qual processamos dados pessoais. Fazemo-lo atrav\u00e9s da presente declara\u00e7\u00e3o de privacidade;<\/li>\n<li>O nosso objetivo \u00e9 limitar a recolha de dados pessoais apenas aos necess\u00e1rios para fins leg\u00edtimos;<\/li>\n<li>pedimos primeiro o seu consentimento expl\u00edcito para tratar os seus dados pessoais nos casos que exigem o seu consentimento;<\/li>\n<li>Tomamos medidas de seguran\u00e7a adequadas para proteger os seus dados pessoais e exigimos o mesmo \u00e0s partes que processam dados pessoais em nosso nome;<\/li>\n<li>respeitamos o seu direito de aceder aos seus dados pessoais ou de os mandar corrigir ou apagar a seu pedido.<\/li>\n<\/ul>\n<p>Se tiver alguma d\u00favida ou quiser saber exatamente que dados armazenamos, contacte-nos.<\/p>\n<ol>\n<li><strong>Objetivo, dados e per\u00edodo de conserva\u00e7\u00e3o<\/strong><\/li>\n<\/ol>\n<p>Podemos recolher ou receber informa\u00e7\u00f5es pessoais para uma variedade de fins relacionados com as nossas opera\u00e7\u00f5es comerciais, que podem incluir o seguinte: (clique para expandir)<\/p>\n<h3><span id=\"11_Contatto_8211_Tramite_telefono_posta_email_eo_moduli_web\">1.1 Contacto - por telefone, correio, correio eletr\u00f3nico e\/ou formul\u00e1rios Web<\/span><\/h3>\n<p><strong>Para o efeito, utilizamos os seguintes dados:<\/strong><\/p>\n<ul>\n<li>Um nome e um apelido<\/li>\n<li>Nome da conta ou pseud\u00f3nimo<\/li>\n<li>Uma casa ou um endere\u00e7o f\u00edsico diferente, incluindo o nome da rua e a cidade<\/li>\n<li>Um endere\u00e7o de correio eletr\u00f3nico<\/li>\n<li>Um n\u00famero de telefone<\/li>\n<li>Endere\u00e7o IP<\/li>\n<li>Informa\u00e7\u00f5es sobre a atividade na Internet, incluindo, mas n\u00e3o se limitando a, hist\u00f3rico de navega\u00e7\u00e3o, hist\u00f3rico de pesquisa e informa\u00e7\u00f5es relativas \u00e0 intera\u00e7\u00e3o de um utilizador com um s\u00edtio Web, aplica\u00e7\u00e3o ou an\u00fancio na Internet<\/li>\n<li>Dados de geolocaliza\u00e7\u00e3o<\/li>\n<\/ul>\n<p><strong>A base sobre a qual processamos os dados \u00e9:<\/strong><\/p>\n<p><a href=\"https:\/\/cookiedatabase.org\/legal-bases\/#consent\">N\u00e3o autorizado.<\/a><\/p>\n<p><strong>Per\u00edodo de armazenamento<\/strong><\/p>\n<p>Ap\u00f3s a cessa\u00e7\u00e3o do servi\u00e7o, conservamos estes dados durante o seguinte per\u00edodo: 24 meses.<\/p>\n<h3><span id=\"12_Pagamenti\">1.2 Pagamentos<\/span><\/h3>\n<p><strong>Para o efeito, utilizamos os seguintes dados:<\/strong><\/p>\n<ul>\n<li>Um nome e um apelido<\/li>\n<li>Nome da conta ou pseud\u00f3nimo<\/li>\n<li>Uma casa ou um endere\u00e7o f\u00edsico diferente, incluindo o nome da rua e a cidade<\/li>\n<li>Um endere\u00e7o de correio eletr\u00f3nico<\/li>\n<li>Um n\u00famero de telefone<\/li>\n<li>Endere\u00e7o IP<\/li>\n<li>Informa\u00e7\u00f5es sobre a atividade na Internet, incluindo, mas n\u00e3o se limitando a, hist\u00f3rico de navega\u00e7\u00e3o, hist\u00f3rico de pesquisa e informa\u00e7\u00f5es relativas \u00e0 intera\u00e7\u00e3o de um utilizador com um s\u00edtio Web, aplica\u00e7\u00e3o ou an\u00fancio na Internet<\/li>\n<\/ul>\n<p><strong>A base sobre a qual processamos os dados \u00e9:<\/strong><\/p>\n<p><a href=\"https:\/\/cookiedatabase.org\/legal-bases\/#consent\">N\u00e3o autorizado.<\/a><\/p>\n<p><strong>Per\u00edodo de armazenamento<\/strong><\/p>\n<p>Ap\u00f3s a cessa\u00e7\u00e3o do servi\u00e7o, conservamos estes dados durante o seguinte per\u00edodo: 24 meses.<\/p>\n<h3><span id=\"13_Registrazione_account\">1.3 Registo da conta<\/span><\/h3>\n<p><strong>Para o efeito, utilizamos os seguintes dados:<\/strong><\/p>\n<ul>\n<li>Um nome e um apelido<\/li>\n<li>Nome da conta ou pseud\u00f3nimo<\/li>\n<li>Uma casa ou um endere\u00e7o f\u00edsico diferente, incluindo o nome da rua e a cidade<\/li>\n<li>Um endere\u00e7o de correio eletr\u00f3nico<\/li>\n<li>Um n\u00famero de telefone<\/li>\n<li>Endere\u00e7o IP<\/li>\n<li>Informa\u00e7\u00f5es sobre a atividade na Internet, incluindo, mas n\u00e3o se limitando a, hist\u00f3rico de navega\u00e7\u00e3o, hist\u00f3rico de pesquisa e informa\u00e7\u00f5es relativas \u00e0 intera\u00e7\u00e3o de um utilizador com um s\u00edtio Web, aplica\u00e7\u00e3o ou an\u00fancio na Internet<\/li>\n<\/ul>\n<p><strong>A base sobre a qual processamos os dados \u00e9:<\/strong><\/p>\n<p><a href=\"https:\/\/cookiedatabase.org\/legal-bases\/#consent\">N\u00e3o autorizado.<\/a><\/p>\n<p><strong>Per\u00edodo de armazenamento<\/strong><\/p>\n<p>Ap\u00f3s a cessa\u00e7\u00e3o do servi\u00e7o, conservamos estes dados durante o seguinte per\u00edodo: 24 meses.<\/p>\n<h3><span id=\"14_Newsletter\">1.4 Boletim informativo<\/span><\/h3>\n<p><strong>Para o efeito, utilizamos os seguintes dados:<\/strong><\/p>\n<ul>\n<li>Um nome e um apelido<\/li>\n<li>Nome da conta ou pseud\u00f3nimo<\/li>\n<li>Uma casa ou um endere\u00e7o f\u00edsico diferente, incluindo o nome da rua e a cidade<\/li>\n<li>Um endere\u00e7o de correio eletr\u00f3nico<\/li>\n<li>Um n\u00famero de telefone<\/li>\n<li>Endere\u00e7o IP<\/li>\n<li>Informa\u00e7\u00f5es sobre a atividade na Internet, incluindo, mas n\u00e3o se limitando a, hist\u00f3rico de navega\u00e7\u00e3o, hist\u00f3rico de pesquisa e informa\u00e7\u00f5es relativas \u00e0 intera\u00e7\u00e3o de um utilizador com um s\u00edtio Web, aplica\u00e7\u00e3o ou an\u00fancio na Internet<\/li>\n<\/ul>\n<p><strong>A base sobre a qual processamos os dados \u00e9:<\/strong><\/p>\n<p><a href=\"https:\/\/cookiedatabase.org\/legal-bases\/#consent\">N\u00e3o autorizado.<\/a><\/p>\n<p><strong>Per\u00edodo de armazenamento<\/strong><\/p>\n<p>Ap\u00f3s a cessa\u00e7\u00e3o do servi\u00e7o, conservamos estes dados durante o seguinte per\u00edodo: 24 meses.<\/p>\n<h3><span id=\"15_Per_supportare_servizi_o_prodotti_che_un_cliente_vogliono_o_hanno_comprato\">1.5 Para apoiar servi\u00e7os ou produtos que um cliente deseja ou comprou<\/span><\/h3>\n<p><strong>Para o efeito, utilizamos os seguintes dados:<\/strong><\/p>\n<ul>\n<li>Um nome e um apelido<\/li>\n<li>Nome da conta ou pseud\u00f3nimo<\/li>\n<li>Uma casa ou um endere\u00e7o f\u00edsico diferente, incluindo o nome da rua e a cidade<\/li>\n<li>Um endere\u00e7o de correio eletr\u00f3nico<\/li>\n<li>Um n\u00famero de telefone<\/li>\n<li>Endere\u00e7o IP<\/li>\n<li>Informa\u00e7\u00f5es sobre a atividade na Internet, incluindo, mas n\u00e3o se limitando a, hist\u00f3rico de navega\u00e7\u00e3o, hist\u00f3rico de pesquisa e informa\u00e7\u00f5es relativas \u00e0 intera\u00e7\u00e3o de um utilizador com um s\u00edtio Web, aplica\u00e7\u00e3o ou an\u00fancio na Internet<\/li>\n<li>Dados de geolocaliza\u00e7\u00e3o<\/li>\n<\/ul>\n<p><strong>A base sobre a qual processamos os dados \u00e9:<\/strong><\/p>\n<p><a href=\"https:\/\/cookiedatabase.org\/legal-bases\/#consent\">N\u00e3o autorizado.<\/a><\/p>\n<p><strong>Per\u00edodo de armazenamento<\/strong><\/p>\n<p>Ap\u00f3s a cessa\u00e7\u00e3o do servi\u00e7o, conservamos estes dados durante o seguinte per\u00edodo: 24 meses.<\/p>\n<h3><span id=\"16_Per_essere_in_grado_di_rispettare_gli_obblighi_legali\">1.6 Para podermos cumprir as obriga\u00e7\u00f5es legais<\/span><\/h3>\n<p><strong>Para o efeito, utilizamos os seguintes dados:<\/strong><\/p>\n<ul>\n<li>Um nome e um apelido<\/li>\n<li>Nome da conta ou pseud\u00f3nimo<\/li>\n<li>Uma casa ou um endere\u00e7o f\u00edsico diferente, incluindo o nome da rua e a cidade<\/li>\n<li>Um endere\u00e7o de correio eletr\u00f3nico<\/li>\n<li>Um n\u00famero de telefone<\/li>\n<li>Endere\u00e7o IP<\/li>\n<li>Informa\u00e7\u00f5es sobre a atividade na Internet, incluindo, mas n\u00e3o se limitando a, hist\u00f3rico de navega\u00e7\u00e3o, hist\u00f3rico de pesquisa e informa\u00e7\u00f5es relativas \u00e0 intera\u00e7\u00e3o de um utilizador com um s\u00edtio Web, aplica\u00e7\u00e3o ou an\u00fancio na Internet<\/li>\n<\/ul>\n<p><strong>A base sobre a qual processamos os dados \u00e9:<\/strong><\/p>\n<p><a href=\"https:\/\/cookiedatabase.org\/legal-bases\/#consent\">N\u00e3o autorizado.<\/a><\/p>\n<p><strong>Per\u00edodo de armazenamento<\/strong><\/p>\n<p>Ap\u00f3s a cessa\u00e7\u00e3o do servi\u00e7o, conservamos estes dados durante o seguinte per\u00edodo: 24 meses.<\/p>\n<h3><span id=\"17_Compilazione_ed_analisi_di_statistiche_per_migliore_il_sito\">1.7 Compila\u00e7\u00e3o e an\u00e1lise de estat\u00edsticas para melhorar o s\u00edtio.<\/span><\/h3>\n<p><strong>Para o efeito, utilizamos os seguintes dados:<\/strong><\/p>\n<ul>\n<li>Um nome e um apelido<\/li>\n<li>Nome da conta ou pseud\u00f3nimo<\/li>\n<li>Uma casa ou um endere\u00e7o f\u00edsico diferente, incluindo o nome da rua e a cidade<\/li>\n<li>Um endere\u00e7o de correio eletr\u00f3nico<\/li>\n<li>Um n\u00famero de telefone<\/li>\n<li>Endere\u00e7o IP<\/li>\n<li>Informa\u00e7\u00f5es sobre a atividade na Internet, incluindo, mas n\u00e3o se limitando a, hist\u00f3rico de navega\u00e7\u00e3o, hist\u00f3rico de pesquisa e informa\u00e7\u00f5es relativas \u00e0 intera\u00e7\u00e3o de um utilizador com um s\u00edtio Web, aplica\u00e7\u00e3o ou an\u00fancio na Internet<\/li>\n<li>Dados de geolocaliza\u00e7\u00e3o<\/li>\n<\/ul>\n<p><strong>A base sobre a qual processamos os dados \u00e9:<\/strong><\/p>\n<p><a href=\"https:\/\/cookiedatabase.org\/legal-bases\/#consent\">N\u00e3o autorizado.<\/a><\/p>\n<p><strong>Per\u00edodo de armazenamento<\/strong><\/p>\n<p>Ap\u00f3s a cessa\u00e7\u00e3o do servi\u00e7o, conservamos estes dados durante o seguinte per\u00edodo: 24 meses.<\/p>\n<h3><span id=\"18_Per_poter_offrire_prodotti_e_servizi_personalizzati\">1.8 Para podermos oferecer produtos e servi\u00e7os personalizados<\/span><\/h3>\n<p><strong>Para o efeito, utilizamos os seguintes dados:<\/strong><\/p>\n<ul>\n<li>Um nome e um apelido<\/li>\n<li>Nome da conta ou pseud\u00f3nimo<\/li>\n<li>Uma casa ou um endere\u00e7o f\u00edsico diferente, incluindo o nome da rua e a cidade<\/li>\n<li>Um endere\u00e7o de correio eletr\u00f3nico<\/li>\n<li>Um n\u00famero de telefone<\/li>\n<li>Endere\u00e7o IP<\/li>\n<li>Informa\u00e7\u00f5es sobre a atividade na Internet, incluindo, mas n\u00e3o se limitando a, hist\u00f3rico de navega\u00e7\u00e3o, hist\u00f3rico de pesquisa e informa\u00e7\u00f5es relativas \u00e0 intera\u00e7\u00e3o de um utilizador com um s\u00edtio Web, aplica\u00e7\u00e3o ou an\u00fancio na Internet<\/li>\n<li>Dados de geolocaliza\u00e7\u00e3o<\/li>\n<\/ul>\n<p><strong>A base sobre a qual processamos os dados \u00e9:<\/strong><\/p>\n<p><a href=\"https:\/\/cookiedatabase.org\/legal-bases\/#consent\">N\u00e3o autorizado.<\/a><\/p>\n<p><strong>Per\u00edodo de armazenamento<\/strong><\/p>\n<p>Ap\u00f3s a cessa\u00e7\u00e3o do servi\u00e7o, conservamos estes dados durante o seguinte per\u00edodo: 24 meses.<\/p>\n<ol start=\"2\">\n<li><strong>Biscoitos<\/strong><\/li>\n<\/ol>\n<p>O nosso s\u00edtio Web utiliza cookies. Para mais informa\u00e7\u00f5es sobre cookies, consulte a nossa Pol\u00edtica de Cookies.<\/p>\n<p>Celebr\u00e1mos um acordo de processamento de dados com a Google.<\/p>\n<p>A Google n\u00e3o pode utilizar os dados para outros servi\u00e7os Google.<\/p>\n<ol start=\"3\">\n<li><strong>Seguran\u00e7a<\/strong><\/li>\n<\/ol>\n<p>Comprometemo-nos a garantir a seguran\u00e7a dos dados pessoais. Adoptamos medidas de seguran\u00e7a adequadas para limitar a utiliza\u00e7\u00e3o indevida e o acesso n\u00e3o autorizado aos dados pessoais. Isto garante que apenas as pessoas necess\u00e1rias t\u00eam acesso aos seus dados, que o acesso aos dados est\u00e1 protegido e que as nossas medidas de seguran\u00e7a s\u00e3o revistas regularmente.<\/p>\n<ol start=\"4\">\n<li><strong>S\u00edtios Web de terceiros<\/strong><\/li>\n<\/ol>\n<p>Esta declara\u00e7\u00e3o de privacidade n\u00e3o se aplica a s\u00edtios Web de terceiros ligados ao nosso s\u00edtio Web. N\u00e3o podemos garantir que esses terceiros tratem os seus dados pessoais de forma fi\u00e1vel e segura. Aconselhamos o utilizador a ler as declara\u00e7\u00f5es de privacidade desses s\u00edtios Web antes de os utilizar.<\/p>\n<ol start=\"5\">\n<li><strong>Multas relativas a esta declara\u00e7\u00e3o de privacidade.<\/strong><\/li>\n<\/ol>\n<p>Reservamo-nos o direito de efetuar altera\u00e7\u00f5es a esta declara\u00e7\u00e3o de privacidade. Recomendamos que consulte esta declara\u00e7\u00e3o de privacidade regularmente para ter conhecimento de quaisquer altera\u00e7\u00f5es. Al\u00e9m disso, iremos inform\u00e1-lo ativamente sempre que poss\u00edvel.<\/p>\n<ol start=\"6\">\n<li><strong>Aceder e editar os seus dados<\/strong><\/li>\n<\/ol>\n<p>Se tiver alguma d\u00favida ou quiser saber exatamente quais os dados pessoais que temos sobre si, contacte-nos.<\/p>\n<ul>\n<li>O utilizador tem o direito de saber quando os seus dados pessoais s\u00e3o necess\u00e1rios, o que lhes acontece e durante quanto tempo s\u00e3o conservados.<\/li>\n<li>Direito de acesso: o utilizador tem o direito de aceder aos seus dados pessoais de que temos conhecimento.<\/li>\n<li>Direito de retifica\u00e7\u00e3o: o utilizador tem o direito de completar, corrigir, apagar ou bloquear os seus dados pessoais sempre que o desejar.<\/li>\n<li>Se tiver alguma d\u00favida ou problema com a acessibilidade do s\u00edtio Web, n\u00e3o hesite em contactar-nos.<\/li>\n<li>Direito de transferir os seus dados: o utilizador tem o direito de solicitar todos os seus dados ao respons\u00e1vel pelo tratamento e de os transferir para outro respons\u00e1vel pelo tratamento.<\/li>\n<li>Direito de obje\u00e7\u00e3o: o utilizador tem o direito de se opor ao tratamento dos seus dados. Respeitaremos esta op\u00e7\u00e3o, exceto se existir um fundamento v\u00e1lido para o tratamento.<\/li>\n<\/ul>\n<p>Certifique-se de que indica sempre claramente quem \u00e9, para ter a certeza de que n\u00e3o apaga ou altera os dados de uma pessoa errada.<\/p>\n<ol start=\"7\">\n<li><strong>Envio de uma queixa<\/strong><\/li>\n<\/ol>\n<p>Se n\u00e3o estiver satisfeito com a forma como tratamos (uma queixa sobre) o processamento dos seus dados pessoais, tem o direito de enviar uma queixa \u00e0 Autoridade de Prote\u00e7\u00e3o de Dados.<\/p>\n<ol start=\"8\">\n<li><strong>Dados de contacto<\/strong><\/li>\n<\/ol>\n<p><strong>PUZZLE3D.CO<\/strong><br \/>\n<span style=\"font-size: 75%;\">(MEDDYS SNC)<\/span><\/p>\n<p>Via Bologna 10<br \/>\nBovezzo (BS) 25073<br \/>\nIt\u00e1lia<\/p>\n<p>S\u00edtio Web: https:\/\/puzzle3d.co<br \/>\nCorreio eletr\u00f3nico: support@puzzle3d.co<br \/>\nN\u00famero de telefone: 371 5394 647<\/p>","protected":false},"excerpt":{"rendered":"<p>Dichiarazione sulla Privacy (UE) Questa dichiarazione sulla privacy \u00e8 stata aggiornata l\u2019ultima volta il Ottobre 21, 2022 e si applica ai cittadini e ai residenti permanenti legali dello Spazio Economico Europeo e della Svizzera In questa dichiarazione sulla privacy, spieghiamo cosa facciamo con i dati che otteniamo da te attraverso\u00a0https:\/\/puzzle3d.co\u00a0Ti consigliamo di leggere attentamente la [&#8230;]\n","protected":false},"author":10,"featured_media":0,"parent":0,"menu_order":0,"comment_status":"closed","ping_status":"closed","template":"","meta":{"slim_seo":{"title":"Dichiarazione sulla Privacy (UE) - Puzzle 3D","description":"Declara\u00e7\u00e3o de privacidade (UE) Esta declara\u00e7\u00e3o de privacidade foi actualizada pela \u00faltima vez em 21 de outubro de 2022 e aplica-se aos cidad\u00e3os e residentes da UE."},"footnotes":""},"class_list":["post-3037","page","type-page","status-publish","hentry"],"_links":{"self":[{"href":"https:\/\/puzzle3d.co\/pt\/wp-json\/wp\/v2\/pages\/3037","targetHints":{"allow":["GET"]}}],"collection":[{"href":"https:\/\/puzzle3d.co\/pt\/wp-json\/wp\/v2\/pages"}],"about":[{"href":"https:\/\/puzzle3d.co\/pt\/wp-json\/wp\/v2\/types\/page"}],"author":[{"embeddable":true,"href":"https:\/\/puzzle3d.co\/pt\/wp-json\/wp\/v2\/users\/10"}],"replies":[{"embeddable":true,"href":"https:\/\/puzzle3d.co\/pt\/wp-json\/wp\/v2\/comments?post=3037"}],"version-history":[{"count":0,"href":"https:\/\/puzzle3d.co\/pt\/wp-json\/wp\/v2\/pages\/3037\/revisions"}],"wp:attachment":[{"href":"https:\/\/puzzle3d.co\/pt\/wp-json\/wp\/v2\/media?parent=3037"}],"curies":[{"name":"wp","href":"https:\/\/api.w.org\/{rel}","templated":true}]}}