{"id":942,"date":"2023-01-31T09:32:58","date_gmt":"2023-01-31T09:32:58","guid":{"rendered":"https:\/\/puzzle3d.co\/product\/kinetic-globe-puzzle-3d-copy\/"},"modified":"2025-06-11T19:04:17","modified_gmt":"2025-06-11T19:04:17","slug":"mechaniczny-wiatrak-puzzle-3d","status":"publish","type":"product","link":"https:\/\/puzzle3d.co\/pl\/prodotto\/mulino-a-vento-meccanico-puzzle-3d\/","title":{"rendered":"Drewniany mechaniczny wiatrak do zbudowania 227 element\u00f3w"},"content":{"rendered":"<div>\n<div>\n<div>\n<p><strong>Drewniany mechaniczny wiatrak do zbudowania 227 element\u00f3w<\/strong><\/p>\n<\/div>\n<div><\/div>\n<div>Wiatraki uratowa\u0142y Holandi\u0119 przed powodzi\u0105.<\/div>\n<div><\/div>\n<div>Jak to mo\u017ce \"uratowa\u0107\" tak\u017ce ciebie?<\/div>\n<div><\/div>\n<div>Z\u0142\u00f3\u017c wiatrak, gdy chcesz uciec od rutyny, obserwuj obracaj\u0105ce si\u0119 \u015bmig\u0142a, gdy jeste\u015b zm\u0119czony lub po prostu podaruj wiatrak ukochanej osobie, a b\u0119dzie Ci bardzo wdzi\u0119czna.<\/div>\n<div><\/div>\n<div>Idealny prezent dla mi\u0142o\u015bnik\u00f3w przyrody<\/div>\n<div><\/div>\n<div>Mo\u017cna go z\u0142o\u017cy\u0107 razem z dzieckiem. Tw\u00f3j ma\u0142y partner b\u0119dzie zafascynowany tym modelem, a jednocze\u015bnie opowie histori\u0119, wyobra\u017caj\u0105c sobie, jak setki lat temu ludzie mielili ziarna, zbo\u017ca, t\u0142oczyli olej, rozdrabniali tyto\u0144, a nawet robili papier.<\/div>\n<div><\/div>\n<div>Nawiasem m\u00f3wi\u0105c, pierwsze wiatraki zosta\u0142y wynalezione oko\u0142o IX wieku w staro\u017cytnej Persji i rozprzestrzeni\u0142y si\u0119 w Europie oko\u0142o XVIII wieku.<\/div>\n<div><\/div>\n<div>Wiatrak to mebel, kt\u00f3ry b\u0119dziesz chcia\u0142 wyeksponowa\u0107 tam, gdzie sp\u0119dzasz najwi\u0119cej czasu.<\/div>\n<div><\/div>\n<\/div>\n<div>\n<div><strong>SZCZEG\u00d3\u0141Y PRODUKTU:<\/strong><\/div>\n<div><\/div>\n<div>Wymiary modelu: 195*340*400 mm<\/div>\n<div>Wymiary opakowania: 375 x 243 x 20 mm<\/div>\n<div>Liczba sztuk: 227<\/div>\n<\/div>\n<\/div>\n<div>\n<div><\/div>\n<\/div>","protected":false},"excerpt":{"rendered":"<div>Z\u0142\u00f3\u017c wiatrak, gdy chcesz uciec od rutyny, obserwuj obracaj\u0105ce si\u0119 \u015bmig\u0142a, gdy jeste\u015b zm\u0119czony lub po prostu podaruj wiatrak ukochanej osobie, a b\u0119dzie Ci bardzo wdzi\u0119czna.<\/div>\n<p>&nbsp;<\/p>","protected":false},"featured_media":948,"comment_status":"open","ping_status":"closed","template":"","meta":[],"product_brand":[],"product_cat":[73,74,76,89,90,91],"product_tag":[],"woo-feed-brand":[],"class_list":{"0":"post-942","1":"product","2":"type-product","3":"status-publish","4":"has-post-thumbnail","6":"product_cat-puzzle-3d","7":"product_cat-puzzle-3d-in-legno","8":"product_cat-puzzle-3d-per-bambini","9":"product_cat-puzzle-meccanici-3d-in-legno","10":"product_cat-puzzle-meccanici-per-bambini","11":"product_cat-puzzle-meccanici-per-adulti","13":"first","14":"instock","15":"shipping-taxable","16":"purchasable","17":"product-type-simple"},"_links":{"self":[{"href":"https:\/\/puzzle3d.co\/pl\/wp-json\/wp\/v2\/product\/942","targetHints":{"allow":["GET"]}}],"collection":[{"href":"https:\/\/puzzle3d.co\/pl\/wp-json\/wp\/v2\/product"}],"about":[{"href":"https:\/\/puzzle3d.co\/pl\/wp-json\/wp\/v2\/types\/product"}],"replies":[{"embeddable":true,"href":"https:\/\/puzzle3d.co\/pl\/wp-json\/wp\/v2\/comments?post=942"}],"wp:featuredmedia":[{"embeddable":true,"href":"https:\/\/puzzle3d.co\/pl\/wp-json\/wp\/v2\/media\/948"}],"wp:attachment":[{"href":"https:\/\/puzzle3d.co\/pl\/wp-json\/wp\/v2\/media?parent=942"}],"wp:term":[{"taxonomy":"product_brand","embeddable":true,"href":"https:\/\/puzzle3d.co\/pl\/wp-json\/wp\/v2\/product_brand?post=942"},{"taxonomy":"product_cat","embeddable":true,"href":"https:\/\/puzzle3d.co\/pl\/wp-json\/wp\/v2\/product_cat?post=942"},{"taxonomy":"product_tag","embeddable":true,"href":"https:\/\/puzzle3d.co\/pl\/wp-json\/wp\/v2\/product_tag?post=942"},{"taxonomy":"woo-feed-brand","embeddable":true,"href":"https:\/\/puzzle3d.co\/pl\/wp-json\/wp\/v2\/woo-feed-brand?post=942"}],"curies":[{"name":"wp","href":"https:\/\/api.w.org\/{rel}","templated":true}]}}