{"id":879,"date":"2023-01-26T12:35:38","date_gmt":"2023-01-26T12:35:38","guid":{"rendered":"https:\/\/puzzle3d.co\/product\/t-rex-tyrannosaurus-rex-puzzle-classic-lemn-puzzle-jigsaw-copy\/"},"modified":"2025-06-11T19:04:33","modified_gmt":"2025-06-11T19:04:33","slug":"kameleon-ukladanka-2d-drewno","status":"publish","type":"product","link":"https:\/\/puzzle3d.co\/pl\/prodotto\/camaleonte-puzzle-2d-jigsaw-legno\/","title":{"rendered":"Drewniana uk\u0142adanka Chameleon 2D, 111 element\u00f3w"},"content":{"rendered":"<div>\n<p><strong>Drewniana uk\u0142adanka Chameleon 2D, 111 element\u00f3w<\/strong><\/p>\n<div><\/div>\n<\/div>\n<div>\n<div>\n<div>Ten kameleon mo\u017ce nauczy\u0107 ci\u0119 czego\u015b fundamentalnego o tym, czego do\u015bwiadczyli\u015bmy w ci\u0105gu ostatnich trzech lat: zdolno\u015bci adaptacyjnych.<\/div>\n<div><\/div>\n<div>Uk\u0142ad nerwowy kameleona kontroluje kom\u00f3rki chromatoforowe zawieraj\u0105ce pigmenty i umo\u017cliwia mu zmian\u0119 koloru w zale\u017cno\u015bci od otoczenia.<\/div>\n<div><\/div>\n<div>Je\u015bli masz ochot\u0119 na zmian\u0119, medytuj podczas uk\u0142adania puzzli kameleona. Skup swoje my\u015bli, a by\u0107 mo\u017ce znajdziesz nowe rozwi\u0105zania dla odmiany.<\/div>\n<div><\/div>\n<div>Aby uzyska\u0107 dodatkowe wyzwanie i wi\u0119cej czasu dla siebie, wybierz rozmiar L dostarczany z 505 elementami.<\/div>\n<div><\/div>\n<div><\/div>\n<div><strong>SZCZEG\u00d3\u0141Y PRODUKTU:<\/strong><\/div>\n<div>Wymiary modelu: 371*280*5 mm<\/div>\n<div>Wymiary opakowania: 255 x 192 x 42 mm<\/div>\n<div>Liczba sztuk: 111<\/div>\n<\/div>\n<div><\/div>\n<\/div>","protected":false},"excerpt":{"rendered":"<p>Ten kameleon mo\u017ce nauczy\u0107 ci\u0119 czego\u015b fundamentalnego o tym, czego do\u015bwiadczyli\u015bmy w ci\u0105gu ostatnich trzech lat: zdolno\u015bci adaptacyjnych.<\/p>","protected":false},"featured_media":850,"comment_status":"open","ping_status":"closed","template":"","meta":[],"product_brand":[],"product_cat":[80,84,83],"product_tag":[],"woo-feed-brand":[],"class_list":{"0":"post-879","1":"product","2":"type-product","3":"status-publish","4":"has-post-thumbnail","6":"product_cat-puzzle-jigsaw","7":"product_cat-puzzle-jigsaw-in-legno","8":"product_cat-puzzle-jigsaw-bambini","10":"first","11":"instock","12":"shipping-taxable","13":"purchasable","14":"product-type-simple"},"_links":{"self":[{"href":"https:\/\/puzzle3d.co\/pl\/wp-json\/wp\/v2\/product\/879","targetHints":{"allow":["GET"]}}],"collection":[{"href":"https:\/\/puzzle3d.co\/pl\/wp-json\/wp\/v2\/product"}],"about":[{"href":"https:\/\/puzzle3d.co\/pl\/wp-json\/wp\/v2\/types\/product"}],"replies":[{"embeddable":true,"href":"https:\/\/puzzle3d.co\/pl\/wp-json\/wp\/v2\/comments?post=879"}],"wp:featuredmedia":[{"embeddable":true,"href":"https:\/\/puzzle3d.co\/pl\/wp-json\/wp\/v2\/media\/850"}],"wp:attachment":[{"href":"https:\/\/puzzle3d.co\/pl\/wp-json\/wp\/v2\/media?parent=879"}],"wp:term":[{"taxonomy":"product_brand","embeddable":true,"href":"https:\/\/puzzle3d.co\/pl\/wp-json\/wp\/v2\/product_brand?post=879"},{"taxonomy":"product_cat","embeddable":true,"href":"https:\/\/puzzle3d.co\/pl\/wp-json\/wp\/v2\/product_cat?post=879"},{"taxonomy":"product_tag","embeddable":true,"href":"https:\/\/puzzle3d.co\/pl\/wp-json\/wp\/v2\/product_tag?post=879"},{"taxonomy":"woo-feed-brand","embeddable":true,"href":"https:\/\/puzzle3d.co\/pl\/wp-json\/wp\/v2\/woo-feed-brand?post=879"}],"curies":[{"name":"wp","href":"https:\/\/api.w.org\/{rel}","templated":true}]}}