{"id":877,"date":"2023-01-26T12:26:03","date_gmt":"2023-01-26T12:26:03","guid":{"rendered":"https:\/\/puzzle3d.co\/product\/lynx-puzzle-classic-lemn-copy\/"},"modified":"2025-06-11T19:05:15","modified_gmt":"2025-06-11T19:05:15","slug":"t-rex-dinozaur-ukladanka-drewno","status":"publish","type":"product","link":"https:\/\/puzzle3d.co\/pl\/prodotto\/t-rex-dinosauro-puzzle-jigsaw-legno\/","title":{"rendered":"Uk\u0142adanka 2D Dinozaur wykonana z drewna. 129 element\u00f3w"},"content":{"rendered":"<div>\n<p><strong>Uk\u0142adanka 2D T-Rex Dinosaur wykonana z drewna, 129 element\u00f3w<\/strong><\/p>\n<div><\/div>\n<\/div>\n<div>\n<div>\n<div>67 lub 65 milion\u00f3w lat temu s\u0142ynny Tyrannosaurus Rex lub T-Rex \u017cy\u0142 w Ameryce P\u00f3\u0142nocnej.<\/div>\n<div><\/div>\n<div>Jest kojarzony z wizerunkiem du\u017cego i pot\u0119\u017cnego dinozaura, z imponuj\u0105c\u0105 szcz\u0119k\u0105 i d\u0142ugimi, ostrymi z\u0119bami.<\/div>\n<div><\/div>\n<div>Wa\u017cy\u0142 oko\u0142o 6-8 ton, a d\u0142ugo\u015b\u0107 jego cia\u0142a wynosi\u0142a 12-13 metr\u00f3w.<\/div>\n<div><\/div>\n<div>Niesamowite, prawda?<\/div>\n<div><\/div>\n<div>Je\u015bli lubisz dinozaury lub chcia\u0142by\u015b mie\u0107 oryginaln\u0105 dekoracj\u0119 do swojego domu, a mo\u017ce szukasz prezentu dla prehistorycznego entuzjasty, T-rez z pewno\u015bci\u0105 zostanie doceniony.<\/div>\n<div><\/div>\n<div>Jego godne pozazdroszczenia z\u0119by sprawi\u0105, \u017ce dzieci b\u0119d\u0105 odpowiedzialne za higien\u0119 jamy ustnej.<\/div>\n<div><\/div>\n<div>W\u015br\u00f3d innych element\u00f3w drewnianej uk\u0142adanki rozpoznasz dinozaura, lataj\u0105cego nietoperza, kangura<\/div>\n<div>.<\/div>\n<div><\/div>\n<div><strong>SZCZEG\u00d3\u0141Y PRODUKTU:<\/strong><\/div>\n<div>Wymiary modelu: 400*244*5 mm<\/div>\n<div>Wymiary opakowania: 255 x 192 x 42 mm<\/div>\n<div>Liczba sztuk: 129<\/div>\n<\/div>\n<div><\/div>\n<\/div>","protected":false},"excerpt":{"rendered":"<p>Klasyczna drewniana uk\u0142adanka T-REX-Tyrannosaurus Rex. W\u015br\u00f3d innych element\u00f3w drewnianej uk\u0142adanki rozpoznasz dinozaura, lataj\u0105cego nietoperza, kangura<\/p>","protected":false},"featured_media":858,"comment_status":"open","ping_status":"closed","template":"","meta":{"slim_seo":{"title":"Drewniana uk\u0142adanka 2D Dinozaur, 129 element\u00f3w","description":"T-REX Dinozaur \/ Tyrannosaurus Rex klasyczne drewniane puzzle \/ uk\u0142adanka. Oryginalna uk\u0142adanka dla dzieci"}},"product_brand":[],"product_cat":[80,83,84],"product_tag":[],"woo-feed-brand":[],"class_list":{"0":"post-877","1":"product","2":"type-product","3":"status-publish","4":"has-post-thumbnail","6":"product_cat-puzzle-jigsaw","7":"product_cat-puzzle-jigsaw-bambini","8":"product_cat-puzzle-jigsaw-in-legno","10":"first","11":"instock","12":"shipping-taxable","13":"purchasable","14":"product-type-simple"},"_links":{"self":[{"href":"https:\/\/puzzle3d.co\/pl\/wp-json\/wp\/v2\/product\/877","targetHints":{"allow":["GET"]}}],"collection":[{"href":"https:\/\/puzzle3d.co\/pl\/wp-json\/wp\/v2\/product"}],"about":[{"href":"https:\/\/puzzle3d.co\/pl\/wp-json\/wp\/v2\/types\/product"}],"replies":[{"embeddable":true,"href":"https:\/\/puzzle3d.co\/pl\/wp-json\/wp\/v2\/comments?post=877"}],"wp:featuredmedia":[{"embeddable":true,"href":"https:\/\/puzzle3d.co\/pl\/wp-json\/wp\/v2\/media\/858"}],"wp:attachment":[{"href":"https:\/\/puzzle3d.co\/pl\/wp-json\/wp\/v2\/media?parent=877"}],"wp:term":[{"taxonomy":"product_brand","embeddable":true,"href":"https:\/\/puzzle3d.co\/pl\/wp-json\/wp\/v2\/product_brand?post=877"},{"taxonomy":"product_cat","embeddable":true,"href":"https:\/\/puzzle3d.co\/pl\/wp-json\/wp\/v2\/product_cat?post=877"},{"taxonomy":"product_tag","embeddable":true,"href":"https:\/\/puzzle3d.co\/pl\/wp-json\/wp\/v2\/product_tag?post=877"},{"taxonomy":"woo-feed-brand","embeddable":true,"href":"https:\/\/puzzle3d.co\/pl\/wp-json\/wp\/v2\/woo-feed-brand?post=877"}],"curies":[{"name":"wp","href":"https:\/\/api.w.org\/{rel}","templated":true}]}}