{"id":875,"date":"2023-01-26T12:17:36","date_gmt":"2023-01-26T12:17:36","guid":{"rendered":"https:\/\/puzzle3d.co\/product\/panther-puzzle-classic-lemn-copy\/"},"modified":"2025-09-10T09:44:49","modified_gmt":"2025-09-10T09:44:49","slug":"ukladanka-linx-drewno","status":"publish","type":"product","link":"https:\/\/puzzle3d.co\/pl\/prodotto\/linx-puzzle-jigsaw-legno\/","title":{"rendered":"Linx Eurasian - Drewniane puzzle 2D, 139 element\u00f3w"},"content":{"rendered":"<div><strong>Linx Eurasian - Drewniane puzzle 2D, 139 element\u00f3w<\/strong><\/div>\n<div><\/div>\n<div>My\u015bla\u0142e\u015b, \u017ce to lew, ale to ry\u015b, gatunek dzikiego kota, zwany tak\u017ce \"\u015bnie\u017cn\u0105 panter\u0105\" lub \"\u015bnie\u017cnym kotem\".<\/div>\n<div><\/div>\n<div>Termin \"ry\u015b\" mo\u017ce by\u0107 r\u00f3wnie\u017c u\u017cywany w odniesieniu do osoby, kt\u00f3ra jest bardzo czujna i uwa\u017cna lub ma bardzo dobry wzrok.<\/div>\n<div><\/div>\n<div>Tak wi\u0119c, je\u015bli uwa\u017casz si\u0119 za uwa\u017cnego i czujnego, rzucam ci wyzwanie, aby\u015b wypr\u00f3bowa\u0142 taki klasyczny drewniany model uk\u0142adanki, kt\u00f3ry przetestuje nie tylko twoj\u0105 uwag\u0119 do szczeg\u00f3\u0142\u00f3w, ale tak\u017ce twoj\u0105 koncentracj\u0119.<\/div>\n<div><\/div>\n<div><strong>SZCZEG\u00d3\u0141Y PRODUKTU:<\/strong><\/div>\n<div>Wymiary modelu: 353*280*5mm<\/div>\n<div>Wymiary opakowania: 255 x 192 x 42 mm<\/div>\n<div>Liczba sztuk: 139<\/div>","protected":false},"excerpt":{"rendered":"<p>LYNX - klasyczna drewniana uk\u0142adanka z dzikim kotem<\/p>","protected":false},"featured_media":854,"comment_status":"open","ping_status":"closed","template":"","meta":[],"product_brand":[],"product_cat":[80,84,83],"product_tag":[],"woo-feed-brand":[],"class_list":{"0":"post-875","1":"product","2":"type-product","3":"status-publish","4":"has-post-thumbnail","6":"product_cat-puzzle-jigsaw","7":"product_cat-puzzle-jigsaw-in-legno","8":"product_cat-puzzle-jigsaw-bambini","10":"first","11":"instock","12":"shipping-taxable","13":"purchasable","14":"product-type-simple"},"_links":{"self":[{"href":"https:\/\/puzzle3d.co\/pl\/wp-json\/wp\/v2\/product\/875","targetHints":{"allow":["GET"]}}],"collection":[{"href":"https:\/\/puzzle3d.co\/pl\/wp-json\/wp\/v2\/product"}],"about":[{"href":"https:\/\/puzzle3d.co\/pl\/wp-json\/wp\/v2\/types\/product"}],"replies":[{"embeddable":true,"href":"https:\/\/puzzle3d.co\/pl\/wp-json\/wp\/v2\/comments?post=875"}],"wp:featuredmedia":[{"embeddable":true,"href":"https:\/\/puzzle3d.co\/pl\/wp-json\/wp\/v2\/media\/854"}],"wp:attachment":[{"href":"https:\/\/puzzle3d.co\/pl\/wp-json\/wp\/v2\/media?parent=875"}],"wp:term":[{"taxonomy":"product_brand","embeddable":true,"href":"https:\/\/puzzle3d.co\/pl\/wp-json\/wp\/v2\/product_brand?post=875"},{"taxonomy":"product_cat","embeddable":true,"href":"https:\/\/puzzle3d.co\/pl\/wp-json\/wp\/v2\/product_cat?post=875"},{"taxonomy":"product_tag","embeddable":true,"href":"https:\/\/puzzle3d.co\/pl\/wp-json\/wp\/v2\/product_tag?post=875"},{"taxonomy":"woo-feed-brand","embeddable":true,"href":"https:\/\/puzzle3d.co\/pl\/wp-json\/wp\/v2\/woo-feed-brand?post=875"}],"curies":[{"name":"wp","href":"https:\/\/api.w.org\/{rel}","templated":true}]}}