{"id":873,"date":"2023-01-26T12:01:44","date_gmt":"2023-01-26T12:01:44","guid":{"rendered":"https:\/\/puzzle3d.co\/product\/lion-puzzle-classic-lemn-copy\/"},"modified":"2025-06-11T19:05:45","modified_gmt":"2025-06-11T19:05:45","slug":"puzzle-pantera-klasyczna-ukladanka-drewniana","status":"publish","type":"product","link":"https:\/\/puzzle3d.co\/pl\/prodotto\/pantera-puzzle-classic-legno-jigsaw\/","title":{"rendered":"Uk\u0142adanka drewniana Black PANTHER 2D, 102 elementy"},"content":{"rendered":"<div><strong>Uk\u0142adanka drewniana Black PANTHER 2D, 102 elementy<\/strong><\/div>\n<div><\/div>\n<div>Czy wiesz, \u017ce naukowa nazwa czarnej pantery to pardus?<\/div>\n<div><\/div>\n<div>W wielu tradycyjnych kulturach Afryki, Azji i Indii czarna pantera jest uwa\u017cana za symbol si\u0142y i odwagi, dobrobytu i szcz\u0119\u015bcia.<\/div>\n<div><\/div>\n<div>Wci\u0105\u017c szukasz powod\u00f3w, dla kt\u00f3rych warto wybra\u0107 t\u0119 urocz\u0105 drewnian\u0105 uk\u0142adank\u0119?<\/div>\n<div><\/div>\n<div>Je\u015bli jeste\u015b odwa\u017cn\u0105 osob\u0105, dopasowywanie element\u00f3w b\u0119dzie interesuj\u0105cym procesem. W\u015br\u00f3d element\u00f3w znajdziesz dzikie koty, jaguary, tygrysy i inne koty, kt\u00f3re zapewni\u0105 ci pe\u0142ne akcji do\u015bwiadczenie.<\/div>\n<div><\/div>\n<div><\/div>\n<div><strong>SZCZEG\u00d3\u0141Y PRODUKTU:<\/strong><\/div>\n<div>Wymiary modelu: 311*280*5 mm<\/div>\n<div>Wymiary opakowania: 255 x 192 x 42 mm<\/div>\n<div>Liczba sztuk: 102<\/div>","protected":false},"excerpt":{"rendered":"<p>Czarna pantera jest uwa\u017cana za symbol si\u0142y i odwagi, dobrobytu i szcz\u0119\u015bcia. W\u015br\u00f3d element\u00f3w tej uk\u0142adanki znajdziesz dzikie koty, jaguary, tygrysy i inne koty, kt\u00f3re zapewniaj\u0105 pe\u0142ne akcji wra\u017cenia.<\/p>","protected":false},"featured_media":857,"comment_status":"open","ping_status":"closed","template":"","meta":[],"product_brand":[],"product_cat":[80,84,83],"product_tag":[],"woo-feed-brand":[],"class_list":{"0":"post-873","1":"product","2":"type-product","3":"status-publish","4":"has-post-thumbnail","6":"product_cat-puzzle-jigsaw","7":"product_cat-puzzle-jigsaw-in-legno","8":"product_cat-puzzle-jigsaw-bambini","10":"first","11":"instock","12":"shipping-taxable","13":"purchasable","14":"product-type-simple"},"_links":{"self":[{"href":"https:\/\/puzzle3d.co\/pl\/wp-json\/wp\/v2\/product\/873","targetHints":{"allow":["GET"]}}],"collection":[{"href":"https:\/\/puzzle3d.co\/pl\/wp-json\/wp\/v2\/product"}],"about":[{"href":"https:\/\/puzzle3d.co\/pl\/wp-json\/wp\/v2\/types\/product"}],"replies":[{"embeddable":true,"href":"https:\/\/puzzle3d.co\/pl\/wp-json\/wp\/v2\/comments?post=873"}],"wp:featuredmedia":[{"embeddable":true,"href":"https:\/\/puzzle3d.co\/pl\/wp-json\/wp\/v2\/media\/857"}],"wp:attachment":[{"href":"https:\/\/puzzle3d.co\/pl\/wp-json\/wp\/v2\/media?parent=873"}],"wp:term":[{"taxonomy":"product_brand","embeddable":true,"href":"https:\/\/puzzle3d.co\/pl\/wp-json\/wp\/v2\/product_brand?post=873"},{"taxonomy":"product_cat","embeddable":true,"href":"https:\/\/puzzle3d.co\/pl\/wp-json\/wp\/v2\/product_cat?post=873"},{"taxonomy":"product_tag","embeddable":true,"href":"https:\/\/puzzle3d.co\/pl\/wp-json\/wp\/v2\/product_tag?post=873"},{"taxonomy":"woo-feed-brand","embeddable":true,"href":"https:\/\/puzzle3d.co\/pl\/wp-json\/wp\/v2\/woo-feed-brand?post=873"}],"curies":[{"name":"wp","href":"https:\/\/api.w.org\/{rel}","templated":true}]}}