{"id":870,"date":"2023-01-26T11:45:24","date_gmt":"2023-01-26T11:45:24","guid":{"rendered":"https:\/\/puzzle3d.co\/product\/fox-puzzle-classic-lemn-copy\/"},"modified":"2025-06-11T19:06:20","modified_gmt":"2025-06-11T19:06:20","slug":"ukladanka-lew-klasyczna-ukladanka-drewniana","status":"publish","type":"product","link":"https:\/\/puzzle3d.co\/pl\/prodotto\/leone-puzzle-classic-jigsaw-legno\/","title":{"rendered":"Drewniane puzzle 2D z lwem, 100 element\u00f3w"},"content":{"rendered":"<div><span style=\"font-size: 100%;\"><strong>LION - klasyczna drewniana uk\u0142adanka<\/strong><\/span><\/div>\n<div><\/div>\n<div><span style=\"font-size: 100%;\">Kr\u00f3l dzikich zwierz\u0105t teraz w domu.<\/span><\/div>\n<div><\/div>\n<div><span style=\"font-size: 100%;\">Zakochasz si\u0119 w tym lwie od pierwszego wejrzenia. Dopracowane detale i bogactwo kolor\u00f3w przyci\u0105gn\u0105 wzrok i podziw.<\/span><\/div>\n<div><\/div>\n<div><span style=\"font-size: 100%;\">Nie przychodzi sam, ale ze swoj\u0105 dalsz\u0105 rodzin\u0105: s\u0142oniem, tygrysem, \u017cyraf\u0105 (jakie inne zwierz\u0119ta tam rozpoznajesz?), kt\u00f3re rozpoznasz w\u015br\u00f3d drewnianych element\u00f3w uk\u0142adanki.<\/span><\/div>\n<div><\/div>\n<div><span style=\"font-size: 100%;\">Zastanawiasz si\u0119 dlaczego? Poniewa\u017c bycie silnym i bycie nazywanym kr\u00f3lem zwierz\u0105t oznacza przede wszystkim bycie rami\u0119 w rami\u0119 z innymi.<\/span><\/div>\n<div><\/div>\n<div><span style=\"font-size: 100%;\">Je\u015bli chcesz sp\u0119dzi\u0107 interesuj\u0105cy wiecz\u00f3r z kim\u015b, kogo kochasz, zdecyduj si\u0119 zebra\u0107 tego lwa i przedyskutowa\u0107 filozoficzny temat.<\/span><\/div>\n<div><\/div>\n<div><span style=\"font-size: 100%;\">Na przyk\u0142ad w filozofii lew jest postrzegany jako symbol ludzkiej natury, kt\u00f3r\u0105 mo\u017cna podzieli\u0107 na dwie cz\u0119\u015bci: racjonaln\u0105 i zwierz\u0119c\u0105.<\/span><\/div>\n<div><\/div>\n<div><span style=\"font-size: 100%;\">Oferujemy 3 rozmiary (S, M, L), z kt\u00f3rych mo\u017cesz wybra\u0107 odpowiedni na \u015bcian\u0119 swojego domu lub biura. A mo\u017ce chcesz umie\u015bci\u0107 t\u0119 urocz\u0105 uk\u0142adank\u0119 w ramce - wyb\u00f3r nale\u017cy do Ciebie.<\/span><\/div>\n<div><\/div>\n<div><span style=\"font-size: 100%;\"><strong>SZCZEG\u00d3\u0141Y PRODUKTU:<\/strong><\/span><\/div>\n<div><span style=\"font-size: 100%;\">Wymiary modelu: 310*280*5mm<\/span><\/div>\n<div><span style=\"font-size: 100%;\">Wymiary opakowania: 255 x 192 x 42 mm<\/span><\/div>\n<div><span style=\"font-size: 100%;\">Liczba sztuk: 100<\/span><\/div>","protected":false},"excerpt":{"rendered":"<p>Zakochasz si\u0119 w tym lwie od pierwszego wejrzenia. Dopracowane detale i bogactwo kolor\u00f3w przyci\u0105gn\u0105 wzrok i podziw.<br \/>\nNie przychodzi sam, ale ze swoj\u0105 dalsz\u0105 rodzin\u0105: s\u0142oniem, tygrysem, \u017cyraf\u0105, kt\u00f3re mo\u017cna rozpozna\u0107 w\u015br\u00f3d drewnianych element\u00f3w uk\u0142adanki.<\/p>","protected":false},"featured_media":853,"comment_status":"open","ping_status":"closed","template":"","meta":{"slim_seo":{"title":"Drewniana uk\u0142adanka LEONE 2D, 100 element\u00f3w","description":"Zakochasz si\u0119 w tym lwie od pierwszego wejrzenia. Dopracowane detale i bogactwo kolor\u00f3w przyci\u0105gn\u0105 wzrok i podziw. Nie jest sam, ale ze swoj\u0105 dalsz\u0105 rodzin\u0105: s\u0142oniem, tygrysem, \u017cyraf\u0105, kt\u00f3re rozpoznasz w\u015br\u00f3d drewnianych element\u00f3w uk\u0142adanki."}},"product_brand":[],"product_cat":[80,83,84],"product_tag":[],"woo-feed-brand":[],"class_list":{"0":"post-870","1":"product","2":"type-product","3":"status-publish","4":"has-post-thumbnail","6":"product_cat-puzzle-jigsaw","7":"product_cat-puzzle-jigsaw-bambini","8":"product_cat-puzzle-jigsaw-in-legno","10":"first","11":"instock","12":"sale","13":"shipping-taxable","14":"purchasable","15":"product-type-simple"},"_links":{"self":[{"href":"https:\/\/puzzle3d.co\/pl\/wp-json\/wp\/v2\/product\/870","targetHints":{"allow":["GET"]}}],"collection":[{"href":"https:\/\/puzzle3d.co\/pl\/wp-json\/wp\/v2\/product"}],"about":[{"href":"https:\/\/puzzle3d.co\/pl\/wp-json\/wp\/v2\/types\/product"}],"replies":[{"embeddable":true,"href":"https:\/\/puzzle3d.co\/pl\/wp-json\/wp\/v2\/comments?post=870"}],"wp:featuredmedia":[{"embeddable":true,"href":"https:\/\/puzzle3d.co\/pl\/wp-json\/wp\/v2\/media\/853"}],"wp:attachment":[{"href":"https:\/\/puzzle3d.co\/pl\/wp-json\/wp\/v2\/media?parent=870"}],"wp:term":[{"taxonomy":"product_brand","embeddable":true,"href":"https:\/\/puzzle3d.co\/pl\/wp-json\/wp\/v2\/product_brand?post=870"},{"taxonomy":"product_cat","embeddable":true,"href":"https:\/\/puzzle3d.co\/pl\/wp-json\/wp\/v2\/product_cat?post=870"},{"taxonomy":"product_tag","embeddable":true,"href":"https:\/\/puzzle3d.co\/pl\/wp-json\/wp\/v2\/product_tag?post=870"},{"taxonomy":"woo-feed-brand","embeddable":true,"href":"https:\/\/puzzle3d.co\/pl\/wp-json\/wp\/v2\/woo-feed-brand?post=870"}],"curies":[{"name":"wp","href":"https:\/\/api.w.org\/{rel}","templated":true}]}}