{"id":868,"date":"2023-01-26T10:56:46","date_gmt":"2023-01-26T10:56:46","guid":{"rendered":"https:\/\/puzzle3d.co\/product\/turtle-puzzle-classic-lemn-copy\/"},"modified":"2025-06-11T19:06:33","modified_gmt":"2025-06-11T19:06:33","slug":"vulpa-puzzle-classic-wood","status":"publish","type":"product","link":"https:\/\/puzzle3d.co\/pl\/prodotto\/vulpa-puzzle-classic-legno\/","title":{"rendered":"Drewniana uk\u0142adanka VULPA 2D, 141 element\u00f3w"},"content":{"rendered":"<div><strong>Klasyczna drewniana uk\u0142adanka VULPA<\/strong><\/div>\n<div><\/div>\n<div>Pe\u0142na uroku i wyzwa\u0144 \u0142amig\u0142\u00f3wka zachwyca drobnymi szczeg\u00f3\u0142ami i bogactwem kolor\u00f3w.<\/div>\n<div>Co widzisz w jego oczach: przebieg\u0142o\u015b\u0107 i uwodzenie czy inteligencj\u0119, odwag\u0119 i niezale\u017cno\u015b\u0107?<\/div>\n<div><\/div>\n<div>Spos\u00f3b, w jaki to postrzegasz, mo\u017ce r\u00f3wnie\u017c wiele powiedzie\u0107 o tobie jako osobie.<\/div>\n<div><\/div>\n<div>W\u015br\u00f3d puzzli tworz\u0105cych t\u0119 wspania\u0142\u0105 dekoracj\u0119 znajdziesz wi\u0119cej lis\u00f3w, wilk\u00f3w, kr\u00f3lik\u00f3w, szczur\u00f3w i kurczak\u00f3w.<\/div>\n<div>Trenuj swoj\u0105 wyobra\u017ani\u0119 z tymi wszystkimi zwierz\u0119tami, a nast\u0119pnie udekoruj miejsce, w kt\u00f3rym lubisz sp\u0119dza\u0107 czas, aby podziwia\u0107 je tak cz\u0119sto, jak to mo\u017cliwe.<\/div>\n<div><\/div>\n<div>Lis b\u0119dzie r\u00f3wnie\u017c przypomina\u0142 ci o lesie, wi\u0119c kiedy tylko masz okazj\u0119, id\u017a do parku lub lasu i zanurz si\u0119 w naturze<\/div>\n<div><\/div>\n<div><strong>SZCZEG\u00d3\u0141Y PRODUKTU:<\/strong><\/div>\n<div>Wymiary modelu: 400*280*5 mm<\/div>\n<div>Wymiary opakowania: 255 x 192 x 42 mm<\/div>\n<div>Liczba sztuk: 141<\/div>","protected":false},"excerpt":{"rendered":"<p>W\u015br\u00f3d puzzli tworz\u0105cych t\u0119 wspania\u0142\u0105 dekoracj\u0119 znajdziesz wi\u0119cej lis\u00f3w, wilk\u00f3w, kr\u00f3lik\u00f3w, szczur\u00f3w i kurczak\u00f3w.<\/p>","protected":false},"featured_media":851,"comment_status":"open","ping_status":"closed","template":"","meta":{"slim_seo":{"title":"VULPA 2D Puzzle \/ Uk\u0142adanka ECO z drewna, 141 element\u00f3w","description":"W\u015br\u00f3d puzzli tworz\u0105cych t\u0119 wspania\u0142\u0105 dekoracj\u0119 znajdziesz wi\u0119cej lis\u00f3w, wilk\u00f3w, kr\u00f3lik\u00f3w, szczur\u00f3w i kurczak\u00f3w."}},"product_brand":[],"product_cat":[80,83,84],"product_tag":[],"woo-feed-brand":[],"class_list":{"0":"post-868","1":"product","2":"type-product","3":"status-publish","4":"has-post-thumbnail","6":"product_cat-puzzle-jigsaw","7":"product_cat-puzzle-jigsaw-bambini","8":"product_cat-puzzle-jigsaw-in-legno","10":"first","11":"instock","12":"shipping-taxable","13":"purchasable","14":"product-type-simple"},"_links":{"self":[{"href":"https:\/\/puzzle3d.co\/pl\/wp-json\/wp\/v2\/product\/868","targetHints":{"allow":["GET"]}}],"collection":[{"href":"https:\/\/puzzle3d.co\/pl\/wp-json\/wp\/v2\/product"}],"about":[{"href":"https:\/\/puzzle3d.co\/pl\/wp-json\/wp\/v2\/types\/product"}],"replies":[{"embeddable":true,"href":"https:\/\/puzzle3d.co\/pl\/wp-json\/wp\/v2\/comments?post=868"}],"wp:featuredmedia":[{"embeddable":true,"href":"https:\/\/puzzle3d.co\/pl\/wp-json\/wp\/v2\/media\/851"}],"wp:attachment":[{"href":"https:\/\/puzzle3d.co\/pl\/wp-json\/wp\/v2\/media?parent=868"}],"wp:term":[{"taxonomy":"product_brand","embeddable":true,"href":"https:\/\/puzzle3d.co\/pl\/wp-json\/wp\/v2\/product_brand?post=868"},{"taxonomy":"product_cat","embeddable":true,"href":"https:\/\/puzzle3d.co\/pl\/wp-json\/wp\/v2\/product_cat?post=868"},{"taxonomy":"product_tag","embeddable":true,"href":"https:\/\/puzzle3d.co\/pl\/wp-json\/wp\/v2\/product_tag?post=868"},{"taxonomy":"woo-feed-brand","embeddable":true,"href":"https:\/\/puzzle3d.co\/pl\/wp-json\/wp\/v2\/woo-feed-brand?post=868"}],"curies":[{"name":"wp","href":"https:\/\/api.w.org\/{rel}","templated":true}]}}