{"id":866,"date":"2023-01-25T22:19:56","date_gmt":"2023-01-25T22:19:56","guid":{"rendered":"https:\/\/puzzle3d.co\/product\/owl-puzzle-classic-lemn-copy\/"},"modified":"2026-01-21T16:50:41","modified_gmt":"2026-01-21T16:50:41","slug":"zolwia-ukladanka","status":"publish","type":"product","link":"https:\/\/puzzle3d.co\/pl\/prodotto\/tartaruga-puzzle\/","title":{"rendered":"TARTARUGA 2D Puzzle \/ Uk\u0142adanka drewniana, 150 element\u00f3w"},"content":{"rendered":"<div><strong>TARTARUGA 2D Calssic Puzzle \/ Drewniana uk\u0142adanka, 150 element\u00f3w<\/strong><\/div>\n<div><\/div>\n<div>Czy ty te\u017c zastanawiasz si\u0119, gdzie zacz\u0119\u0142a si\u0119 \u017caba? Poszukajmy odpowiedzi razem.<\/div>\n<div><\/div>\n<div>Co ciekawe, \u017c\u00f3\u0142wie s\u0105 symbolem d\u0142ugowieczno\u015bci, poniewa\u017c do\u017cywaj\u0105 ponad 100 lat. Ich skorupa oznacza ochron\u0119 i bezpiecze\u0144stwo, oferuj\u0105c mentaln\u0105 i fizyczn\u0105 barier\u0119.<\/div>\n<div><\/div>\n<div>Kiedy czujesz si\u0119 wyczerpany, warto u\u0142o\u017cy\u0107 uk\u0142adank\u0119 podobn\u0105 do tej na zdj\u0119ciu. Zrelaksujesz si\u0119, skoncentrujesz, a nawet na\u0142o\u017cysz pow\u0142ok\u0119 na wyczerpuj\u0105c\u0105 rutyn\u0119.<\/div>\n<div><\/div>\n<div>Podekscytuj si\u0119 \u017c\u00f3\u0142wiem w uk\u0142adance na obrazku, a na ko\u0144cu dowiesz si\u0119, gdzie si\u0119 zacz\u0105\u0142.<\/div>\n<div><\/div>\n<div><strong>SZCZEG\u00d3\u0141Y PRODUKTU:<\/strong><\/div>\n<div>Wymiary modelu: 281*395*5 mm<\/div>\n<div>Wymiary opakowania: 255 x 192 x 42 mm<\/div>\n<div>Liczba sztuk: 150<\/div>","protected":false},"excerpt":{"rendered":"<p>TARTARUGA Puzzle 2D Calssico \/ Jigsaw in legno, 150 pezzi Ti chiedi anche tu dove \u00e8 iniziata la rana? Cerchiamo insieme la risposta. \u00c8 interessante sapere che le tartarughe sono il simbolo della longevit\u00e0, perch\u00e9 vivono oltre 100 anni. Il loro guscio significa protezione e sicurezza, offrendo una barriera mentale e fisica. Quando ti senti [&#8230;]\n","protected":false},"featured_media":859,"comment_status":"open","ping_status":"closed","template":"","meta":[],"product_brand":[],"product_cat":[80,84,83],"product_tag":[],"woo-feed-brand":[],"class_list":{"0":"post-866","1":"product","2":"type-product","3":"status-publish","4":"has-post-thumbnail","6":"product_cat-puzzle-jigsaw","7":"product_cat-puzzle-jigsaw-in-legno","8":"product_cat-puzzle-jigsaw-bambini","10":"first","11":"instock","12":"shipping-taxable","13":"purchasable","14":"product-type-simple"},"_links":{"self":[{"href":"https:\/\/puzzle3d.co\/pl\/wp-json\/wp\/v2\/product\/866","targetHints":{"allow":["GET"]}}],"collection":[{"href":"https:\/\/puzzle3d.co\/pl\/wp-json\/wp\/v2\/product"}],"about":[{"href":"https:\/\/puzzle3d.co\/pl\/wp-json\/wp\/v2\/types\/product"}],"replies":[{"embeddable":true,"href":"https:\/\/puzzle3d.co\/pl\/wp-json\/wp\/v2\/comments?post=866"}],"wp:featuredmedia":[{"embeddable":true,"href":"https:\/\/puzzle3d.co\/pl\/wp-json\/wp\/v2\/media\/859"}],"wp:attachment":[{"href":"https:\/\/puzzle3d.co\/pl\/wp-json\/wp\/v2\/media?parent=866"}],"wp:term":[{"taxonomy":"product_brand","embeddable":true,"href":"https:\/\/puzzle3d.co\/pl\/wp-json\/wp\/v2\/product_brand?post=866"},{"taxonomy":"product_cat","embeddable":true,"href":"https:\/\/puzzle3d.co\/pl\/wp-json\/wp\/v2\/product_cat?post=866"},{"taxonomy":"product_tag","embeddable":true,"href":"https:\/\/puzzle3d.co\/pl\/wp-json\/wp\/v2\/product_tag?post=866"},{"taxonomy":"woo-feed-brand","embeddable":true,"href":"https:\/\/puzzle3d.co\/pl\/wp-json\/wp\/v2\/woo-feed-brand?post=866"}],"curies":[{"name":"wp","href":"https:\/\/api.w.org\/{rel}","templated":true}]}}