{"id":864,"date":"2023-01-25T22:15:13","date_gmt":"2023-01-25T22:15:13","guid":{"rendered":"https:\/\/puzzle3d.co\/product\/mastodon-puzzle-classic-lemn-copy\/"},"modified":"2025-06-11T19:07:05","modified_gmt":"2025-06-11T19:07:05","slug":"ukladanka-sowa-klasyczna-drewniana","status":"publish","type":"product","link":"https:\/\/puzzle3d.co\/pl\/prodotto\/gufo-puzzle-classic-legno\/","title":{"rendered":"Drewniane puzzle 2D OWL, 120 element\u00f3w"},"content":{"rendered":"<div>\n<h2><strong>Drewniane puzzle 2D OWL, 120 element\u00f3w<\/strong><\/h2>\n<div>\"Widzenie w ciemno\u015bci\" nie oznacza tylko odnajdywania drogi w nocy w pomieszczeniu bez \u015bwiat\u0142a... Jest to zdolno\u015b\u0107 do zrozumienia i dostrze\u017cenia ukrytej prawdy.<\/div>\n<\/div>\n<div>\n<div>Dlatego w mitologii greckiej sowa jest symbolem m\u0105dro\u015bci i inteligencji.<\/div>\n<div>A sowa wykonana z kawa\u0142k\u00f3w drewnianej uk\u0142adanki wyra\u017ca dba\u0142o\u015b\u0107 o szczeg\u00f3\u0142y, koncentracj\u0119 i determinacj\u0119<\/div>\n<div>W\u015br\u00f3d element\u00f3w znajdziesz r\u00f3wnie\u017c innych le\u015bnych partner\u00f3w, takich jak wilk, lis, kr\u00f3lik, orze\u0142, nied\u017awied\u017a.<\/div>\n<div>A mo\u017ce by tak wykorzysta\u0107 te postacie, by da\u0107 dziecku lekcj\u0119 m\u0105dro\u015bci?<\/div>\n<div><\/div>\n<div>Powiesz mu, \u017ce lis jest s\u0142odki, a kr\u00f3lik strachliwy, albo poka\u017cesz mu, \u017ce wszystkie s\u0105 r\u00f3\u017cne, niekt\u00f3re wi\u0119ksze, inne mniejsze, ale wsp\u00f3\u0142pracuj\u0105 ze sob\u0105 w r\u00f3wnowadze i szacunku dla natury.<\/div>\n<div><\/div>\n<div>Z\u0142\u00f3\u017c go, baw si\u0119 dobrze i sp\u00f3jrz w g\u0142\u0119boko osadzone oczy sowy na to, czego nie widzisz.<\/div>\n<div><\/div>\n<div><strong>SZCZEG\u00d3\u0141Y PRODUKTU:<\/strong><\/div>\n<div>Wymiary modelu: 283*297*5 mm<\/div>\n<div>Wymiary opakowania: 255 x 192 x 42 mm<\/div>\n<div>Liczba sztuk: 120<\/div>\n<\/div>","protected":false},"excerpt":{"rendered":"<p>W mitologii greckiej sowa jest symbolem m\u0105dro\u015bci i inteligencji, a sowa wykonana z element\u00f3w drewnianej uk\u0142adanki wyra\u017ca dba\u0142o\u015b\u0107 o szczeg\u00f3\u0142y, koncentracj\u0119 i determinacj\u0119<\/p>","protected":false},"featured_media":856,"comment_status":"open","ping_status":"closed","template":"","meta":{"slim_seo":{"title":"Klasyczne drewniane puzzle OWL 2D, 120 element\u00f3w","description":"Puzzle OWL Classic 2D. W mitologii greckiej sowa jest symbolem m\u0105dro\u015bci i inteligencji, a sowa wykonana z element\u00f3w drewnianej uk\u0142adanki wyra\u017ca dba\u0142o\u015b\u0107 o szczeg\u00f3\u0142y, koncentracj\u0119 i determinacj\u0119"}},"product_brand":[],"product_cat":[80,83,84],"product_tag":[],"woo-feed-brand":[],"class_list":{"0":"post-864","1":"product","2":"type-product","3":"status-publish","4":"has-post-thumbnail","6":"product_cat-puzzle-jigsaw","7":"product_cat-puzzle-jigsaw-bambini","8":"product_cat-puzzle-jigsaw-in-legno","10":"first","11":"instock","12":"shipping-taxable","13":"purchasable","14":"product-type-simple"},"_links":{"self":[{"href":"https:\/\/puzzle3d.co\/pl\/wp-json\/wp\/v2\/product\/864","targetHints":{"allow":["GET"]}}],"collection":[{"href":"https:\/\/puzzle3d.co\/pl\/wp-json\/wp\/v2\/product"}],"about":[{"href":"https:\/\/puzzle3d.co\/pl\/wp-json\/wp\/v2\/types\/product"}],"replies":[{"embeddable":true,"href":"https:\/\/puzzle3d.co\/pl\/wp-json\/wp\/v2\/comments?post=864"}],"wp:featuredmedia":[{"embeddable":true,"href":"https:\/\/puzzle3d.co\/pl\/wp-json\/wp\/v2\/media\/856"}],"wp:attachment":[{"href":"https:\/\/puzzle3d.co\/pl\/wp-json\/wp\/v2\/media?parent=864"}],"wp:term":[{"taxonomy":"product_brand","embeddable":true,"href":"https:\/\/puzzle3d.co\/pl\/wp-json\/wp\/v2\/product_brand?post=864"},{"taxonomy":"product_cat","embeddable":true,"href":"https:\/\/puzzle3d.co\/pl\/wp-json\/wp\/v2\/product_cat?post=864"},{"taxonomy":"product_tag","embeddable":true,"href":"https:\/\/puzzle3d.co\/pl\/wp-json\/wp\/v2\/product_tag?post=864"},{"taxonomy":"woo-feed-brand","embeddable":true,"href":"https:\/\/puzzle3d.co\/pl\/wp-json\/wp\/v2\/woo-feed-brand?post=864"}],"curies":[{"name":"wp","href":"https:\/\/api.w.org\/{rel}","templated":true}]}}