{"id":862,"date":"2023-01-25T22:08:41","date_gmt":"2023-01-25T22:08:41","guid":{"rendered":"https:\/\/puzzle3d.co\/product\/bat-m-puzzle-classic-lemn-copy\/"},"modified":"2025-06-11T19:07:19","modified_gmt":"2025-06-11T19:07:19","slug":"ukladanka-mastodon-klasyczne-puzzle","status":"publish","type":"product","link":"https:\/\/puzzle3d.co\/pl\/prodotto\/mastodon-puzzle-classic-jigsaw\/","title":{"rendered":"MASTODON Puzzle 2D w drewnie, 180 element\u00f3w"},"content":{"rendered":"<div>\n<p><strong>MASTODON Classic 2D Puzzle \/ Drewniana uk\u0142adanka, 180 element\u00f3w<\/strong><\/p>\n<div>Gdzie podzia\u0142 si\u0119 mastodont? Tego nie wiedz\u0105 nawet naukowcy.<\/div>\n<\/div>\n<div>\n<div>\n<div><\/div>\n<div>Odkryto jedynie, \u017ce oko\u0142o 10 000 lat temu na kontynencie p\u00f3\u0142nocnoameryka\u0144skim \u017cy\u0142 ssak o wadze od 4 do 10 ton i d\u0142ugo\u015bci do 10 metr\u00f3w.<\/div>\n<div><\/div>\n<div>Struktura szkieletu by\u0142a nieco podobna do s\u0142onia, ale proporcje by\u0142y zupe\u0142nie inne.<\/div>\n<div><\/div>\n<div>Przypuszcza si\u0119, \u017ce znikn\u0119\u0142y z powodu klimatu....<\/div>\n<div>Postaw na oryginalno\u015b\u0107 i udekoruj sw\u00f3j dom lub biuro prehistorycznym ssakiem, kt\u00f3rego nikt nie widzia\u0142.<\/div>\n<div><\/div>\n<div>Zabawne jest uk\u0142adanie puzzli, w kt\u00f3rych w\u015br\u00f3d drewnianych element\u00f3w mo\u017cna znale\u017a\u0107 s\u0142onie, nied\u017awiedzie, tygrysy, nosoro\u017cce i innych odwa\u017cnych przyjaci\u00f3\u0142.<\/div>\n<div><\/div>\n<div>Jednocze\u015bnie relaksujesz si\u0119, koncentrujesz i czujesz, jak Tw\u00f3j m\u00f3zg docenia wyzwanie.<\/div>\n<div><\/div>\n<div>Oferujemy 3 rozmiary (S, M, L), z kt\u00f3rych mo\u017cesz wybra\u0107 odpowiedni na \u015bcian\u0119 swojego domu lub biura. A mo\u017ce chcesz umie\u015bci\u0107 t\u0119 urocz\u0105 uk\u0142adank\u0119 w ramce - wyb\u00f3r nale\u017cy do Ciebie.<\/div>\n<div><\/div>\n<div><strong>SZCZEG\u00d3\u0141Y PRODUKTU:<\/strong><\/div>\n<div>Wymiary modelu: 286*387*5 mm<\/div>\n<div>Wymiary opakowania: 255 x 192 x 42 mm<\/div>\n<div>Liczba sztuk: 180<\/div>\n<\/div>\n<div><\/div>\n<\/div>","protected":false},"excerpt":{"rendered":"<p>Zabawne jest uk\u0142adanie puzzli, w kt\u00f3rych w\u015br\u00f3d drewnianych element\u00f3w mo\u017cna znale\u017a\u0107 s\u0142onie, nied\u017awiedzie, tygrysy, nosoro\u017cce i innych odwa\u017cnych przyjaci\u00f3\u0142.<\/p>","protected":false},"featured_media":855,"comment_status":"open","ping_status":"closed","template":"","meta":[],"product_brand":[],"product_cat":[80,84,83],"product_tag":[],"woo-feed-brand":[],"class_list":{"0":"post-862","1":"product","2":"type-product","3":"status-publish","4":"has-post-thumbnail","6":"product_cat-puzzle-jigsaw","7":"product_cat-puzzle-jigsaw-in-legno","8":"product_cat-puzzle-jigsaw-bambini","10":"first","11":"instock","12":"shipping-taxable","13":"purchasable","14":"product-type-simple"},"_links":{"self":[{"href":"https:\/\/puzzle3d.co\/pl\/wp-json\/wp\/v2\/product\/862","targetHints":{"allow":["GET"]}}],"collection":[{"href":"https:\/\/puzzle3d.co\/pl\/wp-json\/wp\/v2\/product"}],"about":[{"href":"https:\/\/puzzle3d.co\/pl\/wp-json\/wp\/v2\/types\/product"}],"replies":[{"embeddable":true,"href":"https:\/\/puzzle3d.co\/pl\/wp-json\/wp\/v2\/comments?post=862"}],"wp:featuredmedia":[{"embeddable":true,"href":"https:\/\/puzzle3d.co\/pl\/wp-json\/wp\/v2\/media\/855"}],"wp:attachment":[{"href":"https:\/\/puzzle3d.co\/pl\/wp-json\/wp\/v2\/media?parent=862"}],"wp:term":[{"taxonomy":"product_brand","embeddable":true,"href":"https:\/\/puzzle3d.co\/pl\/wp-json\/wp\/v2\/product_brand?post=862"},{"taxonomy":"product_cat","embeddable":true,"href":"https:\/\/puzzle3d.co\/pl\/wp-json\/wp\/v2\/product_cat?post=862"},{"taxonomy":"product_tag","embeddable":true,"href":"https:\/\/puzzle3d.co\/pl\/wp-json\/wp\/v2\/product_tag?post=862"},{"taxonomy":"woo-feed-brand","embeddable":true,"href":"https:\/\/puzzle3d.co\/pl\/wp-json\/wp\/v2\/woo-feed-brand?post=862"}],"curies":[{"name":"wp","href":"https:\/\/api.w.org\/{rel}","templated":true}]}}