{"id":860,"date":"2023-01-25T22:03:04","date_gmt":"2023-01-25T22:03:04","guid":{"rendered":"https:\/\/puzzle3d.co\/product\/koi-puzzle-classic-lemn-copy\/"},"modified":"2025-06-11T19:07:35","modified_gmt":"2025-06-11T19:07:35","slug":"ukladanka-nietoperz-2d","status":"publish","type":"product","link":"https:\/\/puzzle3d.co\/pl\/prodotto\/pipistrello-jigsaw-2d-puzzle\/","title":{"rendered":"Drewniane puzzle nietoperz 2D, 130 element\u00f3w"},"content":{"rendered":"<div>\n<p><strong>Drewniana uk\u0142adanka Bat 2D, 130 element\u00f3w<\/strong><\/p>\n<\/div>\n<div>\n<div>\n<div>Czy wiesz, sk\u0105d pochodzi nazwa Flying Bat?<\/div>\n<div><\/div>\n<div>Ten elegancki motyl \u017cywi si\u0119 li\u015b\u0107mi bzu w stadium larwalnym, kiedy samica sk\u0142ada jaja.<\/div>\n<div><\/div>\n<div>W wieku dojrza\u0142ym nietoperz lubi nektar z kwiat\u00f3w. Od maja do lipca mo\u017cna go zobaczy\u0107 lataj\u0105cego wok\u00f3\u0142 kwiat\u00f3w w ogrodach i parkach.<\/div>\n<div><\/div>\n<div>Wybierz puzzle z nietoperzem i udekoruj sw\u00f3j dom symbolem wiosny i odrodzenia.<\/div>\n<div><\/div>\n<div>Zrelaksuj si\u0119 i skoncentruj, dopasowuj\u0105c elementy, a nast\u0119pnie umie\u015b\u0107 je w honorowym miejscu na \u015bcianie lub w ramce.<\/div>\n<div><\/div>\n<div><strong>SZCZEG\u00d3\u0141Y PRODUKTU:<\/strong><\/div>\n<div>Wymiary modelu: 280*390*5 mm<\/div>\n<div>Wymiary opakowania: 255 x 192 x 42 mm<\/div>\n<div>Liczba sztuk: 130<\/div>\n<\/div>\n<div><\/div>\n<\/div>","protected":false},"excerpt":{"rendered":"<p>Wybierz puzzle z nietoperzem i udekoruj sw\u00f3j dom symbolem wiosny i odrodzenia.<\/p>","protected":false},"featured_media":849,"comment_status":"open","ping_status":"closed","template":"","meta":[],"product_brand":[],"product_cat":[80,84,83],"product_tag":[],"woo-feed-brand":[],"class_list":{"0":"post-860","1":"product","2":"type-product","3":"status-publish","4":"has-post-thumbnail","6":"product_cat-puzzle-jigsaw","7":"product_cat-puzzle-jigsaw-in-legno","8":"product_cat-puzzle-jigsaw-bambini","10":"first","11":"instock","12":"shipping-taxable","13":"purchasable","14":"product-type-simple"},"_links":{"self":[{"href":"https:\/\/puzzle3d.co\/pl\/wp-json\/wp\/v2\/product\/860","targetHints":{"allow":["GET"]}}],"collection":[{"href":"https:\/\/puzzle3d.co\/pl\/wp-json\/wp\/v2\/product"}],"about":[{"href":"https:\/\/puzzle3d.co\/pl\/wp-json\/wp\/v2\/types\/product"}],"replies":[{"embeddable":true,"href":"https:\/\/puzzle3d.co\/pl\/wp-json\/wp\/v2\/comments?post=860"}],"wp:featuredmedia":[{"embeddable":true,"href":"https:\/\/puzzle3d.co\/pl\/wp-json\/wp\/v2\/media\/849"}],"wp:attachment":[{"href":"https:\/\/puzzle3d.co\/pl\/wp-json\/wp\/v2\/media?parent=860"}],"wp:term":[{"taxonomy":"product_brand","embeddable":true,"href":"https:\/\/puzzle3d.co\/pl\/wp-json\/wp\/v2\/product_brand?post=860"},{"taxonomy":"product_cat","embeddable":true,"href":"https:\/\/puzzle3d.co\/pl\/wp-json\/wp\/v2\/product_cat?post=860"},{"taxonomy":"product_tag","embeddable":true,"href":"https:\/\/puzzle3d.co\/pl\/wp-json\/wp\/v2\/product_tag?post=860"},{"taxonomy":"woo-feed-brand","embeddable":true,"href":"https:\/\/puzzle3d.co\/pl\/wp-json\/wp\/v2\/woo-feed-brand?post=860"}],"curies":[{"name":"wp","href":"https:\/\/api.w.org\/{rel}","templated":true}]}}