{"id":847,"date":"2023-01-25T21:56:10","date_gmt":"2023-01-25T21:56:10","guid":{"rendered":"https:\/\/puzzle3d.co\/product\/ram-puzzle-classic-copy\/"},"modified":"2025-06-11T19:07:50","modified_gmt":"2025-06-11T19:07:50","slug":"drewniane-puzzle-2d-z-ryba","status":"publish","type":"product","link":"https:\/\/puzzle3d.co\/pl\/prodotto\/pesci-puzzle-2d-in-legno\/","title":{"rendered":"Drewniane puzzle 2D z ryb\u0105 - 150 element\u00f3w"},"content":{"rendered":"<div>\n<p><strong>Drewniane puzzle 2D z ryb\u0105, 150 element\u00f3w<\/strong><\/p>\n<\/div>\n<div>\n<div>\n<div>Patrzysz na urocz\u0105 i inteligentn\u0105 ryb\u0119: Koi. Jest to gatunek pochodz\u0105cy z Azji, a dok\u0142adniej \u017cyj\u0105cy w s\u0142odkich wodach Chin i Japonii.<\/div>\n<div><\/div>\n<div>Na Wschodzie s\u0105 symbolem odwagi i wytrwa\u0142o\u015bci.<\/div>\n<div><\/div>\n<div>Rozwijaj\u0105 si\u0119 tylko w czystej, natlenionej wodzie o temperaturze od 10 do 30 stopni Celsjusza i od\u017cywiaj\u0105 si\u0119 zbilansowan\u0105 diet\u0105 sk\u0142adaj\u0105c\u0105 si\u0119 z ro\u015blinno\u015bci i glon\u00f3w.<\/div>\n<div><\/div>\n<div>Uk\u0142adanie tej uk\u0142adanki b\u0119dzie przyjemn\u0105 chwil\u0105 spokoju i relaksu, a podziwianie jej po zako\u0144czeniu b\u0119dzie przypomina\u0107 o r\u00f3wnowadze i harmonii.<\/div>\n<div><\/div>\n<div>Wspaniale jest szuka\u0107 r\u00f3wnowagi i harmonii z samym sob\u0105 i lud\u017ami wok\u00f3\u0142 nas!<\/div>\n<div><\/div>\n<div><strong>SZCZEG\u00d3\u0141Y PRODUKTU:<\/strong><\/div>\n<div>Wymiary modelu: 282*387*5 mm<\/div>\n<div>Wymiary opakowania: 255 x 192 x 42 mm<\/div>\n<div>Liczba sztuk: 150<\/div>\n<\/div>\n<div><\/div>\n<\/div>","protected":false},"excerpt":{"rendered":"<div>KOI - klasyczna drewniana uk\u0142adanka\/puzzle<br \/>\nUk\u0142adanie tej uk\u0142adanki b\u0119dzie przyjemn\u0105 chwil\u0105 spokoju i relaksu, a podziwianie jej po zako\u0144czeniu b\u0119dzie przypomina\u0107 o r\u00f3wnowadze i harmonii.<\/div>\n<p>&nbsp;<\/p>","protected":false},"featured_media":852,"comment_status":"open","ping_status":"closed","template":"","meta":[],"product_brand":[],"product_cat":[80,84,83],"product_tag":[],"woo-feed-brand":[],"class_list":{"0":"post-847","1":"product","2":"type-product","3":"status-publish","4":"has-post-thumbnail","6":"product_cat-puzzle-jigsaw","7":"product_cat-puzzle-jigsaw-in-legno","8":"product_cat-puzzle-jigsaw-bambini","10":"first","11":"instock","12":"shipping-taxable","13":"purchasable","14":"product-type-simple"},"_links":{"self":[{"href":"https:\/\/puzzle3d.co\/pl\/wp-json\/wp\/v2\/product\/847","targetHints":{"allow":["GET"]}}],"collection":[{"href":"https:\/\/puzzle3d.co\/pl\/wp-json\/wp\/v2\/product"}],"about":[{"href":"https:\/\/puzzle3d.co\/pl\/wp-json\/wp\/v2\/types\/product"}],"replies":[{"embeddable":true,"href":"https:\/\/puzzle3d.co\/pl\/wp-json\/wp\/v2\/comments?post=847"}],"wp:featuredmedia":[{"embeddable":true,"href":"https:\/\/puzzle3d.co\/pl\/wp-json\/wp\/v2\/media\/852"}],"wp:attachment":[{"href":"https:\/\/puzzle3d.co\/pl\/wp-json\/wp\/v2\/media?parent=847"}],"wp:term":[{"taxonomy":"product_brand","embeddable":true,"href":"https:\/\/puzzle3d.co\/pl\/wp-json\/wp\/v2\/product_brand?post=847"},{"taxonomy":"product_cat","embeddable":true,"href":"https:\/\/puzzle3d.co\/pl\/wp-json\/wp\/v2\/product_cat?post=847"},{"taxonomy":"product_tag","embeddable":true,"href":"https:\/\/puzzle3d.co\/pl\/wp-json\/wp\/v2\/product_tag?post=847"},{"taxonomy":"woo-feed-brand","embeddable":true,"href":"https:\/\/puzzle3d.co\/pl\/wp-json\/wp\/v2\/woo-feed-brand?post=847"}],"curies":[{"name":"wp","href":"https:\/\/api.w.org\/{rel}","templated":true}]}}