{"id":843,"date":"2023-01-25T21:31:29","date_gmt":"2023-01-25T21:31:29","guid":{"rendered":"https:\/\/puzzle3d.co\/product\/gramophone-puzzle-3d-copy\/"},"modified":"2025-06-11T19:08:06","modified_gmt":"2025-06-11T19:08:06","slug":"ram-2d-drewniana-ukladanka-130-elementow","status":"publish","type":"product","link":"https:\/\/puzzle3d.co\/pl\/prodotto\/ariete-puzzle-2d-jigsaw-in-legno-130-pezzi\/","title":{"rendered":"Drewniana uk\u0142adanka ARIETE 2D, 130 element\u00f3w"},"content":{"rendered":"<div>\n<p><strong>Drewniana uk\u0142adanka ARIETE 2D, 130 element\u00f3w<\/strong><\/p>\n<\/div>\n<div>\n<div>\n<div>Nie musisz urodzi\u0107 si\u0119 pod znakiem Barana, aby u\u0142o\u017cy\u0107 t\u0119 wspania\u0142\u0105 uk\u0142adank\u0119.<\/div>\n<div><\/div>\n<div>Ale zastan\u00f3w si\u0119 nad czym\u015b interesuj\u0105cym na ich temat:<\/div>\n<div>s\u0105 ambitni i energiczni, dostosowuj\u0105 si\u0119 do zmian i uwa\u017caj\u0105 si\u0119 za nieustraszonych lider\u00f3w.<\/div>\n<div><\/div>\n<div>Elon Musk - za\u0142o\u017cyciel i dyrektor generalny SpaceX i Tesli;<\/div>\n<div><\/div>\n<div>Albert Einstein - fizyk, kt\u00f3ry zrewolucjonizowa\u0142 \u015bwiat;<\/div>\n<div><\/div>\n<div>Mark Zuckerberg - za\u0142o\u017cyciel i dyrektor generalny Facebooka;<\/div>\n<div><\/div>\n<div>Ksi\u0105\u017c\u0119 Karol - syn kr\u00f3lowej El\u017cbiety II;<\/div>\n<div><\/div>\n<div>Nicolae Ceausescu i wiele innych znanych os\u00f3b mo\u017cna znale\u017a\u0107 w zodiaku Baran.<\/div>\n<div><\/div>\n<div>Czy jeste\u015b teraz przekonany, \u017ce uk\u0142adanka Barana uwalnia niezwyk\u0142e cechy na pierwszy rzut oka?<\/div>\n<div><\/div>\n<div><strong>SZCZEG\u00d3\u0141Y PRODUKTU:<\/strong><\/div>\n<div>Wymiary modelu: 282*387*5 mm<\/div>\n<div>Wymiary opakowania: 255 x 192 x 42 mm<\/div>\n<div>Liczba sztuk: 130<\/div>\n<\/div>\n<div><\/div>\n<\/div>","protected":false},"excerpt":{"rendered":"<p>Nie trzeba urodzi\u0107 si\u0119 pod znakiem Barana, aby u\u0142o\u017cy\u0107 t\u0119 wspania\u0142\u0105 uk\u0142adank\u0119. Rozwa\u017cmy jednak co\u015b interesuj\u0105cego na ich temat: s\u0105 ambitni i energiczni, dostosowuj\u0105 si\u0119 do zmian i uwa\u017caj\u0105 si\u0119 za nieustraszonych lider\u00f3w.<\/p>","protected":false},"featured_media":845,"comment_status":"open","ping_status":"closed","template":"","meta":{"slim_seo":{"title":"Drewniana uk\u0142adanka ARIETE 2D, 130 element\u00f3w","description":"Puzzle ARIES. Nie musisz urodzi\u0107 si\u0119 pod znakiem Barana, aby u\u0142o\u017cy\u0107 t\u0119 wspania\u0142\u0105 uk\u0142adank\u0119. Ale zastan\u00f3w si\u0119 nad czym\u015b interesuj\u0105cym na ich temat: s\u0105 ambitni i energiczni, dostosowuj\u0105 si\u0119 do zmian i uwa\u017caj\u0105 si\u0119 za nieustraszonych lider\u00f3w."}},"product_brand":[],"product_cat":[80,83,84],"product_tag":[],"woo-feed-brand":[],"class_list":{"0":"post-843","1":"product","2":"type-product","3":"status-publish","4":"has-post-thumbnail","6":"product_cat-puzzle-jigsaw","7":"product_cat-puzzle-jigsaw-bambini","8":"product_cat-puzzle-jigsaw-in-legno","10":"first","11":"instock","12":"shipping-taxable","13":"purchasable","14":"product-type-simple"},"_links":{"self":[{"href":"https:\/\/puzzle3d.co\/pl\/wp-json\/wp\/v2\/product\/843","targetHints":{"allow":["GET"]}}],"collection":[{"href":"https:\/\/puzzle3d.co\/pl\/wp-json\/wp\/v2\/product"}],"about":[{"href":"https:\/\/puzzle3d.co\/pl\/wp-json\/wp\/v2\/types\/product"}],"replies":[{"embeddable":true,"href":"https:\/\/puzzle3d.co\/pl\/wp-json\/wp\/v2\/comments?post=843"}],"wp:featuredmedia":[{"embeddable":true,"href":"https:\/\/puzzle3d.co\/pl\/wp-json\/wp\/v2\/media\/845"}],"wp:attachment":[{"href":"https:\/\/puzzle3d.co\/pl\/wp-json\/wp\/v2\/media?parent=843"}],"wp:term":[{"taxonomy":"product_brand","embeddable":true,"href":"https:\/\/puzzle3d.co\/pl\/wp-json\/wp\/v2\/product_brand?post=843"},{"taxonomy":"product_cat","embeddable":true,"href":"https:\/\/puzzle3d.co\/pl\/wp-json\/wp\/v2\/product_cat?post=843"},{"taxonomy":"product_tag","embeddable":true,"href":"https:\/\/puzzle3d.co\/pl\/wp-json\/wp\/v2\/product_tag?post=843"},{"taxonomy":"woo-feed-brand","embeddable":true,"href":"https:\/\/puzzle3d.co\/pl\/wp-json\/wp\/v2\/woo-feed-brand?post=843"}],"curies":[{"name":"wp","href":"https:\/\/api.w.org\/{rel}","templated":true}]}}