{"id":834,"date":"2023-01-25T15:04:00","date_gmt":"2023-01-25T15:04:00","guid":{"rendered":"https:\/\/puzzle3d.co\/product\/kinetic-globe-puzzle-3d-copy\/"},"modified":"2025-06-11T19:09:09","modified_gmt":"2025-06-11T19:09:09","slug":"mechaniczna-drewniana-ukladanka-3d-gramofon","status":"publish","type":"product","link":"https:\/\/puzzle3d.co\/pl\/prodotto\/grammofono-puzzle-meccanico-3d-in-legno\/","title":{"rendered":"Mechaniczny drewniany model konstrukcyjny Gramofon 3D, 321 element\u00f3w"},"content":{"rendered":"<div><strong>Gramofon - mechaniczna drewniana uk\u0142adanka 3D - 321 element\u00f3w<\/strong><\/div>\n<div><\/div>\n<div>Thomas Edison, jedna z najwa\u017cniejszych postaci w historii technologii, wynalaz\u0142 gramofon w 1877 roku na woskowym pr\u0119cie. By\u0142 to komercyjny sukces i szybko sta\u0142 si\u0119 popularny w Stanach Zjednoczonych.<\/div>\n<div><\/div>\n<div>10 lat p\u00f3\u017aniej urodzony w Niemczech ameryka\u0144ski in\u017cynier Emil Berliner wynalaz\u0142 gramofon wykorzystuj\u0105cy p\u0142yty gramofonowe.<\/div>\n<div><\/div>\n<div>Oba gramofony wnios\u0142y kolosalny wk\u0142ad w przemys\u0142 muzyczny i komunikacyjny.<\/div>\n<div><\/div>\n<div>Stoj\u0105cy przed tob\u0105 gramofon zachwyca ci\u0119 ka\u017cdego dnia w szczeg\u00f3lny spos\u00f3b.<\/div>\n<div><\/div>\n<div>Mi\u0142o b\u0119dzie rozpocz\u0105\u0107 dzie\u0144 z tym gramofonem, obok kt\u00f3rego mo\u017cna delektowa\u0107 si\u0119 kaw\u0105 w relaksuj\u0105cej atmosferze. Nast\u0119pnie wyjmiesz zegarek lub klejnot dnia z sekretnego pude\u0142ka. Wieczorem ponownie otworzysz pude\u0142ko, aby przechowa\u0107 klejnot. W ten spos\u00f3b codzienne rytua\u0142y przekszta\u0142c\u0105 gramofon w przedmiot, z kt\u00f3rym po\u0142\u0105czy ci\u0119 bliska wi\u0119\u017a.<\/div>\n<div><\/div>\n<div>Sk\u0142adanie gramofonu b\u0119dzie przyjemnym i relaksuj\u0105cym zaj\u0119ciem, a pod koniec nie b\u0119dziesz m\u00f3g\u0142 oderwa\u0107 od niego wzroku.<\/div>\n<div><\/div>\n<h2><strong>Idealny prezent dla kobiet i mi\u0142o\u015bnik\u00f3w muzyki<\/strong><\/h2>\n<div><\/div>\n<div>To oryginalny prezent dla kobiet i m\u0119\u017cczyzn z pasj\u0105 do muzyki, kultury i sztuki. Pude\u0142ko wnosi dodatkow\u0105 warto\u015b\u0107 i mo\u017ce by\u0107 uzupe\u0142nione zegarkami, bi\u017cuteri\u0105 lub mi\u0142osnymi notatkami.<\/div>\n<div><\/div>\n<div>Pi\u0119kna dekoracja do ka\u017cdego pomieszczenia w domu.<\/div>\n<div><\/div>\n<div>Je\u015bli nie wiesz, jaki prezent wybra\u0107 dla ukochanej osoby lub kogo\u015b, kogo szanujesz, wybierz gramofon.<\/div>\n<div><\/div>\n<div><strong>SZCZEG\u00d3\u0141Y PRODUKTU:<\/strong><\/div>\n<div>Wymiary modelu: 407*274*312 mm<\/div>\n<div>Wymiary opakowania: 377 x 243 x 45 mm<\/div>\n<div>Liczba sztuk: 321<\/div>","protected":false},"excerpt":{"rendered":"<div>Sk\u0142adanie gramofonu b\u0119dzie przyjemnym i relaksuj\u0105cym zaj\u0119ciem, a pod koniec nie b\u0119dziesz m\u00f3g\u0142 oderwa\u0107 od niego wzroku.<\/div>\n<p>&nbsp;<\/p>","protected":false},"featured_media":839,"comment_status":"open","ping_status":"closed","template":"","meta":{"slim_seo":{"title":"Gramofon - drewniana uk\u0142adanka mechaniczna 3D, 321 element\u00f3w","description":"Drewniana uk\u0142adanka mechaniczna 3D Gramofon - Uk\u0142adanie gramofonu b\u0119dzie wspania\u0142ym i relaksuj\u0105cym zaj\u0119ciem dla dzieci i doros\u0142ych."}},"product_brand":[],"product_cat":[89,90,73,74,76],"product_tag":[],"woo-feed-brand":[],"class_list":{"0":"post-834","1":"product","2":"type-product","3":"status-publish","4":"has-post-thumbnail","6":"product_cat-puzzle-meccanici-3d-in-legno","7":"product_cat-puzzle-meccanici-per-bambini","8":"product_cat-puzzle-3d","9":"product_cat-puzzle-3d-in-legno","10":"product_cat-puzzle-3d-per-bambini","12":"first","13":"instock","14":"shipping-taxable","15":"purchasable","16":"product-type-simple"},"_links":{"self":[{"href":"https:\/\/puzzle3d.co\/pl\/wp-json\/wp\/v2\/product\/834","targetHints":{"allow":["GET"]}}],"collection":[{"href":"https:\/\/puzzle3d.co\/pl\/wp-json\/wp\/v2\/product"}],"about":[{"href":"https:\/\/puzzle3d.co\/pl\/wp-json\/wp\/v2\/types\/product"}],"replies":[{"embeddable":true,"href":"https:\/\/puzzle3d.co\/pl\/wp-json\/wp\/v2\/comments?post=834"}],"wp:featuredmedia":[{"embeddable":true,"href":"https:\/\/puzzle3d.co\/pl\/wp-json\/wp\/v2\/media\/839"}],"wp:attachment":[{"href":"https:\/\/puzzle3d.co\/pl\/wp-json\/wp\/v2\/media?parent=834"}],"wp:term":[{"taxonomy":"product_brand","embeddable":true,"href":"https:\/\/puzzle3d.co\/pl\/wp-json\/wp\/v2\/product_brand?post=834"},{"taxonomy":"product_cat","embeddable":true,"href":"https:\/\/puzzle3d.co\/pl\/wp-json\/wp\/v2\/product_cat?post=834"},{"taxonomy":"product_tag","embeddable":true,"href":"https:\/\/puzzle3d.co\/pl\/wp-json\/wp\/v2\/product_tag?post=834"},{"taxonomy":"woo-feed-brand","embeddable":true,"href":"https:\/\/puzzle3d.co\/pl\/wp-json\/wp\/v2\/woo-feed-brand?post=834"}],"curies":[{"name":"wp","href":"https:\/\/api.w.org\/{rel}","templated":true}]}}