{"id":826,"date":"2023-01-25T14:32:39","date_gmt":"2023-01-25T14:32:39","guid":{"rendered":"https:\/\/puzzle3d.co\/product\/doll-house-puzzle-3d-copy\/"},"modified":"2025-05-11T08:14:48","modified_gmt":"2025-05-11T08:14:48","slug":"globowy-kinetyczny-puzzle-mechaniczny-3d-drewno","status":"publish","type":"product","link":"https:\/\/puzzle3d.co\/pl\/prodotto\/globo-cinetico-puzzle-meccanico-3d-legno\/","title":{"rendered":"Il Globo Cinetico \u2013 Puzzle mechaniczny z drewna, 205 element\u00f3w"},"content":{"rendered":"<div>\n<p><strong>Il Globo Cinetico \u2013 Puzzle mechaniczny z drewna, 205 element\u00f3w<\/strong><\/p>\n<p><span style=\"color: #333333;\">Odkryj pi\u0119kno mechaniki dzi\u0119ki kuli kinetycznej! <\/span><span style=\"color: #333333;\">W XVII wieku globusy kinetyczne zacz\u0119\u0142y by\u0107 wykorzystywane jako narz\u0119dzie edukacyjne do ilustrowania zasad fizycznych, takich jak obr\u00f3t i rewolucja.<\/span><\/p>\n<\/div>\n<div>\n<div>\n<div>Dwa wieki p\u00f3\u017aniej zacz\u0119\u0142y by\u0107 u\u017cywane jako przedmioty dekoracyjne.<\/div>\n<div>Pocz\u0105wszy od XX wieku, globusy kinetyczne sta\u0142y si\u0119 coraz bardziej popularne jako obiekty sztuki wsp\u00f3\u0142czesnej.<\/div>\n<div><\/div>\n<div>Dzi\u015b globusy nadal ewoluuj\u0105, wykorzystuj\u0105c nowoczesn\u0105 technologi\u0119 i zaawansowane materia\u0142y do tworzenia imponuj\u0105cych ruch\u00f3w i efekt\u00f3w wizualnych.<\/div>\n<div><\/div>\n<div>Inteligentny prezent dla ka\u017cdego<\/div>\n<div><\/div>\n<div>Wybierz pomys\u0142owy prezent dla siebie lub przyjaciela, z\u0142\u00f3\u017c go, a nast\u0119pnie pozw\u00f3l mu si\u0119 obraca\u0107. Obserwowanie ruchu obrotowego i rewolucyjnego jest relaksuj\u0105ce.<\/div>\n<div><\/div>\n<div>Mo\u017cesz to zrobi\u0107, my\u015bl\u0105c o projekcie lub delektuj\u0105c si\u0119 kaw\u0105 w spokoju. Zauwa\u017cysz, jak twoje baterie si\u0119 \u0142aduj\u0105, a my\u015bli wydaj\u0105 si\u0119 osiada\u0107 na p\u00f3\u0142ce.<\/div>\n<div><\/div>\n<div><strong>SZCZEG\u00d3\u0141Y PRODUKTU:<\/strong><\/div>\n<div>Wymiary modelu: 161*132*251 mm<\/div>\n<div>Wymiary opakowania: 245*188*30 mm<\/div>\n<div>Liczba sztuk: 205<\/div>\n<\/div>\n<div><\/div>\n<\/div>","protected":false},"excerpt":{"rendered":"<p>Odkryj pi\u0119kno mechaniki z kinetycznym globusem! Wybierz pomys\u0142owy prezent dla siebie lub przyjaciela, z\u0142\u00f3\u017c go, a nast\u0119pnie pozw\u00f3l mu si\u0119 obraca\u0107. Obserwowanie ruchu obrotowego i rewolucyjnego jest relaksuj\u0105ce.<\/p>","protected":false},"featured_media":830,"comment_status":"open","ping_status":"closed","template":"","meta":[],"product_brand":[],"product_cat":[73,74,76,89,90],"product_tag":[],"woo-feed-brand":[],"class_list":{"0":"post-826","1":"product","2":"type-product","3":"status-publish","4":"has-post-thumbnail","6":"product_cat-puzzle-3d","7":"product_cat-puzzle-3d-in-legno","8":"product_cat-puzzle-3d-per-bambini","9":"product_cat-puzzle-meccanici-3d-in-legno","10":"product_cat-puzzle-meccanici-per-bambini","12":"first","13":"instock","14":"shipping-taxable","15":"purchasable","16":"product-type-simple"},"_links":{"self":[{"href":"https:\/\/puzzle3d.co\/pl\/wp-json\/wp\/v2\/product\/826","targetHints":{"allow":["GET"]}}],"collection":[{"href":"https:\/\/puzzle3d.co\/pl\/wp-json\/wp\/v2\/product"}],"about":[{"href":"https:\/\/puzzle3d.co\/pl\/wp-json\/wp\/v2\/types\/product"}],"replies":[{"embeddable":true,"href":"https:\/\/puzzle3d.co\/pl\/wp-json\/wp\/v2\/comments?post=826"}],"wp:featuredmedia":[{"embeddable":true,"href":"https:\/\/puzzle3d.co\/pl\/wp-json\/wp\/v2\/media\/830"}],"wp:attachment":[{"href":"https:\/\/puzzle3d.co\/pl\/wp-json\/wp\/v2\/media?parent=826"}],"wp:term":[{"taxonomy":"product_brand","embeddable":true,"href":"https:\/\/puzzle3d.co\/pl\/wp-json\/wp\/v2\/product_brand?post=826"},{"taxonomy":"product_cat","embeddable":true,"href":"https:\/\/puzzle3d.co\/pl\/wp-json\/wp\/v2\/product_cat?post=826"},{"taxonomy":"product_tag","embeddable":true,"href":"https:\/\/puzzle3d.co\/pl\/wp-json\/wp\/v2\/product_tag?post=826"},{"taxonomy":"woo-feed-brand","embeddable":true,"href":"https:\/\/puzzle3d.co\/pl\/wp-json\/wp\/v2\/woo-feed-brand?post=826"}],"curies":[{"name":"wp","href":"https:\/\/api.w.org\/{rel}","templated":true}]}}