{"id":818,"date":"2023-01-24T16:19:11","date_gmt":"2023-01-24T16:19:11","guid":{"rendered":"https:\/\/puzzle3d.co\/product\/tank-t-34-85-puzzle-3d-mecanic-copy\/"},"modified":"2025-05-12T06:12:44","modified_gmt":"2025-05-12T06:12:44","slug":"3d-drewniane-puzzle-domek-dla-lalek","status":"publish","type":"product","link":"https:\/\/puzzle3d.co\/pl\/prodotto\/casa-delle-bambole-puzzle-3d-in-legno\/","title":{"rendered":"Drewniany domek dla lalek, 131 sztuk"},"content":{"rendered":"<div>\n<p><strong>Drewniane puzzle 3D CHILDREN'S HOUSE -131 element\u00f3w<\/strong><\/p>\n<p>Budowa tego domku dla lalek b\u0119dzie przyjemno\u015bci\u0105 dzi\u0119ki wysokiej jako\u015bci drewnianym elementom. Ka\u017cda cz\u0119\u015b\u0107 zosta\u0142a wyci\u0119ta z laserow\u0105 precyzj\u0105 i idealnie pasuje do pozosta\u0142ych. Szczeg\u00f3\u0142owe instrukcje poprowadz\u0105 Ci\u0119 krok po kroku przez proces monta\u017cu.<\/p>\n<p>Po uko\u0144czeniu domek ma wymiary 48 x 37 x 54 cm, co stanowi du\u017cy model. B\u0119dziesz mie\u0107 pe\u0142n\u0105 swobod\u0119 wyobra\u017ani i kreatywno\u015bci, aby umeblowa\u0107 wn\u0119trze i udekorowa\u0107 wygl\u0105d zewn\u0119trzny wed\u0142ug w\u0142asnego gustu, tak jak w prawdziwym domku dla lalek!<\/p>\n<\/div>\n<p>Dba\u0142o\u015b\u0107 o szczeg\u00f3\u0142y jest zdumiewaj\u0105ca: zdobione balkony, kompletne meble pokojowe i kuchenne, ma\u0142e kolorowe zas\u0142ony, zje\u017cd\u017calnia i inne cenne elementy przyczyniaj\u0105 si\u0119 do odtworzenia niezwykle realistycznego miniaturowego \u015bwiata.<\/p>\n<p class=\"whitespace-pre-wrap\">Zachwy\u0107 si\u0119 tym pi\u0119knym drewnianym domkiem dla lalek - idealnym prezentem dla m\u0142odszych i starszych!<\/p>\n<p class=\"whitespace-pre-wrap\">Jeden z wiod\u0105cych na \u015bwiecie producent\u00f3w drewnianych puzzli, z dziesi\u0105tkami fascynuj\u0105cych zestaw\u00f3w do wyboru. Dba\u0142o\u015b\u0107 o szczeg\u00f3\u0142y w ich modelach jest po prostu niesamowita! R\u00f3\u017cnorodno\u015b\u0107 trudno\u015bci, od zestaw\u00f3w odpowiednich dla dzieci po wyzwania dla bardziej do\u015bwiadczonych modelarzy. Firma z d\u0142ug\u0105 histori\u0105 i pasj\u0105 do tej sztuki.<\/p>\n<div>\n<div>\n<div>Kilka wiek\u00f3w temu drewniany domek dla lalek by\u0142 luksusowym przedmiotem zarezerwowanym tylko dla zamo\u017cnych rodzin.<\/div>\n<div><\/div>\n<div>Dzi\u015b nie jest to ju\u017c luksus, ale przedmiot, kt\u00f3ry dzieci lubi\u0105 i kt\u00f3ry obiecuje godziny zabawy z dala od ekran\u00f3w.<\/div>\n<div><\/div>\n<div>Tak wi\u0119c, je\u015bli chcesz, aby Twoje dziecko by\u0142o zaj\u0119te, ten domek do zabawy jest mile widziany.<\/div>\n<div><\/div>\n<div>Ma wiele zalet: sk\u0142adanie go rozwija dba\u0142o\u015b\u0107 o szczeg\u00f3\u0142y, umiej\u0119tno\u015bci motoryczne, koordynacj\u0119 r\u0119ka-oko i orientacj\u0119 w przestrzeni.<\/div>\n<div><\/div>\n<h2>Odpowiedni prezent dla dziewczynek<\/h2>\n<div>Posiada liczne pokoje i meble, kt\u00f3re zach\u0119caj\u0105 do wyobra\u017ani i odgrywania r\u00f3l: salon, kuchnia, sypialnia, strych, balkon, gara\u017c, st\u00f3\u0142, krzes\u0142a, sofy, sypialnia, winda mechaniczna.<\/div>\n<div><\/div>\n<div>Mo\u017cesz udekorowa\u0107 go za pomoc\u0105 farby na bazie wody, mo\u017cesz doda\u0107 cz\u0142onk\u00f3w rodziny, kt\u00f3rzy b\u0119d\u0105 mieszka\u0107 w tym domu, samoch\u00f3d, drzewa i wszystko inne, co podpowie ci wyobra\u017ania.<\/div>\n<div><\/div>\n<div>Domek mo\u017cna z\u0142o\u017cy\u0107 w celu wygodnego transportu podczas zabawy na \u015bwie\u017cym powietrzu lub podczas wizyty u dziadk\u00f3w.<\/div>\n<div>Jest to atrakcyjna dekoracja do salonu, a zw\u0142aszcza do pokoju dzieci\u0119cego.<\/div>\n<div><\/div>\n<div><strong>SZCZEG\u00d3\u0141Y PRODUKTU:<\/strong><\/div>\n<div>Wymiary modelu: 486*376*540 mm<\/div>\n<div>Wymiary opakowania: 375 x 243 x 64 mm<\/div>\n<div>Liczba sztuk: 131<\/div>\n<\/div>\n<\/div>","protected":false},"excerpt":{"rendered":"<div>Drewniany domek dla lalek rozwija dba\u0142o\u015b\u0107 o szczeg\u00f3\u0142y, umiej\u0119tno\u015bci motoryczne, koordynacj\u0119 r\u0119ka-oko i orientacj\u0119 w przestrzeni.<\/div>\n<p>&nbsp;<\/p>","protected":false},"featured_media":820,"comment_status":"open","ping_status":"closed","template":"","meta":[],"product_brand":[],"product_cat":[73,74,76,89,90],"product_tag":[],"woo-feed-brand":[],"class_list":{"0":"post-818","1":"product","2":"type-product","3":"status-publish","4":"has-post-thumbnail","6":"product_cat-puzzle-3d","7":"product_cat-puzzle-3d-in-legno","8":"product_cat-puzzle-3d-per-bambini","9":"product_cat-puzzle-meccanici-3d-in-legno","10":"product_cat-puzzle-meccanici-per-bambini","12":"first","13":"instock","14":"shipping-taxable","15":"purchasable","16":"product-type-simple"},"_links":{"self":[{"href":"https:\/\/puzzle3d.co\/pl\/wp-json\/wp\/v2\/product\/818","targetHints":{"allow":["GET"]}}],"collection":[{"href":"https:\/\/puzzle3d.co\/pl\/wp-json\/wp\/v2\/product"}],"about":[{"href":"https:\/\/puzzle3d.co\/pl\/wp-json\/wp\/v2\/types\/product"}],"replies":[{"embeddable":true,"href":"https:\/\/puzzle3d.co\/pl\/wp-json\/wp\/v2\/comments?post=818"}],"wp:featuredmedia":[{"embeddable":true,"href":"https:\/\/puzzle3d.co\/pl\/wp-json\/wp\/v2\/media\/820"}],"wp:attachment":[{"href":"https:\/\/puzzle3d.co\/pl\/wp-json\/wp\/v2\/media?parent=818"}],"wp:term":[{"taxonomy":"product_brand","embeddable":true,"href":"https:\/\/puzzle3d.co\/pl\/wp-json\/wp\/v2\/product_brand?post=818"},{"taxonomy":"product_cat","embeddable":true,"href":"https:\/\/puzzle3d.co\/pl\/wp-json\/wp\/v2\/product_cat?post=818"},{"taxonomy":"product_tag","embeddable":true,"href":"https:\/\/puzzle3d.co\/pl\/wp-json\/wp\/v2\/product_tag?post=818"},{"taxonomy":"woo-feed-brand","embeddable":true,"href":"https:\/\/puzzle3d.co\/pl\/wp-json\/wp\/v2\/woo-feed-brand?post=818"}],"curies":[{"name":"wp","href":"https:\/\/api.w.org\/{rel}","templated":true}]}}