{"id":806,"date":"2023-01-24T13:52:59","date_gmt":"2023-01-24T13:52:59","guid":{"rendered":"https:\/\/puzzle3d.co\/product\/mower-lemn-puzzle-3d-mecanic-copy\/"},"modified":"2025-06-11T19:09:39","modified_gmt":"2025-06-11T19:09:39","slug":"mechaniczny-model-zbiornika-na-drewno","status":"publish","type":"product","link":"https:\/\/puzzle3d.co\/pl\/prodotto\/carro-armato-modello-meccanico-legno\/","title":{"rendered":"Czo\u0142g T-34-85 mechaniczny model drewniany , 965 sztuk"},"content":{"rendered":"<div>\n<h2><strong>Czo\u0142g, Czo\u0142g T-34-85 mechaniczny model drewniany - 965 sztuk<\/strong><\/h2>\n<\/div>\n<div>\n<div>\n<div>Czy wiesz, \u017ce pierwsze czo\u0142gi, kt\u00f3re pojawi\u0142y si\u0119 podczas pierwszej wojny \u015bwiatowej, mia\u0142y problemy techniczne, takie jak przegrzewaj\u0105ce si\u0119 silniki i problemy z manewrowaniem.<\/div>\n<div>Dzi\u0119ki prawie 965 elementom wykonanym w ca\u0142o\u015bci z drewna mo\u017cna samodzielnie zbudowa\u0107 mobilny czo\u0142g bez u\u017cycia ani jednej kropli kleju. Posiada on obrotow\u0105 wie\u017cyczk\u0119, ruchome w\u0142azy i obracaj\u0105ce si\u0119 ko\u0142a.<\/div>\n<div>Czo\u0142g T 34-85 testuje cierpliwo\u015b\u0107 i uwag\u0119 graczy. To intelektualne wyzwanie, kt\u00f3re jest dobre tylko dla m\u00f3zgu.<\/div>\n<div>Je\u015bli jeste\u015b pasjonatem mechaniki i in\u017cynierii lub historii wojskowo\u015bci, ten model jest dla Ciebie.<\/div>\n<h3>Prezent dla mi\u0142o\u015bnik\u00f3w historii<\/h3>\n<div><strong>SZCZEG\u00d3\u0141Y PRODUKTU:<\/strong><\/div>\n<div>Wymiary modelu: 330*128*95 mm<\/div>\n<div>Wymiary opakowania: 245*188*50 mm<\/div>\n<div>Liczba sztuk: 965<\/div>\n<\/div>\n<div><\/div>\n<\/div>\n<p><script type=\"application\/ld+json\" data-app=\"seomaster\">{\n    \"@context\": \"https:\\\/\\\/schema.org\\\/\",\n    \"@type\": \"Product\",\n    \"@id\": \"https:\\\/\\\/puzzle3d.co\\\/prodotto\\\/carro-armato-modello-meccanico-legno\\\/\",\n    \"url\": \"https:\\\/\\\/puzzle3d.co\\\/prodotto\\\/carro-armato-modello-meccanico-legno\\\/\",\n    \"name\": \"Carro Armato T-34-85 modello meccanico in legno del , 965 pezzi\",\n    \"image\": \"https:\\\/\\\/puzzle3d.co\\\/wp-content\\\/uploads\\\/2023\\\/01\\\/tank3.webp\",\n    \"description\": \"Modello Carro Armato Meccanico T-34-85 in legno - 965 pezzi\",\n    \"brand\": {\n        \"@type\": \"Brand\",\n        \"name\": \"Puzzle 3D\"\n    },\n    \"aggregateRating\": {\n        \"@type\": \"aggregateRating\",\n        \"bestRating\": \"5\",\n        \"worstRating\": \"1\",\n        \"ratingCount\": \"140\",\n        \"ratingValue\": \"4.8\"\n    }\n}<\/script><\/p>","protected":false},"excerpt":{"rendered":"<p>Je\u015bli pasjonujesz si\u0119 mechanik\u0105, in\u017cynieri\u0105 lub histori\u0105 wojskowo\u015bci, puzzle 3D z mechanicznym czo\u0142giem T-34-85 s\u0105 dla Ciebie. Dzi\u0119ki prawie 300 elementom wykonanym w ca\u0142o\u015bci z drewna, bez kropli kleju, mo\u017cesz samodzielnie zbudowa\u0107 mobilny czo\u0142g<\/p>","protected":false},"featured_media":810,"comment_status":"open","ping_status":"closed","template":"","meta":[],"product_brand":[],"product_cat":[73,88,74,89,90,91],"product_tag":[],"woo-feed-brand":[],"class_list":{"0":"post-806","1":"product","2":"type-product","3":"status-publish","4":"has-post-thumbnail","6":"product_cat-puzzle-3d","7":"product_cat-puzzle-3d-adulti","8":"product_cat-puzzle-3d-in-legno","9":"product_cat-puzzle-meccanici-3d-in-legno","10":"product_cat-puzzle-meccanici-per-bambini","11":"product_cat-puzzle-meccanici-per-adulti","13":"first","14":"instock","15":"shipping-taxable","16":"purchasable","17":"product-type-simple"},"_links":{"self":[{"href":"https:\/\/puzzle3d.co\/pl\/wp-json\/wp\/v2\/product\/806","targetHints":{"allow":["GET"]}}],"collection":[{"href":"https:\/\/puzzle3d.co\/pl\/wp-json\/wp\/v2\/product"}],"about":[{"href":"https:\/\/puzzle3d.co\/pl\/wp-json\/wp\/v2\/types\/product"}],"replies":[{"embeddable":true,"href":"https:\/\/puzzle3d.co\/pl\/wp-json\/wp\/v2\/comments?post=806"}],"wp:featuredmedia":[{"embeddable":true,"href":"https:\/\/puzzle3d.co\/pl\/wp-json\/wp\/v2\/media\/810"}],"wp:attachment":[{"href":"https:\/\/puzzle3d.co\/pl\/wp-json\/wp\/v2\/media?parent=806"}],"wp:term":[{"taxonomy":"product_brand","embeddable":true,"href":"https:\/\/puzzle3d.co\/pl\/wp-json\/wp\/v2\/product_brand?post=806"},{"taxonomy":"product_cat","embeddable":true,"href":"https:\/\/puzzle3d.co\/pl\/wp-json\/wp\/v2\/product_cat?post=806"},{"taxonomy":"product_tag","embeddable":true,"href":"https:\/\/puzzle3d.co\/pl\/wp-json\/wp\/v2\/product_tag?post=806"},{"taxonomy":"woo-feed-brand","embeddable":true,"href":"https:\/\/puzzle3d.co\/pl\/wp-json\/wp\/v2\/woo-feed-brand?post=806"}],"curies":[{"name":"wp","href":"https:\/\/api.w.org\/{rel}","templated":true}]}}