{"id":796,"date":"2023-01-24T12:45:30","date_gmt":"2023-01-24T12:45:30","guid":{"rendered":"https:\/\/puzzle3d.co\/product\/glob-lemn-puzzle-3d-mecanic-copy\/"},"modified":"2025-06-19T03:30:45","modified_gmt":"2025-06-19T03:30:45","slug":"kombajn-rolniczy-3d-mechaniczne-drewniane-puzzle","status":"publish","type":"product","link":"https:\/\/puzzle3d.co\/pl\/prodotto\/combina-agricola-puzzle-3d-meccanico-in-legno\/","title":{"rendered":"Combina Agricola - mechaniczna drewniana uk\u0142adanka, 963 elementy"},"content":{"rendered":"<div>\n<p><strong>Kombajn rolniczy - drewniany model mechaniczny - 963 cz\u0119\u015bci<\/strong><\/p>\n<\/div>\n<div>\n<div>\n<div>Drewniany kombajn jest podobny do prawdziwego kombajnu. Jego celem jest dzia\u0142anie jak jego prawdziwy odpowiednik.<\/div>\n<div>Model posiada silnik z gumow\u0105 opask\u0105 i zdejmowane urz\u0105dzenie tn\u0105ce, kt\u00f3re porusza si\u0119 w g\u00f3r\u0119 i w d\u00f3\u0142. Podziwianie go zar\u00f3wno w spoczynku, jak i w ruchu jest naprawd\u0119 fascynuj\u0105ce.<\/div>\n<h2>Prezent doceniany przez m\u0119\u017cczyzn<\/h2>\n<div>Monta\u017c to przyjemno\u015b\u0107, ale i wyzwanie. Post\u0119puj zgodnie z instrukcjami, nie jest to tak skomplikowane, jak my\u015blisz.<\/div>\n<div>Podczas budowy b\u0119dziesz mia\u0142 gwarantowan\u0105 dawk\u0119 adrenaliny, koncentracj\u0119 na szczeg\u00f3\u0142ach, ale tak\u017ce przyjemny stan relaksu.<\/div>\n<div><\/div>\n<div>Poziom trudno\u015bci wynosi 5 na 5.<\/div>\n<div><\/div>\n<div><strong>Odpowiedni wiek &gt; 14 lat<\/strong><\/div>\n<div><\/div>\n<div><strong>SZCZEG\u00d3\u0141Y PRODUKTU:<\/strong><\/div>\n<div>Wymiary modelu: 315*261*145 mm<\/div>\n<div>Wymiary opakowania: 375 x 183 x 32 mm<\/div>\n<div>Liczba sztuk: 963<\/div>\n<\/div>\n<div><\/div>\n<\/div>","protected":false},"excerpt":{"rendered":"<p>Drewniany kombajn jest podobny do prawdziwego kombajnu. Jego celem jest funkcjonowanie jak jego prawdziwy odpowiednik. Model ma silnik na gumk\u0119 i zdejmowane urz\u0105dzenie tn\u0105ce, kt\u00f3re porusza si\u0119 w g\u00f3r\u0119 i w d\u00f3\u0142.<\/p>","protected":false},"featured_media":798,"comment_status":"open","ping_status":"closed","template":"","meta":[],"product_brand":[],"product_cat":[108,73,88,74,89,90,91],"product_tag":[],"woo-feed-brand":[],"class_list":{"0":"post-796","1":"product","2":"type-product","3":"status-publish","4":"has-post-thumbnail","6":"product_cat-modellismo-da-costruire-per-adulti","7":"product_cat-puzzle-3d","8":"product_cat-puzzle-3d-adulti","9":"product_cat-puzzle-3d-in-legno","10":"product_cat-puzzle-meccanici-3d-in-legno","11":"product_cat-puzzle-meccanici-per-bambini","12":"product_cat-puzzle-meccanici-per-adulti","14":"first","15":"instock","16":"shipping-taxable","17":"purchasable","18":"product-type-simple"},"_links":{"self":[{"href":"https:\/\/puzzle3d.co\/pl\/wp-json\/wp\/v2\/product\/796","targetHints":{"allow":["GET"]}}],"collection":[{"href":"https:\/\/puzzle3d.co\/pl\/wp-json\/wp\/v2\/product"}],"about":[{"href":"https:\/\/puzzle3d.co\/pl\/wp-json\/wp\/v2\/types\/product"}],"replies":[{"embeddable":true,"href":"https:\/\/puzzle3d.co\/pl\/wp-json\/wp\/v2\/comments?post=796"}],"wp:featuredmedia":[{"embeddable":true,"href":"https:\/\/puzzle3d.co\/pl\/wp-json\/wp\/v2\/media\/798"}],"wp:attachment":[{"href":"https:\/\/puzzle3d.co\/pl\/wp-json\/wp\/v2\/media?parent=796"}],"wp:term":[{"taxonomy":"product_brand","embeddable":true,"href":"https:\/\/puzzle3d.co\/pl\/wp-json\/wp\/v2\/product_brand?post=796"},{"taxonomy":"product_cat","embeddable":true,"href":"https:\/\/puzzle3d.co\/pl\/wp-json\/wp\/v2\/product_cat?post=796"},{"taxonomy":"product_tag","embeddable":true,"href":"https:\/\/puzzle3d.co\/pl\/wp-json\/wp\/v2\/product_tag?post=796"},{"taxonomy":"woo-feed-brand","embeddable":true,"href":"https:\/\/puzzle3d.co\/pl\/wp-json\/wp\/v2\/woo-feed-brand?post=796"}],"curies":[{"name":"wp","href":"https:\/\/api.w.org\/{rel}","templated":true}]}}