{"id":787,"date":"2023-01-24T12:02:30","date_gmt":"2023-01-24T12:02:30","guid":{"rendered":"https:\/\/puzzle3d.co\/product\/belaz75600-puzzle-3d-mecanic-copy\/"},"modified":"2025-05-11T08:14:31","modified_gmt":"2025-05-11T08:14:31","slug":"mechaniczna-drewniana-ukladanka-3d-z-globusem-393-elementy","status":"publish","type":"product","link":"https:\/\/puzzle3d.co\/pl\/prodotto\/globo-puzzle-3d-meccanico-legno-393-pezzi\/","title":{"rendered":"Mechaniczna drewniana uk\u0142adanka GLOBO 3D, 393 elementy"},"content":{"rendered":"<div>\n<p><strong>Mechaniczna drewniana uk\u0142adanka GLOBO 3D - 393 elementy<\/strong><\/p>\n<\/div>\n<div>\n<div>\n<div>Drewniany globus to element dekoracyjny i edukacyjny, kt\u00f3ry wzbudzi zainteresowanie poznawaniem \u015bwiata.<\/div>\n<div>Niezale\u017cnie od tego, czy jeste\u015b doros\u0142ym, czy dzieckiem, nie spos\u00f3b nie zafascynowa\u0107 si\u0119 globusem, zw\u0142aszcza je\u015bli z\u0142o\u017cysz go w\u0142asnymi r\u0119kami.<\/div>\n<div>To doskona\u0142e wyzwanie dla m\u00f3zgu, ale tak\u017ce okazja do medytacji i refleksji.<\/div>\n<div>Sekretne pude\u0142ko jest r\u00f3wnie przydatne, co intryguj\u0105ce. Zegarek, pier\u015bcionek, klucz, cukierek: kto zgadnie, co si\u0119 tam kryje?<\/div>\n<h2>Inteligentny prezent dla ka\u017cdego<\/h2>\n<div>Po\u0142\u0105cz go z bliskim przyjacielem, rozmawiaj\u0105c o czym\u015b zwi\u0105zanym z dusz\u0105 lub z dzieckiem, m\u00f3wi\u0105c mu, \u017ce \u017cycie jest w jego r\u0119kach. Zach\u0119\u0107 go, aby poprzez w\u0142a\u015bciwe decyzje m\u00f3g\u0142 obj\u0105\u0107 ca\u0142\u0105 ziemi\u0119.<\/div>\n<div><\/div>\n<div><strong>SZCZEG\u00d3\u0141Y PRODUKTU:<\/strong><\/div>\n<div>Wymiary modelu: 505*320*320 mm<\/div>\n<div>Wymiary opakowania: 374 x 242 x 64 mm<\/div>\n<div>Liczba sztuk: 393<\/div>\n<\/div>\n<\/div>","protected":false},"excerpt":{"rendered":"<p>Drewniany globus to element dekoracyjny i edukacyjny, kt\u00f3ry wzbudzi zainteresowanie poznawaniem \u015bwiata.<\/p>","protected":false},"featured_media":789,"comment_status":"open","ping_status":"closed","template":"","meta":[],"product_brand":[],"product_cat":[73,88,74,76,89,90,91],"product_tag":[],"woo-feed-brand":[],"class_list":{"0":"post-787","1":"product","2":"type-product","3":"status-publish","4":"has-post-thumbnail","6":"product_cat-puzzle-3d","7":"product_cat-puzzle-3d-adulti","8":"product_cat-puzzle-3d-in-legno","9":"product_cat-puzzle-3d-per-bambini","10":"product_cat-puzzle-meccanici-3d-in-legno","11":"product_cat-puzzle-meccanici-per-bambini","12":"product_cat-puzzle-meccanici-per-adulti","14":"first","15":"instock","16":"shipping-taxable","17":"purchasable","18":"product-type-simple"},"_links":{"self":[{"href":"https:\/\/puzzle3d.co\/pl\/wp-json\/wp\/v2\/product\/787","targetHints":{"allow":["GET"]}}],"collection":[{"href":"https:\/\/puzzle3d.co\/pl\/wp-json\/wp\/v2\/product"}],"about":[{"href":"https:\/\/puzzle3d.co\/pl\/wp-json\/wp\/v2\/types\/product"}],"replies":[{"embeddable":true,"href":"https:\/\/puzzle3d.co\/pl\/wp-json\/wp\/v2\/comments?post=787"}],"wp:featuredmedia":[{"embeddable":true,"href":"https:\/\/puzzle3d.co\/pl\/wp-json\/wp\/v2\/media\/789"}],"wp:attachment":[{"href":"https:\/\/puzzle3d.co\/pl\/wp-json\/wp\/v2\/media?parent=787"}],"wp:term":[{"taxonomy":"product_brand","embeddable":true,"href":"https:\/\/puzzle3d.co\/pl\/wp-json\/wp\/v2\/product_brand?post=787"},{"taxonomy":"product_cat","embeddable":true,"href":"https:\/\/puzzle3d.co\/pl\/wp-json\/wp\/v2\/product_cat?post=787"},{"taxonomy":"product_tag","embeddable":true,"href":"https:\/\/puzzle3d.co\/pl\/wp-json\/wp\/v2\/product_tag?post=787"},{"taxonomy":"woo-feed-brand","embeddable":true,"href":"https:\/\/puzzle3d.co\/pl\/wp-json\/wp\/v2\/woo-feed-brand?post=787"}],"curies":[{"name":"wp","href":"https:\/\/api.w.org\/{rel}","templated":true}]}}