{"id":775,"date":"2023-01-23T22:33:39","date_gmt":"2023-01-23T22:33:39","guid":{"rendered":"https:\/\/puzzle3d.co\/product\/belaz-puzzle-3d-mecanic-copy\/"},"modified":"2025-06-11T19:11:18","modified_gmt":"2025-06-11T19:11:18","slug":"gigantyczna-ciezarowka-belaz-puzzle-mechaniczne-3d","status":"publish","type":"product","link":"https:\/\/puzzle3d.co\/pl\/prodotto\/camion-gigantesco-belaz-puzzle-meccanico-3d\/","title":{"rendered":"BELAZ Giant Truck 75600. Mechaniczny model drewniany, 307 element\u00f3w"},"content":{"rendered":"<div>\n<div>\n<div><strong>BELAZ Giant Truck 75600 - Mechaniczna drewniana uk\u0142adanka 3D - 307 element\u00f3w<\/strong><\/div>\n<div><\/div>\n<div>Jeden z wyj\u0105tkowych modeli z serii Belaz zadziwia swoj\u0105 konstrukcj\u0105.<\/div>\n<div>Ci\u0119\u017car\u00f3wka ma silnik nap\u0119dzany gumow\u0105 ta\u015bm\u0105. Z jednym<\/div>\n<div>mo\u017ce przemie\u015bci\u0107 si\u0119 o kilka metr\u00f3w (w zale\u017cno\u015bci od nawierzchni drogi).<\/div>\n<div><\/div>\n<div>Szczeg\u00f3\u0142owy projekt zawiera wszystkie elementy rzeczywistego odpowiednika. Drzwi i maska otwieraj\u0105 si\u0119, a przyczepa podnosi si\u0119.<\/div>\n<h2>Prezent dla entuzjast\u00f3w ci\u0119\u017car\u00f3wek i budownictwa<\/h2>\n<div>Jest to model odpowiedni dla ambitnej osoby lub entuzjasty puzzli, kt\u00f3ry ma ju\u017c pewne do\u015bwiadczenie z mechanicznymi puzzlami.<\/div>\n<div>Przy odrobinie cierpliwo\u015bci i wytrwa\u0142o\u015bci mo\u017cna zbudowa\u0107 ci\u0119\u017car\u00f3wk\u0119, kt\u00f3ra przyci\u0105gnie uwag\u0119 i wzbudzi podziw wszystkich odwiedzaj\u0105cych.<\/div>\n<div><\/div>\n<\/div>\n<div style=\"width: 1020px;\" class=\"wp-video\"><video class=\"wp-video-shortcode\" id=\"video-775-1\" width=\"1020\" height=\"574\" preload=\"metadata\" controls=\"controls\"><source type=\"video\/mp4\" src=\"https:\/\/puzzle3d.co\/wp-content\/uploads\/2023\/01\/BELAZ-75600-IG.mp4?_=1\" \/><a href=\"https:\/\/puzzle3d.co\/wp-content\/uploads\/2023\/01\/BELAZ-75600-IG.mp4\">https:\/\/puzzle3d.co\/wp-content\/uploads\/2023\/01\/BELAZ-75600-IG.mp4<\/a><\/video><\/div>\n<div>\n<p><strong><span style=\"color: #333333;\">SZCZEG\u00d3\u0141Y PRODUKTU:<br \/>\n<\/span><\/strong><span style=\"color: #333333;\">Wymiary modelu: 310*200*155 mm<br \/>\n<\/span><span style=\"color: #333333;\">Wymiary opakowania: 374*243*40 mm<br \/>\n<\/span><span style=\"color: #333333;\">Liczba sztuk: 307<\/span><\/p>\n<\/div>\n<\/div>\n<div>\n<div><\/div>\n<\/div>","protected":false},"excerpt":{"rendered":"<div>Ci\u0119\u017car\u00f3wka ma silnik nap\u0119dzany gumk\u0105. Szczeg\u00f3\u0142owy projekt zawiera wszystkie elementy rzeczywistego odpowiednika. Drzwi i maska otwieraj\u0105 si\u0119, a naczepa podnosi si\u0119 do g\u00f3ry<\/div>\n<p>&nbsp;<\/p>","protected":false},"featured_media":785,"comment_status":"open","ping_status":"closed","template":"","meta":{"slim_seo":{"title":"Gigantyczna ci\u0119\u017car\u00f3wka BELAZ. Model mechaniczny 3D 307 szt.","description":"Jeden z wyj\u0105tkowych modeli z serii Belaz zadziwia swoj\u0105 konstrukcj\u0105. Ci\u0119\u017car\u00f3wka do transportu ci\u0119\u017ckich \u0142adunk\u00f3w jest wyposa\u017cona w elastyczny silnik."}},"product_brand":[],"product_cat":[89,91,90,73,88,76],"product_tag":[],"woo-feed-brand":[],"class_list":{"0":"post-775","1":"product","2":"type-product","3":"status-publish","4":"has-post-thumbnail","6":"product_cat-puzzle-meccanici-3d-in-legno","7":"product_cat-puzzle-meccanici-per-adulti","8":"product_cat-puzzle-meccanici-per-bambini","9":"product_cat-puzzle-3d","10":"product_cat-puzzle-3d-adulti","11":"product_cat-puzzle-3d-per-bambini","13":"first","14":"instock","15":"shipping-taxable","16":"purchasable","17":"product-type-simple"},"_links":{"self":[{"href":"https:\/\/puzzle3d.co\/pl\/wp-json\/wp\/v2\/product\/775","targetHints":{"allow":["GET"]}}],"collection":[{"href":"https:\/\/puzzle3d.co\/pl\/wp-json\/wp\/v2\/product"}],"about":[{"href":"https:\/\/puzzle3d.co\/pl\/wp-json\/wp\/v2\/types\/product"}],"replies":[{"embeddable":true,"href":"https:\/\/puzzle3d.co\/pl\/wp-json\/wp\/v2\/comments?post=775"}],"wp:featuredmedia":[{"embeddable":true,"href":"https:\/\/puzzle3d.co\/pl\/wp-json\/wp\/v2\/media\/785"}],"wp:attachment":[{"href":"https:\/\/puzzle3d.co\/pl\/wp-json\/wp\/v2\/media?parent=775"}],"wp:term":[{"taxonomy":"product_brand","embeddable":true,"href":"https:\/\/puzzle3d.co\/pl\/wp-json\/wp\/v2\/product_brand?post=775"},{"taxonomy":"product_cat","embeddable":true,"href":"https:\/\/puzzle3d.co\/pl\/wp-json\/wp\/v2\/product_cat?post=775"},{"taxonomy":"product_tag","embeddable":true,"href":"https:\/\/puzzle3d.co\/pl\/wp-json\/wp\/v2\/product_tag?post=775"},{"taxonomy":"woo-feed-brand","embeddable":true,"href":"https:\/\/puzzle3d.co\/pl\/wp-json\/wp\/v2\/woo-feed-brand?post=775"}],"curies":[{"name":"wp","href":"https:\/\/api.w.org\/{rel}","templated":true}]}}