{"id":766,"date":"2023-01-23T21:53:35","date_gmt":"2023-01-23T21:53:35","guid":{"rendered":"https:\/\/puzzle3d.co\/product\/belaz-puzzle-3d-mecanic-copy\/"},"modified":"2025-06-11T19:11:26","modified_gmt":"2025-06-11T19:11:26","slug":"ciezarowka-sniezna-3d-mechaniczne-drewniane-puzzle","status":"publish","type":"product","link":"https:\/\/puzzle3d.co\/pl\/prodotto\/camion-della-neve-puzzle-meccanico-3d-in-legno\/","title":{"rendered":"Ci\u0119\u017car\u00f3wka \u015bnie\u017cna - mechaniczna drewniana uk\u0142adanka, 460 element\u00f3w"},"content":{"rendered":"<div>\n<p><strong>Ci\u0119\u017car\u00f3wka \u015bnie\u017cna - mechaniczna drewniana uk\u0142adanka - 460 element\u00f3w<\/strong><\/p>\n<div>Trudno powiedzie\u0107, co najbardziej spodoba ci si\u0119 w od\u015bnie\u017carce: jej monta\u017c, uruchomienie czy po prostu podziwianie tego, jak fantastycznie wygl\u0105da.<\/div>\n<\/div>\n<div>\n<div>\n<div>Sk\u0142adaj\u0105ca si\u0119 z 417 drewnianych puzzli ci\u0119\u017car\u00f3wka zach\u0119ca ca\u0142\u0105 rodzin\u0119 do wsp\u00f3lnego sk\u0142adania.<\/div>\n<div><\/div>\n<div>Mechanizm rozruchowy to zas\u0142uga silnika na gumce, drzwi otwieraj\u0105 si\u0119 i zamykaj\u0105, wn\u0119trze wygl\u0105da dobrze, a tylny stopie\u0144 podnosi si\u0119. Przednie i boczne \u0142opatki mo\u017cna podnie\u015b\u0107, a nawet zdemontowa\u0107.<\/div>\n<div><\/div>\n<div>Jest to przedmiot, kt\u00f3ry wzbogaca wystr\u00f3j wn\u0119trza zar\u00f3wno w okresie \u015bwi\u0105tecznym, jak i przez ca\u0142y rok.<\/div>\n<div>Niech wyobra\u017ania dyktuje, co z nim zrobisz lub jak b\u0119dzie pasowa\u0142 do dzieci\u0119cego scenariusza zabawy.<\/div>\n<div><\/div>\n<div><strong>SZCZEG\u00d3\u0141Y PRODUKTU:<\/strong><\/div>\n<div>Wymiary modelu: 400*148*141 mm<\/div>\n<div>Wymiary opakowania: 374*242*20 mm<\/div>\n<div>Liczba sztuk: 460<\/div>\n<\/div>\n<div><\/div>\n<\/div>","protected":false},"excerpt":{"rendered":"<div>Sk\u0142adaj\u0105ca si\u0119 z 417 drewnianych puzzli ci\u0119\u017car\u00f3wka zach\u0119ca ca\u0142\u0105 rodzin\u0119 do wsp\u00f3lnego sk\u0142adania.<\/div>\n<div><\/div>\n<div>Mechanizm rozruchowy to zas\u0142uga silnika na gumce, drzwi otwieraj\u0105 si\u0119 i zamykaj\u0105, wn\u0119trze wygl\u0105da dobrze, a tylny stopie\u0144 podnosi si\u0119. Przednie i boczne \u0142opatki mo\u017cna podnie\u015b\u0107, a nawet zdemontowa\u0107.<\/div>","protected":false},"featured_media":771,"comment_status":"open","ping_status":"closed","template":"","meta":{"slim_seo":{"title":"Ci\u0119\u017car\u00f3wka \u015bnie\u017cna - drewniana uk\u0142adanka mechaniczna 3D","description":"Trudno powiedzie\u0107, co najbardziej spodoba ci si\u0119 w od\u015bnie\u017carce: jej monta\u017c, uruchomienie czy po prostu podziwianie tego, jak fantastycznie wygl\u0105da."}},"product_brand":[],"product_cat":[108,89,91,90,73,88,74,76],"product_tag":[],"woo-feed-brand":[],"class_list":{"0":"post-766","1":"product","2":"type-product","3":"status-publish","4":"has-post-thumbnail","6":"product_cat-modellismo-da-costruire-per-adulti","7":"product_cat-puzzle-meccanici-3d-in-legno","8":"product_cat-puzzle-meccanici-per-adulti","9":"product_cat-puzzle-meccanici-per-bambini","10":"product_cat-puzzle-3d","11":"product_cat-puzzle-3d-adulti","12":"product_cat-puzzle-3d-in-legno","13":"product_cat-puzzle-3d-per-bambini","15":"first","16":"instock","17":"shipping-taxable","18":"purchasable","19":"product-type-simple"},"_links":{"self":[{"href":"https:\/\/puzzle3d.co\/pl\/wp-json\/wp\/v2\/product\/766","targetHints":{"allow":["GET"]}}],"collection":[{"href":"https:\/\/puzzle3d.co\/pl\/wp-json\/wp\/v2\/product"}],"about":[{"href":"https:\/\/puzzle3d.co\/pl\/wp-json\/wp\/v2\/types\/product"}],"replies":[{"embeddable":true,"href":"https:\/\/puzzle3d.co\/pl\/wp-json\/wp\/v2\/comments?post=766"}],"wp:featuredmedia":[{"embeddable":true,"href":"https:\/\/puzzle3d.co\/pl\/wp-json\/wp\/v2\/media\/771"}],"wp:attachment":[{"href":"https:\/\/puzzle3d.co\/pl\/wp-json\/wp\/v2\/media?parent=766"}],"wp:term":[{"taxonomy":"product_brand","embeddable":true,"href":"https:\/\/puzzle3d.co\/pl\/wp-json\/wp\/v2\/product_brand?post=766"},{"taxonomy":"product_cat","embeddable":true,"href":"https:\/\/puzzle3d.co\/pl\/wp-json\/wp\/v2\/product_cat?post=766"},{"taxonomy":"product_tag","embeddable":true,"href":"https:\/\/puzzle3d.co\/pl\/wp-json\/wp\/v2\/product_tag?post=766"},{"taxonomy":"woo-feed-brand","embeddable":true,"href":"https:\/\/puzzle3d.co\/pl\/wp-json\/wp\/v2\/woo-feed-brand?post=766"}],"curies":[{"name":"wp","href":"https:\/\/api.w.org\/{rel}","templated":true}]}}