{"id":755,"date":"2023-01-23T21:00:33","date_gmt":"2023-01-23T21:00:33","guid":{"rendered":"https:\/\/puzzle3d.co\/product\/spider-puzzle-3d-mecanic-copy\/"},"modified":"2025-06-19T18:24:56","modified_gmt":"2025-06-19T18:24:56","slug":"mechaniczna-drewniana-ukladanka-3d-ciezarowka","status":"publish","type":"product","link":"https:\/\/puzzle3d.co\/pl\/prodotto\/camion-puzzle-3d-meccanico-legno\/","title":{"rendered":"Ci\u0119\u017car\u00f3wka BELAZ 75710 Mechaniczna drewniana uk\u0142adanka 3D, 453 elementy"},"content":{"rendered":"<div>\n<p><strong>Najwi\u0119ksza na \u015bwiecie ci\u0119\u017car\u00f3wka Belaz 75710 - model mechaniczny 3D<\/strong><\/p>\n<div>Masz przed sob\u0105 najwi\u0119ksz\u0105 ci\u0119\u017car\u00f3wk\u0119 na \u015bwiecie! Teraz mo\u017cesz zbudowa\u0107 w\u0142asnego Belaza z puzzli. Dawka adrenaliny i dopaminy gwarantowana.<\/div>\n<\/div>\n<div>\n<div>\n<div><\/div>\n<div><em>Co w\u0142a\u015bciwie oznacza mechaniczna zagadka Belaza?<\/em><\/div>\n<div><\/div>\n<div>Oznacza to, \u017ce mo\u017cesz podj\u0105\u0107 wyzwanie z\u0142o\u017cenia najwi\u0119kszej wywrotki, jak\u0105 kiedykolwiek wyprodukowano.<\/div>\n<div>Twoja cierpliwo\u015b\u0107 i koncentracja zostan\u0105 nagrodzone satysfakcj\u0105, jak\u0105 uzyskasz po uruchomieniu mechanizmu. Ci\u0119\u017car\u00f3wka porusza si\u0119 dzi\u0119ki przeno\u015bnikowi ta\u015bmowemu, drzwi i maska otwieraj\u0105 si\u0119, a naczepa podnosi si\u0119.<\/div>\n<div><\/div>\n<div>Jest to model, kt\u00f3ry zafascynuje zar\u00f3wno dzieci, jak i doros\u0142ych. Przy odrobinie wyobra\u017ani mo\u017cna go nawet spersonalizowa\u0107, maluj\u0105c go.<\/div>\n<div>Belaz b\u0119dzie ulubion\u0105 ci\u0119\u017car\u00f3wk\u0105 dzieci i mo\u017ce by\u0107 w\u0142\u0105czony do r\u00f3\u017cnych gier, zale\u017cy to tylko od wyobra\u017ani.<\/div>\n<h2>Prezent dla entuzjast\u00f3w ci\u0119\u017car\u00f3wek i budownictwa<\/h2>\n<div>Doro\u015bli mog\u0105 u\u017cywa\u0107 go jako przedmiotu dekoracyjnego w domu lub biurze.<\/div>\n<div>Ten gigant jest w przybli\u017ceniu wielko\u015bci trzypi\u0119trowego budynku mieszkalnego. Jest wyposa\u017cony w 8 k\u00f3\u0142, a ka\u017cda opona ma oko\u0142o 4 metr\u00f3w \u015brednicy.<\/div>\n<div>Nie spotkasz go w ca\u0142ym mie\u015bcie. Kiedy trzeba go przewie\u017a\u0107 do miejsca, w kt\u00f3rym b\u0119dzie pracowa\u0142, jest demontowany i transportowany w 25 wagonach.<\/div>\n<div>Jego naczepa mo\u017ce pomie\u015bci\u0107 dok\u0142adnie 400 samochod\u00f3w Dacia Logan lub najwi\u0119kszy na \u015bwiecie samolot pasa\u017cerski: Airbus A380.<\/div>\n<div><\/div>\n<div><strong>SZCZEG\u00d3\u0141Y PRODUKTU:<\/strong><\/div>\n<div>Wymiary modelu: 435*210*175 mm<\/div>\n<div>Wymiary opakowania: 375 x 243 x 62 mm<\/div>\n<div>Liczba sztuk: 453<\/div>\n<\/div>\n<div><\/div>\n<\/div>","protected":false},"excerpt":{"rendered":"<p>Masz przed sob\u0105 najwi\u0119ksz\u0105 ci\u0119\u017car\u00f3wk\u0119 na \u015bwiecie! Teraz mo\u017cesz zbudowa\u0107 w\u0142asnego Belaza z puzzli. Ci\u0119\u017car\u00f3wka porusza si\u0119 dzi\u0119ki przeno\u015bnikowi ta\u015bmowemu, drzwi i maska otwieraj\u0105 si\u0119, a naczepa podnosi.<\/p>","protected":false},"featured_media":759,"comment_status":"open","ping_status":"closed","template":"","meta":{"slim_seo":{"title":"Mechaniczna drewniana uk\u0142adanka 3D ci\u0119\u017car\u00f3wka BELAZ, 453 elementy","description":"Najwi\u0119ksza ci\u0119\u017car\u00f3wka \u015bwiata - Masz przed sob\u0105 najwi\u0119ksz\u0105 ci\u0119\u017car\u00f3wk\u0119 \u015bwiata! Teraz mo\u017cesz zbudowa\u0107 w\u0142asnego Belaza z puzzli."}},"product_brand":[],"product_cat":[89,91,90,73,88,74,76],"product_tag":[],"woo-feed-brand":[],"class_list":{"0":"post-755","1":"product","2":"type-product","3":"status-publish","4":"has-post-thumbnail","6":"product_cat-puzzle-meccanici-3d-in-legno","7":"product_cat-puzzle-meccanici-per-adulti","8":"product_cat-puzzle-meccanici-per-bambini","9":"product_cat-puzzle-3d","10":"product_cat-puzzle-3d-adulti","11":"product_cat-puzzle-3d-in-legno","12":"product_cat-puzzle-3d-per-bambini","14":"first","15":"instock","16":"shipping-taxable","17":"purchasable","18":"product-type-simple"},"_links":{"self":[{"href":"https:\/\/puzzle3d.co\/pl\/wp-json\/wp\/v2\/product\/755","targetHints":{"allow":["GET"]}}],"collection":[{"href":"https:\/\/puzzle3d.co\/pl\/wp-json\/wp\/v2\/product"}],"about":[{"href":"https:\/\/puzzle3d.co\/pl\/wp-json\/wp\/v2\/types\/product"}],"replies":[{"embeddable":true,"href":"https:\/\/puzzle3d.co\/pl\/wp-json\/wp\/v2\/comments?post=755"}],"wp:featuredmedia":[{"embeddable":true,"href":"https:\/\/puzzle3d.co\/pl\/wp-json\/wp\/v2\/media\/759"}],"wp:attachment":[{"href":"https:\/\/puzzle3d.co\/pl\/wp-json\/wp\/v2\/media?parent=755"}],"wp:term":[{"taxonomy":"product_brand","embeddable":true,"href":"https:\/\/puzzle3d.co\/pl\/wp-json\/wp\/v2\/product_brand?post=755"},{"taxonomy":"product_cat","embeddable":true,"href":"https:\/\/puzzle3d.co\/pl\/wp-json\/wp\/v2\/product_cat?post=755"},{"taxonomy":"product_tag","embeddable":true,"href":"https:\/\/puzzle3d.co\/pl\/wp-json\/wp\/v2\/product_tag?post=755"},{"taxonomy":"woo-feed-brand","embeddable":true,"href":"https:\/\/puzzle3d.co\/pl\/wp-json\/wp\/v2\/woo-feed-brand?post=755"}],"curies":[{"name":"wp","href":"https:\/\/api.w.org\/{rel}","templated":true}]}}