{"id":743,"date":"2023-01-23T19:29:00","date_gmt":"2023-01-23T19:29:00","guid":{"rendered":"https:\/\/puzzle3d.co\/product\/puppy-puzzle-3d-mecanic-copy\/"},"modified":"2025-06-11T18:59:50","modified_gmt":"2025-06-11T18:59:50","slug":"pajak-pajak-3d-mechaniczna-drewniana-ukladanka","status":"publish","type":"product","link":"https:\/\/puzzle3d.co\/pl\/prodotto\/ragno-spider-puzzle-3d-meccanico-legno\/","title":{"rendered":"Paj\u0105k \"SPIDER\" - Mechaniczna drewniana uk\u0142adanka, 293 elementy"},"content":{"rendered":"<div>\n<div>\n<div><strong>Paj\u0105k \"SPIDER\" - mechaniczna drewniana uk\u0142adanka 3D - 293 elementy<\/strong><\/div>\n<div><\/div>\n<div>Z\u0142o\u017cenie tego uroczego paj\u0105ka oznacza, \u017ce jeste\u015b odwa\u017cny i wytrwa\u0142y.<\/div>\n<div><\/div>\n<div>Dzi\u0119ki gumowemu silnikowi paj\u0105k porusza si\u0119 z tak\u0105 sam\u0105 gracj\u0105 jak prawdziwy.<\/div>\n<div><\/div>\n<div>Mo\u017cesz o\u017cywi\u0107 imprez\u0119, \u015bwi\u0119towa\u0107 Halloween lub zachwyci\u0107 kogo\u015b, kto lubi paj\u0105ki.<\/div>\n<div>Ekscytuj\u0105ce jest sk\u0142adanie go, obserwowanie, jak si\u0119 porusza lub po prostu zbieranie go.<\/div>\n<div>Trzymaj go w zasi\u0119gu wzroku, poniewa\u017c ka\u017cdy b\u0119dzie chcia\u0142 go szczeg\u00f3\u0142owo podziwia\u0107 i w\u0142\u0105czy\u0107<\/div>\n<\/div>\n<div style=\"width: 1020px;\" class=\"wp-video\"><video class=\"wp-video-shortcode\" id=\"video-743-1\" width=\"1020\" height=\"574\" preload=\"metadata\" controls=\"controls\"><source type=\"video\/mp4\" src=\"https:\/\/puzzle3d.co\/wp-content\/uploads\/2023\/01\/Spider.mp4?_=1\" \/><a href=\"https:\/\/puzzle3d.co\/wp-content\/uploads\/2023\/01\/Spider.mp4\">https:\/\/puzzle3d.co\/wp-content\/uploads\/2023\/01\/Spider.mp4<\/a><\/video><\/div>\n<div>\n<p><span style=\"color: #333333;\"><strong>SZCZEG\u00d3\u0141Y PRODUKTU:<\/strong><br \/>\n<\/span><span style=\"color: #333333;\">Wymiary modelu: 240*350*100 mm<br \/>\n<\/span><span style=\"color: #333333;\">Wymiary opakowania: 245*188*24 mm<br \/>\n<\/span><span style=\"color: #333333;\">Liczba sztuk: 293<\/span><\/p>\n<\/div>\n<\/div>\n<div>\n<div><\/div>\n<\/div>","protected":false},"excerpt":{"rendered":"<p>To jest paj\u0105k: z\u0142o\u017cenie tego uroczego paj\u0105ka oznacza, \u017ce jeste\u015b odwa\u017cny i wytrwa\u0142y.<br \/>\nDzi\u0119ki gumowemu silnikowi paj\u0105k porusza si\u0119 z tak\u0105 sam\u0105 gracj\u0105 jak prawdziwy.<\/p>","protected":false},"featured_media":750,"comment_status":"open","ping_status":"closed","template":"","meta":[],"product_brand":[],"product_cat":[73,88,74,76,89,90,91],"product_tag":[],"woo-feed-brand":[],"class_list":{"0":"post-743","1":"product","2":"type-product","3":"status-publish","4":"has-post-thumbnail","6":"product_cat-puzzle-3d","7":"product_cat-puzzle-3d-adulti","8":"product_cat-puzzle-3d-in-legno","9":"product_cat-puzzle-3d-per-bambini","10":"product_cat-puzzle-meccanici-3d-in-legno","11":"product_cat-puzzle-meccanici-per-bambini","12":"product_cat-puzzle-meccanici-per-adulti","14":"first","15":"instock","16":"shipping-taxable","17":"purchasable","18":"product-type-simple"},"_links":{"self":[{"href":"https:\/\/puzzle3d.co\/pl\/wp-json\/wp\/v2\/product\/743","targetHints":{"allow":["GET"]}}],"collection":[{"href":"https:\/\/puzzle3d.co\/pl\/wp-json\/wp\/v2\/product"}],"about":[{"href":"https:\/\/puzzle3d.co\/pl\/wp-json\/wp\/v2\/types\/product"}],"replies":[{"embeddable":true,"href":"https:\/\/puzzle3d.co\/pl\/wp-json\/wp\/v2\/comments?post=743"}],"wp:featuredmedia":[{"embeddable":true,"href":"https:\/\/puzzle3d.co\/pl\/wp-json\/wp\/v2\/media\/750"}],"wp:attachment":[{"href":"https:\/\/puzzle3d.co\/pl\/wp-json\/wp\/v2\/media?parent=743"}],"wp:term":[{"taxonomy":"product_brand","embeddable":true,"href":"https:\/\/puzzle3d.co\/pl\/wp-json\/wp\/v2\/product_brand?post=743"},{"taxonomy":"product_cat","embeddable":true,"href":"https:\/\/puzzle3d.co\/pl\/wp-json\/wp\/v2\/product_cat?post=743"},{"taxonomy":"product_tag","embeddable":true,"href":"https:\/\/puzzle3d.co\/pl\/wp-json\/wp\/v2\/product_tag?post=743"},{"taxonomy":"woo-feed-brand","embeddable":true,"href":"https:\/\/puzzle3d.co\/pl\/wp-json\/wp\/v2\/woo-feed-brand?post=743"}],"curies":[{"name":"wp","href":"https:\/\/api.w.org\/{rel}","templated":true}]}}