{"id":731,"date":"2023-01-23T17:25:32","date_gmt":"2023-01-23T17:25:32","guid":{"rendered":"https:\/\/puzzle3d.co\/product\/autospeciala-de-pompieri-copy\/"},"modified":"2025-06-19T18:25:58","modified_gmt":"2025-06-19T18:25:58","slug":"ukladanka-3d-mechaniczna-246-elementow","status":"publish","type":"product","link":"https:\/\/puzzle3d.co\/pl\/prodotto\/cucciolo-puzzle-3d-meccanico-246-pezzi\/","title":{"rendered":"Cucciolo PUPPY &#8211; drewniane puzzle mechaniczne, 246 element\u00f3w"},"content":{"rendered":"<div><strong>Szczeniak \"PUPPY\" - mechaniczna drewniana uk\u0142adanka\/model 3D do z\u0142o\u017cenia - 246 element\u00f3w<\/strong><\/div>\n<div><\/div>\n<div>Oto mechaniczny drewniany moello 3D Puppy, tw\u00f3j wierny przyjaciel. Przygoda, podczas kt\u00f3rej z\u0142o\u017cysz go na 246 cz\u0119\u015bci, b\u0119dzie niezapomniana.<\/div>\n<div>Post\u0119puj zgodnie z instrukcjami i z\u0142\u00f3\u017c kolejno uszy, \u0142apy i ogon. Projektanci bardzo starannie przemy\u015bleli spos\u00f3b budowy, aby wszystkie stawy i ruchy przypomina\u0142y ruchy prawdziwego psa.<\/div>\n<div><\/div>\n<div>Mo\u017cesz go pomalowa\u0107 lub pozostawi\u0107 w kolorze drewna, mo\u017cesz nazwa\u0107 go Puppy lub nada\u0107 mu inne imi\u0119. Mo\u017cesz si\u0119 nim opiekowa\u0107 i kocha\u0107 go jak prawdziwego zwierzaka.<\/div>\n<div><\/div>\n<h2>Prezent dla mi\u0142o\u015bnik\u00f3w zwierz\u0105t<\/h2>\n<div>Uk\u0142adanie puzzli, kt\u00f3re stan\u0105 si\u0119 tak uroczym szczeniakiem, to sama rado\u015b\u0107. Wi\u0119c je\u015bli chcesz da\u0107 prezent dziecku lub doros\u0142emu, kt\u00f3ry kocha psy, ju\u017c wiesz, co b\u0119dzie odpowiednie.<\/div>\n<div><\/div>\n<div><strong>SZCZEG\u00d3\u0141Y PRODUKTU:<\/strong><\/div>\n<div>Wymiary modelu: 285*175*95 mm<\/div>\n<div>Wymiary opakowania: 245*188*30 mm<\/div>\n<div>Liczba sztuk: 246<\/div>","protected":false},"excerpt":{"rendered":"<p>Oto Puppy, tw\u00f3j wierny przyjaciel. Projektanci bardzo dok\u0142adnie przemy\u015bleli, jak go zbudowa\u0107, aby wszystkie stawy i ruchy przypomina\u0142y ruchy prawdziwego psa.<\/p>","protected":false},"featured_media":737,"comment_status":"open","ping_status":"closed","template":"","meta":[],"product_brand":[],"product_cat":[73,88,74,76,89,90,91],"product_tag":[],"woo-feed-brand":[],"class_list":{"0":"post-731","1":"product","2":"type-product","3":"status-publish","4":"has-post-thumbnail","6":"product_cat-puzzle-3d","7":"product_cat-puzzle-3d-adulti","8":"product_cat-puzzle-3d-in-legno","9":"product_cat-puzzle-3d-per-bambini","10":"product_cat-puzzle-meccanici-3d-in-legno","11":"product_cat-puzzle-meccanici-per-bambini","12":"product_cat-puzzle-meccanici-per-adulti","14":"first","15":"instock","16":"shipping-taxable","17":"purchasable","18":"product-type-simple"},"_links":{"self":[{"href":"https:\/\/puzzle3d.co\/pl\/wp-json\/wp\/v2\/product\/731","targetHints":{"allow":["GET"]}}],"collection":[{"href":"https:\/\/puzzle3d.co\/pl\/wp-json\/wp\/v2\/product"}],"about":[{"href":"https:\/\/puzzle3d.co\/pl\/wp-json\/wp\/v2\/types\/product"}],"replies":[{"embeddable":true,"href":"https:\/\/puzzle3d.co\/pl\/wp-json\/wp\/v2\/comments?post=731"}],"wp:featuredmedia":[{"embeddable":true,"href":"https:\/\/puzzle3d.co\/pl\/wp-json\/wp\/v2\/media\/737"}],"wp:attachment":[{"href":"https:\/\/puzzle3d.co\/pl\/wp-json\/wp\/v2\/media?parent=731"}],"wp:term":[{"taxonomy":"product_brand","embeddable":true,"href":"https:\/\/puzzle3d.co\/pl\/wp-json\/wp\/v2\/product_brand?post=731"},{"taxonomy":"product_cat","embeddable":true,"href":"https:\/\/puzzle3d.co\/pl\/wp-json\/wp\/v2\/product_cat?post=731"},{"taxonomy":"product_tag","embeddable":true,"href":"https:\/\/puzzle3d.co\/pl\/wp-json\/wp\/v2\/product_tag?post=731"},{"taxonomy":"woo-feed-brand","embeddable":true,"href":"https:\/\/puzzle3d.co\/pl\/wp-json\/wp\/v2\/woo-feed-brand?post=731"}],"curies":[{"name":"wp","href":"https:\/\/api.w.org\/{rel}","templated":true}]}}