{"id":694,"date":"2023-01-23T14:19:26","date_gmt":"2023-01-23T14:19:26","guid":{"rendered":"https:\/\/puzzle3d.co\/product\/black-cat-copy\/"},"modified":"2025-06-11T19:12:00","modified_gmt":"2025-06-11T19:12:00","slug":"mechaniczna-ukladanka-3d-z-drewnianym-zolwiem","status":"publish","type":"product","link":"https:\/\/puzzle3d.co\/pl\/prodotto\/tartaruga-puzzle-meccanico-3d-in-legno\/","title":{"rendered":"\u017b\u00f3\u0142w - mechaniczna drewniana uk\u0142adanka 3D, 269 element\u00f3w"},"content":{"rendered":"<div>\n<p><em><strong>\u017b\u00f3\u0142w - mechaniczna drewniana uk\u0142adanka 3D, 269 element\u00f3w<\/strong><\/em><\/p>\n<\/div>\n<div>\n<div>\n<div>Co wiesz o \u017c\u00f3\u0142wiu?<\/div>\n<div><\/div>\n<div>Jest to jeden z najstarszych i najbardziej prymitywnych gad\u00f3w, kt\u00f3ry mo\u017ce wytrzyma\u0107 ka\u017cdy rodzaj klimatu. Wyst\u0119puje nie tylko na Antarktydzie. Ostatnio wiele os\u00f3b pokocha\u0142o go tak bardzo, \u017ce zaadoptowa\u0142o go jako zwierz\u0119 domowe.<\/div>\n<div><\/div>\n<div>Podczas monta\u017cu do\u015bwiadczysz stanu ciszy i spokoju, odpowiedniego do na\u0142adowania baterii.<\/div>\n<div><\/div>\n<div>Na koniec uruchom mechanizm, a \u017caba poruszy si\u0119, obr\u00f3ci g\u0142ow\u0119 w lewo i w prawo i spojrzy na ciebie czule.<\/div>\n<div>Jest tak pi\u0119kny, \u017ce trudno b\u0119dzie zdecydowa\u0107, czy pozostawi\u0107 go w odcieniu drewna, czy pomalowa\u0107.<\/div>\n<h2>Prezent dla mi\u0142o\u015bnik\u00f3w zwierz\u0105t<\/h2>\n<div><strong>SZCZEG\u00d3\u0141Y PRODUKTU:<\/strong><\/div>\n<div>Wymiary modelu: 223*165*116 mm<\/div>\n<div>Rozmiar opakowania: 245*188*30<\/div>\n<div>Liczba sztuk: 269<\/div>\n<\/div>\n<\/div>","protected":false},"excerpt":{"rendered":"<div>\n<div>\u017b\u00f3\u0142w - mechaniczna uk\u0142adanka 3D<\/div>\n<div><\/div>\n<div>\u0141atwy monta\u017c i \u015bwietna zabawa! Na koniec uruchom mechanizm, a \u017caba b\u0119dzie si\u0119 porusza\u0107, obraca\u0107 g\u0142ow\u0105 w lewo i w prawo i patrze\u0107 na Ciebie z sympati\u0105.<\/div>\n<\/div>\n<p>&nbsp;<\/p>","protected":false},"featured_media":687,"comment_status":"open","ping_status":"closed","template":"","meta":[],"product_brand":[],"product_cat":[73,76,89,90,91],"product_tag":[],"woo-feed-brand":[],"class_list":{"0":"post-694","1":"product","2":"type-product","3":"status-publish","4":"has-post-thumbnail","6":"product_cat-puzzle-3d","7":"product_cat-puzzle-3d-per-bambini","8":"product_cat-puzzle-meccanici-3d-in-legno","9":"product_cat-puzzle-meccanici-per-bambini","10":"product_cat-puzzle-meccanici-per-adulti","12":"first","13":"instock","14":"shipping-taxable","15":"purchasable","16":"product-type-simple"},"_links":{"self":[{"href":"https:\/\/puzzle3d.co\/pl\/wp-json\/wp\/v2\/product\/694","targetHints":{"allow":["GET"]}}],"collection":[{"href":"https:\/\/puzzle3d.co\/pl\/wp-json\/wp\/v2\/product"}],"about":[{"href":"https:\/\/puzzle3d.co\/pl\/wp-json\/wp\/v2\/types\/product"}],"replies":[{"embeddable":true,"href":"https:\/\/puzzle3d.co\/pl\/wp-json\/wp\/v2\/comments?post=694"}],"wp:featuredmedia":[{"embeddable":true,"href":"https:\/\/puzzle3d.co\/pl\/wp-json\/wp\/v2\/media\/687"}],"wp:attachment":[{"href":"https:\/\/puzzle3d.co\/pl\/wp-json\/wp\/v2\/media?parent=694"}],"wp:term":[{"taxonomy":"product_brand","embeddable":true,"href":"https:\/\/puzzle3d.co\/pl\/wp-json\/wp\/v2\/product_brand?post=694"},{"taxonomy":"product_cat","embeddable":true,"href":"https:\/\/puzzle3d.co\/pl\/wp-json\/wp\/v2\/product_cat?post=694"},{"taxonomy":"product_tag","embeddable":true,"href":"https:\/\/puzzle3d.co\/pl\/wp-json\/wp\/v2\/product_tag?post=694"},{"taxonomy":"woo-feed-brand","embeddable":true,"href":"https:\/\/puzzle3d.co\/pl\/wp-json\/wp\/v2\/woo-feed-brand?post=694"}],"curies":[{"name":"wp","href":"https:\/\/api.w.org\/{rel}","templated":true}]}}