{"id":588,"date":"2023-01-18T23:04:09","date_gmt":"2023-01-18T23:04:09","guid":{"rendered":"https:\/\/puzzle3d.co\/?post_type=product&#038;p=588"},"modified":"2025-05-11T08:12:38","modified_gmt":"2025-05-11T08:12:38","slug":"samolot-3d-mechaniczne-drewniane-puzzle","status":"publish","type":"product","link":"https:\/\/puzzle3d.co\/pl\/prodotto\/aereo-puzzle-meccanico-3d-in-legno\/","title":{"rendered":"AIRCRAFT - Mechaniczne puzzle drewniane 3D - 346 element\u00f3w"},"content":{"rendered":"<div><strong>AIRCRAFT - mechaniczna drewniana uk\u0142adanka 3D, 346 element\u00f3w<\/strong><\/div>\n<div><\/div>\n<div>Wszyscy fani aeronautyki, technologii, pr\u0119dko\u015bci, robotyki zgodz\u0105 si\u0119 ze stwierdzeniem: \"Ten samolot jest naprawd\u0119 wspania\u0142y!\".<\/div>\n<div><\/div>\n<div>Czy spakowa\u0142e\u015b ju\u017c walizki? Spakuj dobry zapas ziaren kawy, poniewa\u017c podr\u00f3\u017c jest d\u0142uga. Zaczynamy na pok\u0142adzie z 346 puzzlami i wszystkie s\u0105 wykonane z drewna. Je\u015bli zabierzesz ze sob\u0105 tubk\u0119 kleju, zostaniesz ukarany grzywn\u0105. Ale te\u017c nie b\u0119dziesz go potrzebowa\u0107. Dzieje si\u0119 tak, poniewa\u017c wszystkie cz\u0119\u015bci s\u0105 tak doskona\u0142e, \u017ce idealnie do siebie pasuj\u0105 i s\u0105 stabilne. B\u0119dziesz cieszy\u0107 si\u0119 jazd\u0105 dzi\u0119ki silnikowi na gumk\u0119.<\/div>\n<div><\/div>\n<div>Kogo ze sob\u0105 zaprosi\u0107? Nie ma grupy wiekowej ani p\u0142ci, kt\u00f3ra mog\u0142aby zignorowa\u0107 budowanie mechanicznego samolotu-uk\u0142adanki. Generuje to tak du\u017co adrenaliny, \u017ce siadasz i zastanawiasz si\u0119, co jest lepsze: fakt, \u017ce przed tob\u0105 setki cz\u0119\u015bci i godziny pracy, czy samolot w ruchu i wyj\u0105tkowe do\u015bwiadczenie, kt\u00f3re si\u0119 za nim kryje.<\/div>\n<div><\/div>\n<div>Prawdopodobnie zastanawiasz si\u0119, ile godzin pracy wymaga z\u0142o\u017cenie 346 cz\u0119\u015bci. Najciekawsze jest to, \u017ce nikt tego nie wie. Zale\u017cy to od wielu czynnik\u00f3w: ilu masz ze sob\u0105 partner\u00f3w, twojego i ich do\u015bwiadczenia z \u0142amig\u0142\u00f3wkami, zw\u0142aszcza mechanicznymi, jak cz\u0119sto robisz sobie przerw\u0119 i jak d\u0142ugo to trwa. Ale wiemy jedno: nie spiesz si\u0119 tak szybko, jak to mo\u017cliwe. \"Rozci\u0105gnij\" rado\u015b\u0107, poniewa\u017c i tak dotrzesz do momentu, w kt\u00f3rym uruchomisz silnik.<\/div>\n<div><\/div>\n<div>Podczas edycji zauwa\u017cysz, jak dobrze jest si\u0119 skoncentrowa\u0107, poszuka\u0107 fragmentu, kt\u00f3rego czujesz, \u017ce nie mo\u017cesz ju\u017c znale\u017a\u0107, tak bardzo, \u017ce masz go tu\u017c pod r\u0119k\u0105. Kilka dobrych godzin koncentracji sprawi, \u017ce tw\u00f3j m\u00f3zg b\u0119dzie pracowa\u0142 obiema p\u00f3\u0142kulami jednocze\u015bnie. B\u0119dziesz cieszy\u0107 si\u0119 uczuciem relaksu i b\u0119dzie to dobra okazja do medytacji.<\/div>\n<div><\/div>\n<div>Mechaniczny samolot to rado\u015b\u0107 dla wszystkich entuzjast\u00f3w puzzli, ale tak\u017ce dla tych, kt\u00f3rzy zaniedbali to hobby z tak wieloma zaletami. Mo\u017cesz zachwyci\u0107 dziecko, doros\u0142ego, a nawet starszego m\u0119\u017cczyzn\u0119, kt\u00f3ry ch\u0119tnie zadzwoni do swoich wnuk\u00f3w przed rozpl\u0105taniem element\u00f3w. Nadaje si\u0119 nie tylko dla m\u0142odszych dzieci, ale od 4 roku \u017cycia r\u00f3wnie\u017c one mog\u0105 sta\u0107 si\u0119 niezawodnymi partnerami w sk\u0142adaniu samolotu.<\/div>\n<div><\/div>\n<div>Od tego momentu do\u015bwiadczonemu pilotowi pozostaje ju\u017c niewiele do zrobienia...<\/div>\n<div><\/div>\n<div><strong>SZCZEG\u00d3\u0141Y PRODUKTU:<\/strong><\/div>\n<div>Wymiary modelu: 420*287*154 mm<\/div>\n<div>Wymiary opakowania: 245*188*38 mm<\/div>\n<div>Liczba sztuk: 346<\/div>\n<div>Monta\u017c bez u\u017cycia kleju.<\/div>","protected":false},"excerpt":{"rendered":"<p>Czy jeste\u015b gotowy do lotu?<br \/>\nMechaniczny samolot to gratka dla wszystkich fan\u00f3w latania, samolot\u00f3w, a przede wszystkim \u0142amig\u0142\u00f3wek. Chcesz mie\u0107 w\u0142asny samolot? Wiedz, \u017ce jest to prostsze ni\u017c sobie wyobra\u017ca\u0142e\u015b.<br \/>\nZ 346 puzzlami na pok\u0142adzie pokazuje, \u017ce dzi\u0119ki wytrwa\u0142o\u015bci i cierpliwo\u015bci mo\u017cna osi\u0105gn\u0105\u0107 wy\u017cyny. U\u0142o\u017cenie jej to prawdziwe wyzwanie dla m\u00f3zgu, kt\u00f3re syntetyzuje dopamin\u0119 i sprawia, \u017ce cieszysz si\u0119 zar\u00f3wno procesem, jak i produktem ko\u0144cowym.<\/p>","protected":false},"featured_media":592,"comment_status":"open","ping_status":"closed","template":"","meta":[],"product_brand":[],"product_cat":[73,88,74,76,89,91],"product_tag":[],"woo-feed-brand":[],"class_list":{"0":"post-588","1":"product","2":"type-product","3":"status-publish","4":"has-post-thumbnail","6":"product_cat-puzzle-3d","7":"product_cat-puzzle-3d-adulti","8":"product_cat-puzzle-3d-in-legno","9":"product_cat-puzzle-3d-per-bambini","10":"product_cat-puzzle-meccanici-3d-in-legno","11":"product_cat-puzzle-meccanici-per-adulti","13":"first","14":"instock","15":"shipping-taxable","16":"purchasable","17":"product-type-simple"},"_links":{"self":[{"href":"https:\/\/puzzle3d.co\/pl\/wp-json\/wp\/v2\/product\/588","targetHints":{"allow":["GET"]}}],"collection":[{"href":"https:\/\/puzzle3d.co\/pl\/wp-json\/wp\/v2\/product"}],"about":[{"href":"https:\/\/puzzle3d.co\/pl\/wp-json\/wp\/v2\/types\/product"}],"replies":[{"embeddable":true,"href":"https:\/\/puzzle3d.co\/pl\/wp-json\/wp\/v2\/comments?post=588"}],"wp:featuredmedia":[{"embeddable":true,"href":"https:\/\/puzzle3d.co\/pl\/wp-json\/wp\/v2\/media\/592"}],"wp:attachment":[{"href":"https:\/\/puzzle3d.co\/pl\/wp-json\/wp\/v2\/media?parent=588"}],"wp:term":[{"taxonomy":"product_brand","embeddable":true,"href":"https:\/\/puzzle3d.co\/pl\/wp-json\/wp\/v2\/product_brand?post=588"},{"taxonomy":"product_cat","embeddable":true,"href":"https:\/\/puzzle3d.co\/pl\/wp-json\/wp\/v2\/product_cat?post=588"},{"taxonomy":"product_tag","embeddable":true,"href":"https:\/\/puzzle3d.co\/pl\/wp-json\/wp\/v2\/product_tag?post=588"},{"taxonomy":"woo-feed-brand","embeddable":true,"href":"https:\/\/puzzle3d.co\/pl\/wp-json\/wp\/v2\/woo-feed-brand?post=588"}],"curies":[{"name":"wp","href":"https:\/\/api.w.org\/{rel}","templated":true}]}}