{"id":541,"date":"2023-01-18T09:13:26","date_gmt":"2023-01-18T09:13:26","guid":{"rendered":"https:\/\/puzzle3d.co\/product\/mapa-lumii-choco-world-copy\/"},"modified":"2025-05-11T08:10:37","modified_gmt":"2025-05-11T08:10:37","slug":"planisfera-scienna","status":"publish","type":"product","link":"https:\/\/puzzle3d.co\/pl\/prodotto\/planisfero-da-parete\/","title":{"rendered":"Planisfera \u015bcienna \"Emerald Planet\" 127 sztuk"},"content":{"rendered":"<div><strong>Zawieszana na \u015bcianie drewniana planisfera<\/strong><\/div>\n<div><\/div>\n<div>Tr\u00f3jwarstwowa podwieszana mapa \u015bwiata firmy EWA Eco-Wood-Art do monta\u017cu. Monta\u017c odbywa si\u0119 za pomoc\u0105 kleju. Monta\u017c na \u015bcianie mo\u017cna wykona\u0107 za pomoc\u0105 dwustronnej ta\u015bmy klej\u0105cej. Puzzle i instrukcja monta\u017cu s\u0105 dostarczane z dwustronn\u0105 ta\u015bm\u0105 i klejem. Dost\u0119pne w 3 rozmiarach (S, M, L) i 5 kolorach (Blue Fantasy, Untouched World, Emerald Planet, Smoky Dreams, Choco World) na zam\u00f3wienie.<\/div>\n<div><\/div>\n<div><strong>SZCZEG\u00d3\u0141Y PRODUKTU:<\/strong><\/div>\n<div>Rozmiar modelu L: 1920*1050*12 mm<\/div>\n<div>Wymiary modelu M: 1440*790*12 mm<\/div>\n<div>Wymiary modelu S: 1000*550*12 mm<\/div>\n<div>Wymiary opakowania: 500*385*56 mm<\/div>\n<div>Liczba sztuk: 127<\/div>\n<div><\/div>\n<div>Monta\u017c za pomoc\u0105 kleju i ta\u015bmy dwustronnej (w zestawie).<\/div>\n<p>{<br \/>\n\"@context\": \"https:\/\/schema.org\/\",<br \/>\n\"@type\": \"Product\",<br \/>\n\"@id\": \"https:\/\/puzzle3d.co\/prodotto\/planisfero-da-parete\/\",<br \/>\n\"url\": \"https:\/\/puzzle3d.co\/prodotto\/planisfero-da-parete\/\",<br \/>\n\"name\": \"Tr\u00f3jwarstwowa podwieszana drewniana planisfera \u015bcienna\",<br \/>\n\"image\": \"https:\/\/puzzle3d.co\/wp-content\/uploads\/2023\/01\/Emerald-Planet1w.webp\",<br \/>\n\"description\": \"Tr\u00f3jwarstwowa drewniana planisfera \u015bcienna do samodzielnego monta\u017cu. Drewniana uk\u0142adanka \"Szmaragdowa planeta\", 127 element\u00f3w, dost\u0119pna w rozmiarach du\u017cy\/\u015bredni\/ma\u0142y\",<br \/>\n\"marka\": {<br \/>\n\"@type\": \"Brand\",<br \/>\n\"name\": \"Puzzle3D.co\".<br \/>\n},<br \/>\n\"aggregateRating\": {<br \/>\n\"@type\": \"AggregateRating\",<br \/>\n\"bestRating\": \"5\",<br \/>\n\"worstRating\": \"1\",<br \/>\n\"ratingCount\": \"278\",<br \/>\n\"ratingValue\": \"4.8\".<br \/>\n}<br \/>\n}<\/p>","protected":false},"excerpt":{"rendered":"<p>Tr\u00f3jwarstwowa podwieszana mapa \u015bwiata firmy EWA Eco-Wood-Art do monta\u017cu.<\/p>","protected":false},"featured_media":575,"comment_status":"open","ping_status":"closed","template":"","meta":[],"product_brand":[],"product_cat":[68],"product_tag":[],"woo-feed-brand":[],"class_list":{"0":"post-541","1":"product","2":"type-product","3":"status-publish","4":"has-post-thumbnail","6":"product_cat-mappamondo-da-parete-in-legno","8":"first","9":"instock","10":"shipping-taxable","11":"purchasable","12":"product-type-variable"},"_links":{"self":[{"href":"https:\/\/puzzle3d.co\/pl\/wp-json\/wp\/v2\/product\/541","targetHints":{"allow":["GET"]}}],"collection":[{"href":"https:\/\/puzzle3d.co\/pl\/wp-json\/wp\/v2\/product"}],"about":[{"href":"https:\/\/puzzle3d.co\/pl\/wp-json\/wp\/v2\/types\/product"}],"replies":[{"embeddable":true,"href":"https:\/\/puzzle3d.co\/pl\/wp-json\/wp\/v2\/comments?post=541"}],"wp:featuredmedia":[{"embeddable":true,"href":"https:\/\/puzzle3d.co\/pl\/wp-json\/wp\/v2\/media\/575"}],"wp:attachment":[{"href":"https:\/\/puzzle3d.co\/pl\/wp-json\/wp\/v2\/media?parent=541"}],"wp:term":[{"taxonomy":"product_brand","embeddable":true,"href":"https:\/\/puzzle3d.co\/pl\/wp-json\/wp\/v2\/product_brand?post=541"},{"taxonomy":"product_cat","embeddable":true,"href":"https:\/\/puzzle3d.co\/pl\/wp-json\/wp\/v2\/product_cat?post=541"},{"taxonomy":"product_tag","embeddable":true,"href":"https:\/\/puzzle3d.co\/pl\/wp-json\/wp\/v2\/product_tag?post=541"},{"taxonomy":"woo-feed-brand","embeddable":true,"href":"https:\/\/puzzle3d.co\/pl\/wp-json\/wp\/v2\/woo-feed-brand?post=541"}],"curies":[{"name":"wp","href":"https:\/\/api.w.org\/{rel}","templated":true}]}}