{"id":171,"date":"2014-07-06T10:43:57","date_gmt":"2014-07-06T10:43:57","guid":{"rendered":"http:\/\/flatsome.dev\/?post_type=product&#038;p=8263"},"modified":"2025-06-11T18:51:53","modified_gmt":"2025-06-11T18:51:53","slug":"drewniany-globus-scienny","status":"publish","type":"product","link":"https:\/\/puzzle3d.co\/pl\/prodotto\/mappamondo-legno-parete-in-legno\/","title":{"rendered":"Mapa \u015bwiata 3D z br\u0105zowego drewna"},"content":{"rendered":"<div><strong>Mapa \u015bwiata - br\u0105zowe drewniane puzzle 3D \"Choco World\" 127 element\u00f3w<\/strong><\/div>\n<div><\/div>\n<div>Tr\u00f3jwarstwowy drewniany globus wisz\u0105cy EWA Eco-Wood-Art do monta\u017cu. Monta\u017c odbywa si\u0119 za pomoc\u0105 kleju. Monta\u017c na \u015bcianie mo\u017cna wykona\u0107 za pomoc\u0105 dwustronnej ta\u015bmy klej\u0105cej. Puzzle i instrukcja monta\u017cu s\u0105 dostarczane z dwustronn\u0105 ta\u015bm\u0105 i klejem. Dost\u0119pny w 3 rozmiarach (S, M, L) i 5 kolorach (Blue Fantasy, Untouched World, Emerald Planet, Smoky Dreams, Choco World) na zam\u00f3wienie.<\/div>\n<div><\/div>\n<div>Monta\u017c za pomoc\u0105 kleju i ta\u015bmy dwustronnej (w zestawie).<\/div>","protected":false},"excerpt":{"rendered":"<div>Tr\u00f3jwarstwowa podwieszana mapa \u015bwiata do monta\u017cu.<\/div>\n<p>&nbsp;<\/p>","protected":false},"featured_media":579,"comment_status":"open","ping_status":"closed","template":"","meta":{"slim_seo":{"title":"Mapa \u015bwiata. Drewniana uk\u0142adanka \"Choco World\" 127 element\u00f3w","description":"Drewniany wieszak \u015bcienny Mapa \u015awiata sk\u0142ada si\u0119 z trzech warstw. Monta\u017c na \u015bcianie mo\u017cna wykona\u0107 za pomoc\u0105 podw\u00f3jnej ta\u015bmy samoprzylepnej."}},"product_brand":[],"product_cat":[68],"product_tag":[],"woo-feed-brand":[],"class_list":{"0":"post-171","1":"product","2":"type-product","3":"status-publish","4":"has-post-thumbnail","6":"product_cat-mappamondo-da-parete-in-legno","8":"first","9":"outofstock","10":"shipping-taxable","11":"purchasable","12":"product-type-variable"},"_links":{"self":[{"href":"https:\/\/puzzle3d.co\/pl\/wp-json\/wp\/v2\/product\/171","targetHints":{"allow":["GET"]}}],"collection":[{"href":"https:\/\/puzzle3d.co\/pl\/wp-json\/wp\/v2\/product"}],"about":[{"href":"https:\/\/puzzle3d.co\/pl\/wp-json\/wp\/v2\/types\/product"}],"replies":[{"embeddable":true,"href":"https:\/\/puzzle3d.co\/pl\/wp-json\/wp\/v2\/comments?post=171"}],"wp:featuredmedia":[{"embeddable":true,"href":"https:\/\/puzzle3d.co\/pl\/wp-json\/wp\/v2\/media\/579"}],"wp:attachment":[{"href":"https:\/\/puzzle3d.co\/pl\/wp-json\/wp\/v2\/media?parent=171"}],"wp:term":[{"taxonomy":"product_brand","embeddable":true,"href":"https:\/\/puzzle3d.co\/pl\/wp-json\/wp\/v2\/product_brand?post=171"},{"taxonomy":"product_cat","embeddable":true,"href":"https:\/\/puzzle3d.co\/pl\/wp-json\/wp\/v2\/product_cat?post=171"},{"taxonomy":"product_tag","embeddable":true,"href":"https:\/\/puzzle3d.co\/pl\/wp-json\/wp\/v2\/product_tag?post=171"},{"taxonomy":"woo-feed-brand","embeddable":true,"href":"https:\/\/puzzle3d.co\/pl\/wp-json\/wp\/v2\/woo-feed-brand?post=171"}],"curies":[{"name":"wp","href":"https:\/\/api.w.org\/{rel}","templated":true}]}}