{"id":1466,"date":"2023-03-08T12:47:30","date_gmt":"2023-03-08T12:47:30","guid":{"rendered":"https:\/\/puzzle3d.co\/product\/tractor-puzzle-mecanic-din-lemn-358-piese-copy\/"},"modified":"2026-01-19T10:27:03","modified_gmt":"2026-01-19T10:27:03","slug":"ciagnik-mechaniczny-puzzle-drewniane-342-elementy","status":"publish","type":"product","link":"https:\/\/puzzle3d.co\/pl\/prodotto\/trattore-puzzle-meccanico-legno-342-pezzi\/","title":{"rendered":"Drewniany model traktora do zbudowania - 342 elementy"},"content":{"rendered":"<div>\n<p><strong>Ci\u0105gnik \u2013  Model mechanicznego ci\u0105gnika do samodzielnego z\u0142o\u017cenia \u2013 342 elementy<\/strong><\/p>\n<div>\n<div>B\u0142\u0119dem jest my\u015blenie, \u017ce traktory s\u0105 tylko dla ch\u0142opc\u00f3w i m\u0119\u017cczyzn.<\/div>\n<div><\/div>\n<div>Po z\u0142o\u017ceniu tego modelu b\u0119dziesz postrzega\u0107 go jako prawdziwe dzie\u0142o sztuki. A materia\u0142, z kt\u00f3rego wykonane s\u0105 elementy uk\u0142adanki, drewno, poka\u017ce ci swoj\u0105 prawdziw\u0105 warto\u015b\u0107.<\/div>\n<div><\/div>\n<div>Silnik z gumow\u0105 opask\u0105 umo\u017cliwia jego przesuwanie, otwieranie drzwi i maski. Ci\u0105gnik wygl\u0105da jeszcze lepiej w po\u0142\u0105czeniu z przyczep\u0105, kt\u00f3ra jest dost\u0119pna jako osobny model.<\/div>\n<div><\/div>\n<div>Mo\u017cna j\u0105 \u0142atwo przymocowa\u0107 do ci\u0105gnika za pomoc\u0105 haka, a za pomoc\u0105 d\u017awigni otwiera si\u0119 dok\u0142adnie tak, jak prawdziwa przyczepa.<\/div>\n<div><\/div>\n<div>To uniwersalny prezent, kt\u00f3ry doceni zar\u00f3wno dziecko, jak i doros\u0142y. Ten model zafascynuje wszystkich mi\u0142o\u015bnik\u00f3w puzzli i r\u0119kodzie\u0142a.<\/div>\n<div><\/div>\n<div>Zestaw jest estetyczny i mo\u017ce stanowi\u0107 oryginalny przedmiot dekoracyjny. Wype\u0142nij przyczep\u0119 traw\u0105, ga\u0142\u0105zkami, ziarnami kawy lub czymkolwiek, co przyjdzie Ci do g\u0142owy.<\/div>\n<div><\/div>\n<div>Dzieci pokochaj\u0105 traktor i przyczep\u0119 z uwielbianej gry \"The Farm\", ale wymy\u015bl\u0105 te\u017c nowe zabawy.<\/div>\n<div>Nast\u0119pnie z\u0142\u00f3\u017c, baw si\u0119, podziwiaj i tw\u00f3rz wspomnienia wok\u00f3\u0142 traktora i przyczepy.<\/div>\n<div><\/div>\n<div><\/div>\n<div><strong>SZCZEG\u00d3\u0141Y PRODUKTU:<\/strong><\/div>\n<div>Wymiary modelu: 282*136*175 mm<\/div>\n<div>Wymiary opakowania: 375 x 243 x 30 mm<\/div>\n<div>Liczba sztuk: 342<\/div>\n<\/div>\n<\/div>","protected":false},"excerpt":{"rendered":"<p>Silnik z gumow\u0105 ta\u015bm\u0105 umo\u017cliwia poruszanie nim, otwieranie drzwi i maski.<\/p>","protected":false},"featured_media":1469,"comment_status":"open","ping_status":"closed","template":"","meta":{"slim_seo":{"title":"Drewniany model mekaniczny ci\u0105gnika do zbudowania","description":"Mekaniczny model traktora - silnik z gumk\u0105 umo\u017cliwia jego przesuwanie, otwieranie drzwi i maski. Ci\u0105gnik wygl\u0105da jeszcze lepiej obok przyczepy, kt\u00f3ra jest dost\u0119pna jako osobny model."}},"product_brand":[],"product_cat":[108,89,91,90,73,88,74,76],"product_tag":[],"woo-feed-brand":[],"class_list":{"0":"post-1466","1":"product","2":"type-product","3":"status-publish","4":"has-post-thumbnail","6":"product_cat-modellismo-da-costruire-per-adulti","7":"product_cat-puzzle-meccanici-3d-in-legno","8":"product_cat-puzzle-meccanici-per-adulti","9":"product_cat-puzzle-meccanici-per-bambini","10":"product_cat-puzzle-3d","11":"product_cat-puzzle-3d-adulti","12":"product_cat-puzzle-3d-in-legno","13":"product_cat-puzzle-3d-per-bambini","15":"first","16":"instock","17":"shipping-taxable","18":"purchasable","19":"product-type-simple"},"_links":{"self":[{"href":"https:\/\/puzzle3d.co\/pl\/wp-json\/wp\/v2\/product\/1466","targetHints":{"allow":["GET"]}}],"collection":[{"href":"https:\/\/puzzle3d.co\/pl\/wp-json\/wp\/v2\/product"}],"about":[{"href":"https:\/\/puzzle3d.co\/pl\/wp-json\/wp\/v2\/types\/product"}],"replies":[{"embeddable":true,"href":"https:\/\/puzzle3d.co\/pl\/wp-json\/wp\/v2\/comments?post=1466"}],"wp:featuredmedia":[{"embeddable":true,"href":"https:\/\/puzzle3d.co\/pl\/wp-json\/wp\/v2\/media\/1469"}],"wp:attachment":[{"href":"https:\/\/puzzle3d.co\/pl\/wp-json\/wp\/v2\/media?parent=1466"}],"wp:term":[{"taxonomy":"product_brand","embeddable":true,"href":"https:\/\/puzzle3d.co\/pl\/wp-json\/wp\/v2\/product_brand?post=1466"},{"taxonomy":"product_cat","embeddable":true,"href":"https:\/\/puzzle3d.co\/pl\/wp-json\/wp\/v2\/product_cat?post=1466"},{"taxonomy":"product_tag","embeddable":true,"href":"https:\/\/puzzle3d.co\/pl\/wp-json\/wp\/v2\/product_tag?post=1466"},{"taxonomy":"woo-feed-brand","embeddable":true,"href":"https:\/\/puzzle3d.co\/pl\/wp-json\/wp\/v2\/woo-feed-brand?post=1466"}],"curies":[{"name":"wp","href":"https:\/\/api.w.org\/{rel}","templated":true}]}}