{"id":1454,"date":"2023-03-08T11:51:26","date_gmt":"2023-03-08T11:51:26","guid":{"rendered":"https:\/\/puzzle3d.co\/product\/angrenajul-planetar-puzzle-mecanic-din-lemn-153-piese-copy\/"},"modified":"2026-01-02T05:29:01","modified_gmt":"2026-01-02T05:29:01","slug":"mechaniczny-drewniany-traktor-puzzle-358-elementow","status":"publish","type":"product","link":"https:\/\/puzzle3d.co\/pl\/prodotto\/trattore-puzzle-meccanico-in-legno-358-pezzi\/","title":{"rendered":"Traktor - Mechaniczna uk\u0142adanka drewniana, 358 element\u00f3w"},"content":{"rendered":"<div>\n<p><strong>Model traktora - mechaniczna uk\u0142adanka drewniana, 358 element\u00f3w<\/strong><\/p>\n<div><\/div>\n<\/div>\n<div>\n<div>\n<div>Wczesnym rankiem, na d\u0142ugo przed \u015bwitem, rolnik uruchamia traktor.<\/div>\n<div><\/div>\n<div>Wie, \u017ce traktor jest niezb\u0119dny do jego pracy i utrzymania gospodarstwa i rodziny. Jego g\u0142o\u015bny d\u017awi\u0119k budzi dzieci, kt\u00f3re wci\u0105\u017c \u015bni\u0105 o kr\u00f3liczkach, ale szybko zasypiaj\u0105.<\/div>\n<div><\/div>\n<div>Gdy traktor odje\u017cd\u017ca w kierunku farmy, g\u0142o\u015bny ha\u0142as silnika i k\u00f3\u0142, zmieszany z zapachem oleju nap\u0119dowego, wci\u0105\u017c s\u0142ycha\u0107 z domu.<\/div>\n<div><\/div>\n<div>Na skraju \u015bwie\u017co obsianego pola pszenicy farma budzi si\u0119 do \u017cycia. Tutaj ha\u0142as traktora ju\u017c miesza si\u0119 z \u0107wierkaniem ptak\u00f3w i porannym przes\u0142aniem ukochanych zwierz\u0105t, tworz\u0105c wyj\u0105tkow\u0105 harmoni\u0119.<\/div>\n<div><\/div>\n<div>Po nakarmieniu zwierz\u0105t rolnik rusza traktorem i wraca na wiejsk\u0105 drog\u0119. Teraz jedzie na inne pole, kt\u00f3re zasia\u0142 z wielk\u0105 mi\u0142o\u015bci\u0105. Na tym polu wyro\u015bnie kukurydza. Rolnik jest wdzi\u0119czny swojemu traktorowi, poniewa\u017c mo\u017ce nakarmi\u0107 swoj\u0105 rodzin\u0119 i zwierz\u0119ta hodowlane.<\/div>\n<div><\/div>\n<div>Traktor mo\u017ce by\u0107 zatem postrzegany jako element nowoczesnej technologii, kt\u00f3ra w przyjazny spos\u00f3b wsp\u00f3\u0142dzia\u0142a z natur\u0105, dostosowuj\u0105c si\u0119 do potrzeb cz\u0142owieka i zwierz\u0105t.<\/div>\n<div><\/div>\n<div>Ten wspania\u0142y traktor sk\u0142adaj\u0105cy si\u0119 z 358 drewnianych puzzli zachwyci wszystkich mi\u0142o\u015bnik\u00f3w pojazd\u00f3w, puzzli i wiejskiego \u017cycia.<\/div>\n<div><\/div>\n<div>Dzieci z rado\u015bci\u0105 w\u0142\u0105cz\u0105 go do swoich zabaw w budowanie lub zabaw\u0119 w farm\u0119.<\/div>\n<div><\/div>\n<div>Jest jak prawdziwy miniaturowy traktor. Jeszcze pi\u0119kniejszy, je\u015bli odniesiemy si\u0119 do drewna, z kt\u00f3rego zosta\u0142 wykonany. Traktor porusza si\u0119 w prz\u00f3d i w ty\u0142, a ko\u0142a mog\u0105 skr\u0119ca\u0107 z prawej na lew\u0105 stron\u0119. Maska otwiera si\u0119 i mo\u017cna zobaczy\u0107 cztery cylindry, kt\u00f3re przekszta\u0142caj\u0105 energi\u0119 ciepln\u0105 w energi\u0119 mechaniczn\u0105. Drzwi r\u00f3wnie\u017c si\u0119 otwieraj\u0105, a wej\u015bcie do ci\u0105gnika u\u0142atwiaj\u0105 schody. Salon jest inspirowany prawdziwymi modelami, wi\u0119c nie spos\u00f3b nie zakocha\u0107 si\u0119 w tym modelu. Punktem kulminacyjnym b\u0119dzie uruchomienie ci\u0105gnika za pomoc\u0105 gumowego silnika. Umie\u015b\u0107 w salonie wykwintn\u0105 czekolad\u0119 i wy\u015blij j\u0105 ukochanej osobie za po\u015brednictwem pojazdu.<\/div>\n<div><\/div>\n<div>Jest to pi\u0119kny przedmiot dekoracyjny do pokoju dzieci\u0119cego, ale tak\u017ce do salonu lub biura. B\u0119dzie przyci\u0105ga\u0107 uwag\u0119 i nie wytrzyma d\u0142ugo bez o\u015bwietlenia.<\/div>\n<div><\/div>\n<div>Z\u0142\u00f3\u017c go z dzieckiem, rodzin\u0105 lub przyjaci\u00f3\u0142mi, aby uzyska\u0107 jeszcze lepsze wra\u017cenia!<\/div>\n<div><\/div>\n<div><strong>SZCZEG\u00d3\u0141Y PRODUKTU:<\/strong><\/div>\n<div>Wymiary modelu: 315*173*207 mm<\/div>\n<div>Wymiary opakowania: 375 x 243 x 43 mm<\/div>\n<div><strong>Liczba sztuk: 358<\/strong><\/div>\n<\/div>\n<div><\/div>\n<\/div>","protected":false},"excerpt":{"rendered":"<p>Jest jak prawdziwy miniaturowy traktor. Jeszcze pi\u0119kniejszy, je\u015bli odniesiemy si\u0119 do drewna, z kt\u00f3rego zosta\u0142 wykonany.<\/p>","protected":false},"featured_media":1457,"comment_status":"open","ping_status":"closed","template":"","meta":[],"product_brand":[],"product_cat":[73,88,74,76,89,90,91],"product_tag":[],"woo-feed-brand":[],"class_list":{"0":"post-1454","1":"product","2":"type-product","3":"status-publish","4":"has-post-thumbnail","6":"product_cat-puzzle-3d","7":"product_cat-puzzle-3d-adulti","8":"product_cat-puzzle-3d-in-legno","9":"product_cat-puzzle-3d-per-bambini","10":"product_cat-puzzle-meccanici-3d-in-legno","11":"product_cat-puzzle-meccanici-per-bambini","12":"product_cat-puzzle-meccanici-per-adulti","14":"first","15":"instock","16":"shipping-taxable","17":"purchasable","18":"product-type-simple"},"_links":{"self":[{"href":"https:\/\/puzzle3d.co\/pl\/wp-json\/wp\/v2\/product\/1454","targetHints":{"allow":["GET"]}}],"collection":[{"href":"https:\/\/puzzle3d.co\/pl\/wp-json\/wp\/v2\/product"}],"about":[{"href":"https:\/\/puzzle3d.co\/pl\/wp-json\/wp\/v2\/types\/product"}],"replies":[{"embeddable":true,"href":"https:\/\/puzzle3d.co\/pl\/wp-json\/wp\/v2\/comments?post=1454"}],"wp:featuredmedia":[{"embeddable":true,"href":"https:\/\/puzzle3d.co\/pl\/wp-json\/wp\/v2\/media\/1457"}],"wp:attachment":[{"href":"https:\/\/puzzle3d.co\/pl\/wp-json\/wp\/v2\/media?parent=1454"}],"wp:term":[{"taxonomy":"product_brand","embeddable":true,"href":"https:\/\/puzzle3d.co\/pl\/wp-json\/wp\/v2\/product_brand?post=1454"},{"taxonomy":"product_cat","embeddable":true,"href":"https:\/\/puzzle3d.co\/pl\/wp-json\/wp\/v2\/product_cat?post=1454"},{"taxonomy":"product_tag","embeddable":true,"href":"https:\/\/puzzle3d.co\/pl\/wp-json\/wp\/v2\/product_tag?post=1454"},{"taxonomy":"woo-feed-brand","embeddable":true,"href":"https:\/\/puzzle3d.co\/pl\/wp-json\/wp\/v2\/woo-feed-brand?post=1454"}],"curies":[{"name":"wp","href":"https:\/\/api.w.org\/{rel}","templated":true}]}}