{"id":1441,"date":"2023-03-08T11:10:44","date_gmt":"2023-03-08T11:10:44","guid":{"rendered":"https:\/\/puzzle3d.co\/product\/triceratops-puzzle-mecanic-din-lemn-283-piese-copy\/"},"modified":"2026-01-19T16:26:02","modified_gmt":"2026-01-19T16:26:02","slug":"przekladnia-planetarna-puzzle-mechaniczne-drewno-153-elementy","status":"publish","type":"product","link":"https:\/\/puzzle3d.co\/pl\/prodotto\/ingranaggio-planetario-puzzle-meccanico-legno-153-pezzi\/","title":{"rendered":"Drewniana uk\u0142adanka mechaniczna z przek\u0142adni\u0105 planetarn\u0105, 153 elementy"},"content":{"rendered":"<div>\n<p>Drewniana uk\u0142adanka mechaniczna z przek\u0142adni\u0105 planetarn\u0105, 153 elementy<\/p>\n<div>\n<div>Jak \u0142atwiej zrozumie\u0107 trudne aspekty geometrii i fizyki?<\/div>\n<div><\/div>\n<div>A co z relacjami przestrzennymi mi\u0119dzy obiektami?<\/div>\n<div><\/div>\n<div>Wiem, \u017ce brzmi to skomplikowanie, ale dzi\u0119ki przek\u0142adni planetarnej staje si\u0119 to proste i przyjemne.<\/div>\n<div><\/div>\n<div>Urz\u0105dzenie jest dostarczane z jasnymi instrukcjami i 153 drewnianymi elementami o r\u00f3\u017cnych kszta\u0142tach i rozmiarach. Sk\u0142adanie go b\u0119dzie fascynuj\u0105ce, a gdy model \"o\u017cyje\", nie b\u0119dziesz m\u00f3g\u0142 si\u0119 doczeka\u0107 momentu, w kt\u00f3rym b\u0119dziesz m\u00f3g\u0142 uruchomi\u0107 gumowy silnik.<\/div>\n<div><\/div>\n<div>Ponadto ko\u0142a z\u0119bate mog\u0105 by\u0107 sposobem na poznanie maszyn i urz\u0105dze\u0144 mechanicznych, kt\u00f3re dzia\u0142aj\u0105 w oparciu o szereg k\u00f3\u0142 z\u0119batych obracaj\u0105cych si\u0119 wok\u00f3\u0142 du\u017cego centralnego ko\u0142a.<\/div>\n<div><\/div>\n<div>Nawet nie wyobra\u017casz sobie, jak cz\u0119sto wchodzisz w interakcj\u0119 ze sprz\u0119tem w swoim codziennym \u017cyciu:<\/div>\n<div><\/div>\n<ul>\n<li>Skrzynia bieg\u00f3w zmienia biegi w zale\u017cno\u015bci od prze\u0142o\u017cenia;<\/li>\n<li>Na tej podstawie moc jest przenoszona z peda\u0142\u00f3w na ko\u0142a podczas jazdy na rowerze;<\/li>\n<li>Wiele maszyn przemys\u0142owych uruchamia silniki, pompy i spr\u0119\u017carki za pomoc\u0105 tego mechanizmu;<\/li>\n<li>Maszyny rolnicze i budowlane, takie jak buldo\u017cery, koparki, kombajny zbo\u017cowe, traktory i siewniki nie mog\u0142yby funkcjonowa\u0107 bez narz\u0119dzi.<\/li>\n<\/ul>\n<div><\/div>\n<div>Co ciekawe, drewniane ko\u0142a z\u0119bate, u\u017cywane do przenoszenia mocy w pompach wodnych i obr\u00f3bce metali, pochodz\u0105 z 3000 r. p.n.e..<\/div>\n<div><\/div>\n<div>Jednym z pierwszych naukowc\u00f3w, kt\u00f3rzy zacz\u0119li bada\u0107 i rozumie\u0107 dzia\u0142anie k\u00f3\u0142 z\u0119batych by\u0142 Leonardo da Vinci w XV wieku. Opracowa\u0142 on r\u00f3\u017cne rodzaje k\u00f3\u0142 z\u0119batych i zauwa\u017cy\u0142, \u017ce dzia\u0142aj\u0105 one znacznie wydajniej, gdy sk\u0142adaj\u0105 si\u0119 z kilku z\u0119b\u00f3w.<\/div>\n<div><\/div>\n<div>Puzzle 3Dzauwa\u017cy\u0142 jednak, \u017ce w zespo\u0142ach z bliskimi sprz\u0119t montuje si\u0119 sprawniej i co ciekawe: tam, gdzie jest ich wielu, moc wzrasta!<\/div>\n<div><\/div>\n<div>Jest to idealny prezent dla dzieci w wieku szkolnym, ale tak\u017ce dla doros\u0142ych, zw\u0142aszcza nauczycieli. Zw\u0142aszcza je\u015bli dana osoba pasjonuje si\u0119 in\u017cynieri\u0105, fizyk\u0105, matematyk\u0105 lub po prostu \u0142amig\u0142\u00f3wkami.<\/div>\n<div><\/div>\n<div>Po monta\u017cu mo\u017cesz cieszy\u0107 si\u0119 pi\u0119knym elementem dekoracyjnym do domu lub biura, kt\u00f3ry przyci\u0105gnie uwag\u0119.<\/div>\n<div><\/div>\n<div><\/div>\n<div>SZCZEG\u00d3\u0141Y PRODUKTU:<\/div>\n<div>Wymiary modelu: 247*118*204 mm<\/div>\n<div>Wymiary opakowania: 245*188*30 mm<\/div>\n<div>Liczba sztuk: 153<\/div>\n<\/div>\n<\/div>\n<div>\n<div><\/div>\n<\/div>","protected":false},"excerpt":{"rendered":"<div>Urz\u0105dzenie jest dostarczane z jasnymi instrukcjami i 153 drewnianymi elementami o r\u00f3\u017cnych kszta\u0142tach i rozmiarach. Sk\u0142adanie go b\u0119dzie fascynuj\u0105ce, a gdy model \"o\u017cyje\", nie b\u0119dziesz m\u00f3g\u0142 si\u0119 doczeka\u0107 momentu, w kt\u00f3rym b\u0119dziesz m\u00f3g\u0142 uruchomi\u0107 gumowy silnik.<\/div>\n<p>&nbsp;<\/p>","protected":false},"featured_media":1447,"comment_status":"open","ping_status":"closed","template":"","meta":[],"product_brand":[],"product_cat":[73,88,74,76,89,90,91],"product_tag":[],"woo-feed-brand":[],"class_list":{"0":"post-1441","1":"product","2":"type-product","3":"status-publish","4":"has-post-thumbnail","6":"product_cat-puzzle-3d","7":"product_cat-puzzle-3d-adulti","8":"product_cat-puzzle-3d-in-legno","9":"product_cat-puzzle-3d-per-bambini","10":"product_cat-puzzle-meccanici-3d-in-legno","11":"product_cat-puzzle-meccanici-per-bambini","12":"product_cat-puzzle-meccanici-per-adulti","14":"first","15":"instock","16":"shipping-taxable","17":"purchasable","18":"product-type-simple"},"_links":{"self":[{"href":"https:\/\/puzzle3d.co\/pl\/wp-json\/wp\/v2\/product\/1441","targetHints":{"allow":["GET"]}}],"collection":[{"href":"https:\/\/puzzle3d.co\/pl\/wp-json\/wp\/v2\/product"}],"about":[{"href":"https:\/\/puzzle3d.co\/pl\/wp-json\/wp\/v2\/types\/product"}],"replies":[{"embeddable":true,"href":"https:\/\/puzzle3d.co\/pl\/wp-json\/wp\/v2\/comments?post=1441"}],"wp:featuredmedia":[{"embeddable":true,"href":"https:\/\/puzzle3d.co\/pl\/wp-json\/wp\/v2\/media\/1447"}],"wp:attachment":[{"href":"https:\/\/puzzle3d.co\/pl\/wp-json\/wp\/v2\/media?parent=1441"}],"wp:term":[{"taxonomy":"product_brand","embeddable":true,"href":"https:\/\/puzzle3d.co\/pl\/wp-json\/wp\/v2\/product_brand?post=1441"},{"taxonomy":"product_cat","embeddable":true,"href":"https:\/\/puzzle3d.co\/pl\/wp-json\/wp\/v2\/product_cat?post=1441"},{"taxonomy":"product_tag","embeddable":true,"href":"https:\/\/puzzle3d.co\/pl\/wp-json\/wp\/v2\/product_tag?post=1441"},{"taxonomy":"woo-feed-brand","embeddable":true,"href":"https:\/\/puzzle3d.co\/pl\/wp-json\/wp\/v2\/woo-feed-brand?post=1441"}],"curies":[{"name":"wp","href":"https:\/\/api.w.org\/{rel}","templated":true}]}}